{"id":2342,"date":"2018-03-19T16:37:52","date_gmt":"2018-03-19T16:37:52","guid":{"rendered":"https:\/\/legumbresmartinez.es\/contact\/"},"modified":"2025-04-30T10:01:03","modified_gmt":"2025-04-30T10:01:03","slug":"contact","status":"publish","type":"page","link":"https:\/\/legumbresmartinez.es\/en\/contact\/","title":{"rendered":"Contact"},"content":{"rendered":"<p>[et_pb_section bb_built=&#8221;1&#8243; fullwidth=&#8221;on&#8221; _builder_version=&#8221;3.0.105&#8243; background_image=&#8221;https:\/\/legumbresmartinez.es\/wp-content\/uploads\/2019\/07\/contacto.jpg&#8221; next_background_color=&#8221;#000000&#8243; background_position=&#8221;top_left&#8221;][et_pb_fullwidth_header title=&#8221;Contact&#8221; text_orientation=&#8221;center&#8221; scroll_down_icon_color=&#8221;#ffffff&#8221; scroll_down_icon_size=&#8221;30px&#8221; _builder_version=&#8221;3.0.105&#8243; title_font=&#8221;Satisfy||||||||&#8221; title_font_size=&#8221;80px&#8221; title_font_size_tablet=&#8221;60px&#8221; title_font_size_phone=&#8221;32px&#8221; title_font_size_last_edited=&#8221;on|phone&#8221; title_line_height=&#8221;1.5em&#8221; subhead_font=&#8221;Satisfy||||||||&#8221; subhead_font_size=&#8221;48&#8243; subhead_line_height=&#8221;1.2em&#8221; header_fullscreen=&#8221;off&#8221; header_scroll_down=&#8221;off&#8221; image_orientation=&#8221;center&#8221; background_layout=&#8221;dark&#8221; content_orientation=&#8221;center&#8221; custom_button_two=&#8221;off&#8221; button_two_icon_placement=&#8221;right&#8221; custom_button_one=&#8221;off&#8221; button_one_icon_placement=&#8221;right&#8221; \/][\/et_pb_section][et_pb_section bb_built=&#8221;1&#8243; _builder_version=&#8221;3.0.47&#8243; prev_background_color=&#8221;#000000&#8243; next_background_color=&#8221;#000000&#8243;][et_pb_row _builder_version=&#8221;3.0.47&#8243; background_size=&#8221;initial&#8221; background_position=&#8221;top_left&#8221; background_repeat=&#8221;repeat&#8221;][et_pb_column type=&#8221;1_2&#8243;][et_pb_text _builder_version=&#8221;3.0.105&#8243; background_layout=&#8221;light&#8221;]<\/p>\n<h2>GINES MART\u00cdNEZ E HIJOS, S.L.<\/h2>\n<p>Camino Real, 51<br \/>\n02620 MINAYA (Albacete)<\/p>\n<p>Office Phone. 967 45 01 95<br \/>\nFax.   967 44 80 66<\/p>\n<p>gines@legumbresmartinez.com<\/p>\n<p>[\/et_pb_text][\/et_pb_column][et_pb_column type=&#8221;1_2&#8243;][et_pb_text _builder_version=&#8221;3.0.105&#8243; background_layout=&#8221;light&#8221;]<\/p>\n<h4>Please fill out the form below and we will get back to you as soon as possible.<\/h4>\n<p>[\/et_pb_text][et_pb_contact_form _builder_version=&#8221;3.0.105&#8243; module_id=&#8221;et_pb_contact_form_0&#8243; captcha=&#8221;on&#8221; use_redirect=&#8221;off&#8221; custom_button=&#8221;off&#8221; button_icon_placement=&#8221;right&#8221; custom_css_contact_fields=&#8221;border-radius:20px;||-moz-border-radius:20px;||-webkit-border-radius:20px;&#8221; custom_css_text_field=&#8221;border-radius:20px;||-moz-border-radius:20px;||-webkit-border-radius:20px;&#8221; border_width_all=&#8221;1px&#8221; border_color_all=&#8221;#211a6c&#8221; form_field_font_size=&#8221;16&#8243; form_field_text_color=&#8221;#211a6c&#8221; email=&#8221;gines@legumbresmartinez.com&#8221;][et_pb_contact_field field_id=&#8221;Name&#8221; field_title=&#8221;NAME *&#8221; _builder_version=&#8221;3.0.105&#8243; field_type=&#8221;input&#8221; checkbox_checked=&#8221;off&#8221; checkbox_options=&#8221;%91{%22value%22:%22Name*%22,%22checked%22:0}%93&#8243; radio_options=&#8221;%91{%22value%22:%22Name*%22,%22checked%22:0}%93&#8243; select_options=&#8221;%91{%22value%22:%22Name*%22,%22checked%22:0}%93&#8243; min_length=&#8221;0&#8243; max_length=&#8221;0&#8243; allowed_symbols=&#8221;all&#8221; required_mark=&#8221;on&#8221; conditional_logic=&#8221;off&#8221; conditional_logic_relation=&#8221;off&#8221; conditional_logic_rules=&#8221;%91{%22field%22:%22tel\u00e9fono%22,%22condition%22:%22is%22,%22value%22:%22%22}%93&#8243; use_background_color_gradient=&#8221;off&#8221; background_color_gradient_start=&#8221;#2b87da&#8221; background_color_gradient_end=&#8221;#29c4a9&#8243; background_color_gradient_type=&#8221;linear&#8221; background_color_gradient_direction=&#8221;180deg&#8221; background_color_gradient_direction_radial=&#8221;center&#8221; background_color_gradient_start_position=&#8221;0%&#8221; background_color_gradient_end_position=&#8221;100%&#8221; background_color_gradient_overlays_image=&#8221;off&#8221; parallax=&#8221;off&#8221; parallax_method=&#8221;on&#8221; background_size=&#8221;cover&#8221; background_position=&#8221;center&#8221; background_repeat=&#8221;no-repeat&#8221; background_blend=&#8221;normal&#8221; allow_player_pause=&#8221;off&#8221; background_video_pause_outside_viewport=&#8221;on&#8221; fullwidth_field=&#8221;on&#8221; form_field_text_shadow_style=&#8221;none&#8221; box_shadow_style=&#8221;none&#8221; form_field_text_shadow_horizontal_length=&#8221;0em&#8221; form_field_text_shadow_vertical_length=&#8221;0em&#8221; form_field_text_shadow_blur_strength=&#8221;0em&#8221; \/][et_pb_contact_field field_id=&#8221;Tel\u00e9fono&#8221; field_title=&#8221;PHONE*&#8221; _builder_version=&#8221;3.0.105&#8243; field_type=&#8221;input&#8221; checkbox_checked=&#8221;off&#8221; checkbox_options=&#8221;%91{%22value%22:%22Phone*%22,%22checked%22:0}%93&#8243; radio_options=&#8221;%91{%22value%22:%22Phone*%22,%22checked%22:0}%93&#8243; select_options=&#8221;%91{%22value%22:%22Phone*%22,%22checked%22:0}%93&#8243; min_length=&#8221;0&#8243; max_length=&#8221;0&#8243; allowed_symbols=&#8221;all&#8221; required_mark=&#8221;on&#8221; conditional_logic=&#8221;off&#8221; conditional_logic_relation=&#8221;off&#8221; conditional_logic_rules=&#8221;%91{%22field%22:%22name%22,%22condition%22:%22is%22,%22value%22:%22%22}%93&#8243; use_background_color_gradient=&#8221;off&#8221; background_color_gradient_start=&#8221;#2b87da&#8221; background_color_gradient_end=&#8221;#29c4a9&#8243; background_color_gradient_type=&#8221;linear&#8221; background_color_gradient_direction=&#8221;180deg&#8221; background_color_gradient_direction_radial=&#8221;center&#8221; background_color_gradient_start_position=&#8221;0%&#8221; background_color_gradient_end_position=&#8221;100%&#8221; background_color_gradient_overlays_image=&#8221;off&#8221; parallax=&#8221;off&#8221; parallax_method=&#8221;on&#8221; background_size=&#8221;cover&#8221; background_position=&#8221;center&#8221; background_repeat=&#8221;no-repeat&#8221; background_blend=&#8221;normal&#8221; allow_player_pause=&#8221;off&#8221; background_video_pause_outside_viewport=&#8221;on&#8221; fullwidth_field=&#8221;off&#8221; form_field_text_shadow_style=&#8221;none&#8221; box_shadow_style=&#8221;none&#8221; form_field_text_shadow_horizontal_length=&#8221;0em&#8221; form_field_text_shadow_vertical_length=&#8221;0em&#8221; form_field_text_shadow_blur_strength=&#8221;0em&#8221; \/][et_pb_contact_field field_id=&#8221;Email&#8221; field_title=&#8221;EMAIL *&#8221; field_type=&#8221;email&#8221; fullwidth_field=&#8221;off&#8221; _builder_version=&#8221;3.0.105&#8243; checkbox_checked=&#8221;off&#8221; checkbox_options=&#8221;%91{%22value%22:%22Email%22,%22checked%22:0}%93&#8243; radio_options=&#8221;%91{%22value%22:%22Email%22,%22checked%22:0}%93&#8243; select_options=&#8221;%91{%22value%22:%22Email%22,%22checked%22:0}%93&#8243; min_length=&#8221;0&#8243; max_length=&#8221;0&#8243; allowed_symbols=&#8221;all&#8221; required_mark=&#8221;on&#8221; conditional_logic=&#8221;off&#8221; conditional_logic_relation=&#8221;off&#8221; conditional_logic_rules=&#8221;%91{%22field%22:%22name%22,%22condition%22:%22is%22,%22value%22:%22%22}%93&#8243; use_background_color_gradient=&#8221;off&#8221; background_color_gradient_start=&#8221;#2b87da&#8221; background_color_gradient_end=&#8221;#29c4a9&#8243; background_color_gradient_type=&#8221;linear&#8221; background_color_gradient_direction=&#8221;180deg&#8221; background_color_gradient_direction_radial=&#8221;center&#8221; background_color_gradient_start_position=&#8221;0%&#8221; background_color_gradient_end_position=&#8221;100%&#8221; background_color_gradient_overlays_image=&#8221;off&#8221; parallax=&#8221;off&#8221; parallax_method=&#8221;on&#8221; background_size=&#8221;cover&#8221; background_position=&#8221;center&#8221; background_repeat=&#8221;no-repeat&#8221; background_blend=&#8221;normal&#8221; allow_player_pause=&#8221;off&#8221; background_video_pause_outside_viewport=&#8221;on&#8221; form_field_text_shadow_style=&#8221;none&#8221; box_shadow_style=&#8221;none&#8221; form_field_text_shadow_horizontal_length=&#8221;0em&#8221; form_field_text_shadow_vertical_length=&#8221;0em&#8221; form_field_text_shadow_blur_strength=&#8221;0em&#8221; \/][et_pb_contact_field field_id=&#8221;Message&#8221; field_title=&#8221;MESSAGE *&#8221; field_type=&#8221;text&#8221; required_mark=&#8221;on&#8221; fullwidth_field=&#8221;on&#8221; _builder_version=&#8221;3.0.105&#8243; checkbox_checked=&#8221;off&#8221; checkbox_options=&#8221;%91{%22value%22:%22Message%22,%22checked%22:0}%93&#8243; radio_options=&#8221;%91{%22value%22:%22Message%22,%22checked%22:0}%93&#8243; select_options=&#8221;%91{%22value%22:%22Message%22,%22checked%22:0}%93&#8243; min_length=&#8221;0&#8243; max_length=&#8221;0&#8243; allowed_symbols=&#8221;all&#8221; conditional_logic=&#8221;off&#8221; conditional_logic_relation=&#8221;off&#8221; conditional_logic_rules=&#8221;%91{%22field%22:%22name%22,%22condition%22:%22is%22,%22value%22:%22%22}%93&#8243; use_background_color_gradient=&#8221;off&#8221; background_color_gradient_start=&#8221;#2b87da&#8221; background_color_gradient_end=&#8221;#29c4a9&#8243; background_color_gradient_type=&#8221;linear&#8221; background_color_gradient_direction=&#8221;180deg&#8221; background_color_gradient_direction_radial=&#8221;center&#8221; background_color_gradient_start_position=&#8221;0%&#8221; background_color_gradient_end_position=&#8221;100%&#8221; background_color_gradient_overlays_image=&#8221;off&#8221; parallax=&#8221;off&#8221; parallax_method=&#8221;on&#8221; background_size=&#8221;cover&#8221; background_position=&#8221;center&#8221; background_repeat=&#8221;no-repeat&#8221; background_blend=&#8221;normal&#8221; allow_player_pause=&#8221;off&#8221; background_video_pause_outside_viewport=&#8221;on&#8221; form_field_text_shadow_style=&#8221;none&#8221; box_shadow_style=&#8221;none&#8221; \/][et_pb_contact_field _builder_version=&#8221;3.0.105&#8243; field_id=&#8221;sus_datos_seguros&#8221; field_type=&#8221;checkbox&#8221; checkbox_checked=&#8221;off&#8221; checkbox_options=&#8221;%91{%22value%22:%22I consent to the use of my data for the purposes indicated in \u201cYOUR DATA IS SAFE\u201d%22,%22checked%22:0}%93&#8243; radio_options=&#8221;%91{%22value%22:%22%22,%22checked%22:0}%93&#8243; select_options=&#8221;%91{%22value%22:%22%22,%22checked%22:0}%93&#8243; min_length=&#8221;0&#8243; max_length=&#8221;0&#8243; allowed_symbols=&#8221;all&#8221; required_mark=&#8221;on&#8221; conditional_logic=&#8221;off&#8221; conditional_logic_relation=&#8221;off&#8221; conditional_logic_rules=&#8221;%91{%22field%22:%22name%22,%22condition%22:%22is%22,%22value%22:%22%22}%93&#8243; use_background_color_gradient=&#8221;off&#8221; background_color_gradient_start=&#8221;#2b87da&#8221; background_color_gradient_end=&#8221;#29c4a9&#8243; background_color_gradient_type=&#8221;linear&#8221; background_color_gradient_direction=&#8221;180deg&#8221; background_color_gradient_direction_radial=&#8221;center&#8221; background_color_gradient_start_position=&#8221;0%&#8221; background_color_gradient_end_position=&#8221;100%&#8221; background_color_gradient_overlays_image=&#8221;off&#8221; parallax=&#8221;off&#8221; parallax_method=&#8221;on&#8221; background_size=&#8221;cover&#8221; background_position=&#8221;center&#8221; background_repeat=&#8221;no-repeat&#8221; background_blend=&#8221;normal&#8221; allow_player_pause=&#8221;off&#8221; background_video_pause_outside_viewport=&#8221;on&#8221; fullwidth_field=&#8221;on&#8221; form_field_text_shadow_style=&#8221;none&#8221; box_shadow_style=&#8221;none&#8221; form_field_text_shadow_horizontal_length=&#8221;0em&#8221; form_field_text_shadow_vertical_length=&#8221;0em&#8221; form_field_text_shadow_blur_strength=&#8221;0em&#8221; field_title=&#8221;YOUR DATA IS SAFE *&#8221; \/][\/et_pb_contact_form][\/et_pb_column][\/et_pb_row][\/et_pb_section][et_pb_section bb_built=&#8221;1&#8243; _builder_version=&#8221;3.0.105&#8243; custom_padding=&#8221;0px|0px|0px|0px&#8221; prev_background_color=&#8221;#000000&#8243; border_color_top=&#8221;#fff500&#8243;][et_pb_row make_fullwidth=&#8221;on&#8221; use_custom_gutter=&#8221;on&#8221; gutter_width=&#8221;1&#8243; _builder_version=&#8221;3.0.105&#8243; module_alignment=&#8221;center&#8221; custom_padding=&#8221;2px|0px|3px|0px&#8221;][et_pb_column type=&#8221;4_4&#8243;][et_pb_map address=&#8221;Calle Real, 51, 02620 Minaya, Albacete, Espa\u00f1a&#8221; address_lat=&#8221;39.2735349&#8243; address_lng=&#8221;-2.324708200000032&#8243; _builder_version=&#8221;3.0.105&#8243; mouse_wheel=&#8221;off&#8221; mobile_dragging=&#8221;off&#8221; use_grayscale_filter=&#8221;off&#8221;][et_pb_map_pin title=&#8221;Legumbres Mart\u00ednez&#8221; pin_address=&#8221;Calle Real, 51, 02620 Minaya, Albacete, Espa\u00f1a&#8221; pin_address_lat=&#8221;39.2735349&#8243; pin_address_lng=&#8221;-2.324708200000032&#8243; _builder_version=&#8221;3.0.105&#8243;][\/et_pb_map_pin][\/et_pb_map][\/et_pb_column][\/et_pb_row][\/et_pb_section]<\/p>\n","protected":false},"excerpt":{"rendered":"<p>[et_pb_section bb_built=&#8221;1&#8243; fullwidth=&#8221;on&#8221; _builder_version=&#8221;3.0.105&#8243; background_image=&#8221;https:\/\/legumbresmartinez.es\/wp-content\/uploads\/2019\/07\/contacto.jpg&#8221; next_background_color=&#8221;#000000&#8243; background_position=&#8221;top_left&#8221;][et_pb_fullwidth_header title=&#8221;Contact&#8221; text_orientation=&#8221;center&#8221; scroll_down_icon_color=&#8221;#ffffff&#8221; scroll_down_icon_size=&#8221;30px&#8221; _builder_version=&#8221;3.0.105&#8243; title_font=&#8221;Satisfy||||||||&#8221; title_font_size=&#8221;80px&#8221; title_font_size_tablet=&#8221;60px&#8221; title_font_size_phone=&#8221;32px&#8221; title_font_size_last_edited=&#8221;on|phone&#8221; title_line_height=&#8221;1.5em&#8221; subhead_font=&#8221;Satisfy||||||||&#8221; subhead_font_size=&#8221;48&#8243; subhead_line_height=&#8221;1.2em&#8221; header_fullscreen=&#8221;off&#8221; header_scroll_down=&#8221;off&#8221; image_orientation=&#8221;center&#8221; background_layout=&#8221;dark&#8221; content_orientation=&#8221;center&#8221; custom_button_two=&#8221;off&#8221; button_two_icon_placement=&#8221;right&#8221; custom_button_one=&#8221;off&#8221; button_one_icon_placement=&#8221;right&#8221; \/][\/et_pb_section][et_pb_section bb_built=&#8221;1&#8243; _builder_version=&#8221;3.0.47&#8243; prev_background_color=&#8221;#000000&#8243; next_background_color=&#8221;#000000&#8243;][et_pb_row _builder_version=&#8221;3.0.47&#8243; background_size=&#8221;initial&#8221; background_position=&#8221;top_left&#8221; background_repeat=&#8221;repeat&#8221;][et_pb_column type=&#8221;1_2&#8243;][et_pb_text _builder_version=&#8221;3.0.105&#8243; background_layout=&#8221;light&#8221;] GINES MART\u00cdNEZ E HIJOS, S.L. Camino Real, 51 02620 MINAYA (Albacete) Office Phone. [&hellip;]<\/p>\n","protected":false},"author":4,"featured_media":0,"parent":0,"menu_order":0,"comment_status":"closed","ping_status":"closed","template":"","meta":{"footnotes":""},"class_list":["post-2342","page","type-page","status-publish","hentry"],"yoast_head":"<!-- This site is optimized with the Yoast SEO plugin v27.4 - https:\/\/yoast.com\/product\/yoast-seo-wordpress\/ -->\n<title>Contact - Legumbres Martinez - Tradici\u00f3n familiar<\/title>\n<meta name=\"robots\" content=\"index, follow, max-snippet:-1, max-image-preview:large, max-video-preview:-1\" \/>\n<link rel=\"canonical\" href=\"https:\/\/legumbresmartinez.es\/en\/contact\/\" \/>\n<meta property=\"og:locale\" content=\"en_US\" \/>\n<meta property=\"og:type\" content=\"article\" \/>\n<meta property=\"og:title\" content=\"Contact - Legumbres Martinez - Tradici\u00f3n familiar\" \/>\n<meta property=\"og:description\" content=\"[et_pb_section bb_built=&#8221;1&#8243; fullwidth=&#8221;on&#8221; _builder_version=&#8221;3.0.105&#8243; background_image=&#8221;https:\/\/legumbresmartinez.es\/wp-content\/uploads\/2019\/07\/contacto.jpg&#8221; next_background_color=&#8221;#000000&#8243; background_position=&#8221;top_left&#8221;][et_pb_fullwidth_header title=&#8221;Contact&#8221; text_orientation=&#8221;center&#8221; scroll_down_icon_color=&#8221;#ffffff&#8221; scroll_down_icon_size=&#8221;30px&#8221; _builder_version=&#8221;3.0.105&#8243; title_font=&#8221;Satisfy||||||||&#8221; title_font_size=&#8221;80px&#8221; title_font_size_tablet=&#8221;60px&#8221; title_font_size_phone=&#8221;32px&#8221; title_font_size_last_edited=&#8221;on|phone&#8221; title_line_height=&#8221;1.5em&#8221; subhead_font=&#8221;Satisfy||||||||&#8221; subhead_font_size=&#8221;48&#8243; subhead_line_height=&#8221;1.2em&#8221; header_fullscreen=&#8221;off&#8221; header_scroll_down=&#8221;off&#8221; image_orientation=&#8221;center&#8221; background_layout=&#8221;dark&#8221; content_orientation=&#8221;center&#8221; custom_button_two=&#8221;off&#8221; button_two_icon_placement=&#8221;right&#8221; custom_button_one=&#8221;off&#8221; button_one_icon_placement=&#8221;right&#8221; \/][\/et_pb_section][et_pb_section bb_built=&#8221;1&#8243; _builder_version=&#8221;3.0.47&#8243; prev_background_color=&#8221;#000000&#8243; next_background_color=&#8221;#000000&#8243;][et_pb_row _builder_version=&#8221;3.0.47&#8243; background_size=&#8221;initial&#8221; background_position=&#8221;top_left&#8221; background_repeat=&#8221;repeat&#8221;][et_pb_column type=&#8221;1_2&#8243;][et_pb_text _builder_version=&#8221;3.0.105&#8243; background_layout=&#8221;light&#8221;] GINES MART\u00cdNEZ E HIJOS, S.L. Camino Real, 51 02620 MINAYA (Albacete) Office Phone. [&hellip;]\" \/>\n<meta property=\"og:url\" content=\"https:\/\/legumbresmartinez.es\/en\/contact\/\" \/>\n<meta property=\"og:site_name\" content=\"Legumbres Martinez - Tradici\u00f3n familiar\" \/>\n<meta property=\"article:modified_time\" content=\"2025-04-30T10:01:03+00:00\" \/>\n<meta name=\"twitter:card\" content=\"summary_large_image\" \/>\n<meta name=\"twitter:label1\" content=\"Est. reading time\" \/>\n\t<meta name=\"twitter:data1\" content=\"6 minutes\" \/>\n<!-- \/ Yoast SEO plugin. -->","yoast_head_json":{"title":"Contact - Legumbres Martinez - Tradici\u00f3n familiar","robots":{"index":"index","follow":"follow","max-snippet":"max-snippet:-1","max-image-preview":"max-image-preview:large","max-video-preview":"max-video-preview:-1"},"canonical":"https:\/\/legumbresmartinez.es\/en\/contact\/","og_locale":"en_US","og_type":"article","og_title":"Contact - Legumbres Martinez - Tradici\u00f3n familiar","og_description":"[et_pb_section bb_built=&#8221;1&#8243; fullwidth=&#8221;on&#8221; _builder_version=&#8221;3.0.105&#8243; background_image=&#8221;https:\/\/legumbresmartinez.es\/wp-content\/uploads\/2019\/07\/contacto.jpg&#8221; next_background_color=&#8221;#000000&#8243; background_position=&#8221;top_left&#8221;][et_pb_fullwidth_header title=&#8221;Contact&#8221; text_orientation=&#8221;center&#8221; scroll_down_icon_color=&#8221;#ffffff&#8221; scroll_down_icon_size=&#8221;30px&#8221; _builder_version=&#8221;3.0.105&#8243; title_font=&#8221;Satisfy||||||||&#8221; title_font_size=&#8221;80px&#8221; title_font_size_tablet=&#8221;60px&#8221; title_font_size_phone=&#8221;32px&#8221; title_font_size_last_edited=&#8221;on|phone&#8221; title_line_height=&#8221;1.5em&#8221; subhead_font=&#8221;Satisfy||||||||&#8221; subhead_font_size=&#8221;48&#8243; subhead_line_height=&#8221;1.2em&#8221; header_fullscreen=&#8221;off&#8221; header_scroll_down=&#8221;off&#8221; image_orientation=&#8221;center&#8221; background_layout=&#8221;dark&#8221; content_orientation=&#8221;center&#8221; custom_button_two=&#8221;off&#8221; button_two_icon_placement=&#8221;right&#8221; custom_button_one=&#8221;off&#8221; button_one_icon_placement=&#8221;right&#8221; \/][\/et_pb_section][et_pb_section bb_built=&#8221;1&#8243; _builder_version=&#8221;3.0.47&#8243; prev_background_color=&#8221;#000000&#8243; next_background_color=&#8221;#000000&#8243;][et_pb_row _builder_version=&#8221;3.0.47&#8243; background_size=&#8221;initial&#8221; background_position=&#8221;top_left&#8221; background_repeat=&#8221;repeat&#8221;][et_pb_column type=&#8221;1_2&#8243;][et_pb_text _builder_version=&#8221;3.0.105&#8243; background_layout=&#8221;light&#8221;] GINES MART\u00cdNEZ E HIJOS, S.L. Camino Real, 51 02620 MINAYA (Albacete) Office Phone. [&hellip;]","og_url":"https:\/\/legumbresmartinez.es\/en\/contact\/","og_site_name":"Legumbres Martinez - Tradici\u00f3n familiar","article_modified_time":"2025-04-30T10:01:03+00:00","twitter_card":"summary_large_image","twitter_misc":{"Est. reading time":"6 minutes"},"schema":{"@context":"https:\/\/schema.org","@graph":[{"@type":"WebPage","@id":"https:\/\/legumbresmartinez.es\/en\/contact\/","url":"https:\/\/legumbresmartinez.es\/en\/contact\/","name":"Contact - Legumbres Martinez - Tradici\u00f3n familiar","isPartOf":{"@id":"https:\/\/legumbresmartinez.es\/#website"},"datePublished":"2018-03-19T16:37:52+00:00","dateModified":"2025-04-30T10:01:03+00:00","breadcrumb":{"@id":"https:\/\/legumbresmartinez.es\/en\/contact\/#breadcrumb"},"inLanguage":"en-US","potentialAction":[{"@type":"ReadAction","target":["https:\/\/legumbresmartinez.es\/en\/contact\/"]}]},{"@type":"BreadcrumbList","@id":"https:\/\/legumbresmartinez.es\/en\/contact\/#breadcrumb","itemListElement":[{"@type":"ListItem","position":1,"name":"Portada","item":"https:\/\/legumbresmartinez.es\/"},{"@type":"ListItem","position":2,"name":"Contact"}]},{"@type":"WebSite","@id":"https:\/\/legumbresmartinez.es\/#website","url":"https:\/\/legumbresmartinez.es\/","name":"Legumbres Martinez - Tradici\u00f3n familiar","description":"Selecci\u00f3n de las mejores legumbres de Castilla - La Mancha, Castilla y Le\u00f3n, Andaluc\u00eda y otras procedencias","publisher":{"@id":"https:\/\/legumbresmartinez.es\/#organization"},"potentialAction":[{"@type":"SearchAction","target":{"@type":"EntryPoint","urlTemplate":"https:\/\/legumbresmartinez.es\/?s={search_term_string}"},"query-input":{"@type":"PropertyValueSpecification","valueRequired":true,"valueName":"search_term_string"}}],"inLanguage":"en-US"},{"@type":"Organization","@id":"https:\/\/legumbresmartinez.es\/#organization","name":"Legumbres Mart\u00ednez","url":"https:\/\/legumbresmartinez.es\/","logo":{"@type":"ImageObject","inLanguage":"en-US","@id":"https:\/\/legumbresmartinez.es\/#\/schema\/logo\/image\/","url":"https:\/\/legumbresmartinez.es\/wp-content\/uploads\/2018\/02\/logotipo-legumbres-gines-martinez.png","contentUrl":"https:\/\/legumbresmartinez.es\/wp-content\/uploads\/2018\/02\/logotipo-legumbres-gines-martinez.png","width":214,"height":181,"caption":"Legumbres Mart\u00ednez"},"image":{"@id":"https:\/\/legumbresmartinez.es\/#\/schema\/logo\/image\/"}}]}},"_links":{"self":[{"href":"https:\/\/legumbresmartinez.es\/en\/wp-json\/wp\/v2\/pages\/2342","targetHints":{"allow":["GET"]}}],"collection":[{"href":"https:\/\/legumbresmartinez.es\/en\/wp-json\/wp\/v2\/pages"}],"about":[{"href":"https:\/\/legumbresmartinez.es\/en\/wp-json\/wp\/v2\/types\/page"}],"author":[{"embeddable":true,"href":"https:\/\/legumbresmartinez.es\/en\/wp-json\/wp\/v2\/users\/4"}],"replies":[{"embeddable":true,"href":"https:\/\/legumbresmartinez.es\/en\/wp-json\/wp\/v2\/comments?post=2342"}],"version-history":[{"count":2,"href":"https:\/\/legumbresmartinez.es\/en\/wp-json\/wp\/v2\/pages\/2342\/revisions"}],"predecessor-version":[{"id":2344,"href":"https:\/\/legumbresmartinez.es\/en\/wp-json\/wp\/v2\/pages\/2342\/revisions\/2344"}],"wp:attachment":[{"href":"https:\/\/legumbresmartinez.es\/en\/wp-json\/wp\/v2\/media?parent=2342"}],"curies":[{"name":"wp","href":"https:\/\/api.w.org\/{rel}","templated":true}]}}