{"id":2348,"date":"2018-03-19T12:03:29","date_gmt":"2018-03-19T12:03:29","guid":{"rendered":"https:\/\/legumbresmartinez.es\/who-are-we\/"},"modified":"2025-05-06T10:23:23","modified_gmt":"2025-05-06T10:23:23","slug":"who-are-we","status":"publish","type":"page","link":"https:\/\/legumbresmartinez.es\/en\/who-are-we\/","title":{"rendered":"Who we are"},"content":{"rendered":"<p>[et_pb_section bb_built=&#8221;1&#8243; fullwidth=&#8221;on&#8221; _builder_version=&#8221;3.0.105&#8243; background_image=&#8221;https:\/\/legumbresmartinez.es\/wp-content\/uploads\/2018\/03\/naves-legumbres-martinez-2.jpg&#8221; background_position=&#8221;top_left&#8221; next_background_color=&#8221;#000000&#8243;][et_pb_fullwidth_header title=&#8221;Gin\u00e9s Mart\u00ednez e Hijos&#8221; subhead=&#8221;Flavour is our tradition&#8221; background_layout=&#8221;dark&#8221; text_orientation=&#8221;center&#8221; scroll_down_icon_color=&#8221;#ffffff&#8221; scroll_down_icon_size=&#8221;31px&#8221; background_overlay_color=&#8221;rgba(33,26,108,0.18)&#8221; _builder_version=&#8221;3.0.105&#8243; title_font=&#8221;Satisfy||||||||&#8221; title_font_size=&#8221;80px&#8221; title_font_size_tablet=&#8221;60px&#8221; title_font_size_phone=&#8221;32px&#8221; title_font_size_last_edited=&#8221;on|phone&#8221; title_line_height=&#8221;1.5em&#8221; subhead_font=&#8221;Satisfy||||||||&#8221; subhead_font_size=&#8221;48&#8243; subhead_line_height=&#8221;1.2em&#8221; header_fullscreen=&#8221;off&#8221; header_scroll_down=&#8221;off&#8221; image_orientation=&#8221;center&#8221; content_orientation=&#8221;center&#8221; custom_button_two=&#8221;off&#8221; button_two_icon_placement=&#8221;right&#8221; custom_button_one=&#8221;off&#8221; button_one_icon_placement=&#8221;right&#8221; \/][\/et_pb_section][et_pb_section bb_built=&#8221;1&#8243; _builder_version=&#8221;3.0.47&#8243; custom_padding=&#8221;57px|0px|0px|0px&#8221; prev_background_color=&#8221;#000000&#8243; next_background_color=&#8221;#000000&#8243;][et_pb_row _builder_version=&#8221;3.0.105&#8243; background_size=&#8221;initial&#8221; background_position=&#8221;top_left&#8221; background_repeat=&#8221;repeat&#8221; width_unit=&#8221;off&#8221; custom_width_percent=&#8221;60%&#8221;][et_pb_column type=&#8221;2_3&#8243;][et_pb_text admin_label=&#8221;Tradici\u00f3n familiar&#8221; _builder_version=&#8221;3.0.105&#8243; background_layout=&#8221;light&#8221; module_class=&#8221;texto_grande&#8221;]<\/p>\n<h2>Since 1965<\/h2>\n<p>Our origins date back to the 1960s, when Gin\u00e9s Mart\u00ednez began his journey in the world of legumes, drawing on everything he had learned and experienced up to that point. Later, and as it should be, he passed on his knowledge and dedication to his sons, Jos\u00e9 Dami\u00e1n and Antonio Gin\u00e9s. <\/p>\n<p>With his experience gained across Spain, Gin\u00e9s Mart\u00ednez chose to settle in Minaya, right in the heart of La Mancha. Our region is fortunate to produce some of the finest lentils. Strategically located between Valencia\u2014one of the Mediterranean&#8217;s most important ports\u2014and Madrid, our roots remain firmly in agriculture and the land. This deep connection allows us to truly understand every one of our products.<\/p>\n<p>[\/et_pb_text][\/et_pb_column][et_pb_column type=&#8221;1_3&#8243;][et_pb_gallery _builder_version=&#8221;3.0.105&#8243; posts_number=&#8221;6&#8243; show_title_and_caption=&#8221;on&#8221; show_pagination=&#8221;on&#8221; gallery_ids=&#8221;1330,1319,1320,1321,1322,1323&#8243; fullwidth=&#8221;on&#8221; orientation=&#8221;landscape&#8221; zoom_icon_color=&#8221;#211a6c&#8221; hover_overlay_color=&#8221;rgba(255,255,255,0.9)&#8221; background_layout=&#8221;light&#8221; pagination_font_size_tablet=&#8221;51&#8243; pagination_line_height_tablet=&#8221;2&#8243; \/][\/et_pb_column][\/et_pb_row][\/et_pb_section][et_pb_section bb_built=&#8221;1&#8243; fullwidth=&#8221;on&#8221; specialty=&#8221;off&#8221; prev_background_color=&#8221;#000000&#8243; next_background_color=&#8221;#000000&#8243; _builder_version=&#8221;3.0.105&#8243; custom_margin=&#8221;50px||50px|&#8221;][et_pb_fullwidth_image _builder_version=&#8221;3.0.105&#8243; show_in_lightbox=&#8221;off&#8221; url_new_window=&#8221;off&#8221; background_image=&#8221;https:\/\/legumbresmartinez.es\/wp-content\/uploads\/2019\/08\/legumbres-martinez.jpg&#8221; parallax=&#8221;on&#8221; use_overlay=&#8221;off&#8221; custom_margin_last_edited=&#8221;off|desktop&#8221; custom_css_before=&#8221;height:400px !important&#8221; custom_css_main_element=&#8221;height:400px !important&#8221; custom_css_after=&#8221;height:400px !important&#8221; \/][\/et_pb_section][et_pb_section bb_built=&#8221;1&#8243; _builder_version=&#8221;3.0.47&#8243; custom_padding=&#8221;57px|0px|0px|0px&#8221; prev_background_color=&#8221;#000000&#8243; next_background_color=&#8221;#000000&#8243;][et_pb_row _builder_version=&#8221;3.0.47&#8243; background_size=&#8221;initial&#8221; background_position=&#8221;top_left&#8221; background_repeat=&#8221;repeat&#8221;][et_pb_column type=&#8221;1_3&#8243;][et_pb_gallery _builder_version=&#8221;3.0.105&#8243; posts_number=&#8221;3&#8243; show_title_and_caption=&#8221;on&#8221; show_pagination=&#8221;on&#8221; gallery_ids=&#8221;1184,1185,1186&#8243; fullwidth=&#8221;on&#8221; orientation=&#8221;landscape&#8221; zoom_icon_color=&#8221;#211a6c&#8221; hover_overlay_color=&#8221;rgba(255,255,255,0.9)&#8221; background_layout=&#8221;light&#8221; pagination_font_size_tablet=&#8221;51&#8243; pagination_line_height_tablet=&#8221;2&#8243; \/][\/et_pb_column][et_pb_column type=&#8221;2_3&#8243;][et_pb_text admin_label=&#8221;Garant\u00eda de Calidad&#8221; _builder_version=&#8221;3.0.105&#8243; background_layout=&#8221;light&#8221; module_class=&#8221;texto_grande&#8221;]<\/p>\n<h2>Quality Guarantee<\/h2>\n<p>We work with numerous farmers to select the best harvests from across Spain. Through a meticulous process of cleaning, packaging, and distribution, we bring the most flavourful and tender legumes straight to your table.<\/p>\n<p>[\/et_pb_text][\/et_pb_column][\/et_pb_row][et_pb_row _builder_version=&#8221;3.0.47&#8243; background_size=&#8221;initial&#8221; background_position=&#8221;top_left&#8221; background_repeat=&#8221;repeat&#8221;][et_pb_column type=&#8221;2_3&#8243;][et_pb_text admin_label=&#8221;Nuestro Compromiso&#8221; _builder_version=&#8221;3.0.105&#8243; background_layout=&#8221;light&#8221; module_class=&#8221;texto_grande&#8221;]<\/p>\n<h2>Our Commitment<\/h2>\n<p>Our experience in the sector supports our reputation as true professionals. Combined with our strong commitment, we strive to offer the most specialised and personalised service possible to our clients. That\u2019s why we adapt to the different demands of the market in terms of formats, products, schedules, and transport. <\/p>\n<p>We are fully aware that true success lies in customer satisfaction \u2014 and that is what drives our work every single day.<\/p>\n<p>[\/et_pb_text][\/et_pb_column][et_pb_column type=&#8221;1_3&#8243;][et_pb_image admin_label=&#8221;Imagen Compromiso&#8221; _builder_version=&#8221;3.0.105&#8243; src=&#8221;https:\/\/legumbresmartinez.es\/wp-content\/uploads\/2018\/03\/galeria-legumbres.jpg&#8221; show_in_lightbox=&#8221;off&#8221; url_new_window=&#8221;off&#8221; use_overlay=&#8221;off&#8221; always_center_on_mobile=&#8221;on&#8221; force_fullwidth=&#8221;on&#8221; show_bottom_space=&#8221;on&#8221; align=&#8221;center&#8221; animation_style=&#8221;zoom&#8221; alt=&#8221;Family Tradition&#8221; custom_css_before=&#8221;max-width: 100% !important;&#8221; custom_css_main_element=&#8221;max-width: 100% !important;&#8221; custom_css_after=&#8221;max-width: 100% !important;&#8221; title_text=&#8221;Family Tradition&#8221; \/][\/et_pb_column][\/et_pb_row][\/et_pb_section][et_pb_section bb_built=&#8221;1&#8243; fullwidth=&#8221;on&#8221; specialty=&#8221;off&#8221; prev_background_color=&#8221;#000000&#8243; next_background_color=&#8221;#000000&#8243; _builder_version=&#8221;3.0.105&#8243; custom_margin=&#8221;50px||50px|&#8221;][et_pb_fullwidth_image _builder_version=&#8221;3.0.105&#8243; show_in_lightbox=&#8221;off&#8221; url_new_window=&#8221;off&#8221; background_image=&#8221;https:\/\/legumbresmartinez.es\/wp-content\/uploads\/2019\/01\/legumbres.jpg&#8221; parallax=&#8221;on&#8221; use_overlay=&#8221;off&#8221; custom_margin_last_edited=&#8221;off|desktop&#8221; custom_css_before=&#8221;height:400px !important&#8221; custom_css_main_element=&#8221;height:400px !important&#8221; custom_css_after=&#8221;height:400px !important&#8221; \/][\/et_pb_section][et_pb_section bb_built=&#8221;1&#8243; _builder_version=&#8221;3.0.47&#8243; custom_padding=&#8221;57px|0px|0px|0px&#8221; prev_background_color=&#8221;#000000&#8243; next_background_color=&#8221;#f5f5f5&#8243;][et_pb_row _builder_version=&#8221;3.0.47&#8243; background_size=&#8221;initial&#8221; background_position=&#8221;top_left&#8221; background_repeat=&#8221;repeat&#8221;][et_pb_column type=&#8221;1_3&#8243;][et_pb_gallery _builder_version=&#8221;3.0.105&#8243; posts_number=&#8221;3&#8243; show_title_and_caption=&#8221;on&#8221; show_pagination=&#8221;on&#8221; gallery_ids=&#8221;418,413,415&#8243; fullwidth=&#8221;on&#8221; orientation=&#8221;landscape&#8221; zoom_icon_color=&#8221;#211a6c&#8221; hover_overlay_color=&#8221;rgba(255,255,255,0.9)&#8221; background_layout=&#8221;light&#8221; pagination_font_size_tablet=&#8221;51&#8243; pagination_line_height_tablet=&#8221;2&#8243; \/][\/et_pb_column][et_pb_column type=&#8221;2_3&#8243;][et_pb_text admin_label=&#8221;Instalaciones&#8221; _builder_version=&#8221;3.0.105&#8243; background_layout=&#8221;light&#8221; module_class=&#8221;texto_grande&#8221;]<\/p>\n<h2>Facilities<\/h2>\n<p>Our company\u2019s facilities cover a total area of 14,000 m\u00b2, with 6,000 m\u00b2 built and dedicated to storage and processing. We are equipped with the most modern systems for <strong>selecting, cleaning, packaging, and distributing top-quality legumes, blends, and seeds.<\/strong><\/p>\n<p>[\/et_pb_text][\/et_pb_column][\/et_pb_row][et_pb_row _builder_version=&#8221;3.0.47&#8243; background_size=&#8221;initial&#8221; background_position=&#8221;top_left&#8221; background_repeat=&#8221;repeat&#8221;][et_pb_column type=&#8221;2_3&#8243;][et_pb_text admin_label=&#8221;Valores&#8221; _builder_version=&#8221;3.0.105&#8243; background_layout=&#8221;light&#8221; module_class=&#8221;texto_grande&#8221;]<\/p>\n<h2>Values<\/h2>\n<p>At Gin\u00e9s Mart\u00ednez &amp; Sons, we are deeply grateful to our team. We are fortunate to have committed professionals who never hesitate to give their all whenever the job demands it.<\/p>\n<p>[\/et_pb_text][\/et_pb_column][et_pb_column type=&#8221;1_3&#8243;][et_pb_image admin_label=&#8221;Imagen Valores&#8221; _builder_version=&#8221;3.0.105&#8243; src=&#8221;https:\/\/legumbresmartinez.es\/wp-content\/uploads\/2018\/03\/galeria-tarros.jpg&#8221; show_in_lightbox=&#8221;off&#8221; url_new_window=&#8221;off&#8221; use_overlay=&#8221;off&#8221; always_center_on_mobile=&#8221;on&#8221; force_fullwidth=&#8221;on&#8221; show_bottom_space=&#8221;on&#8221; align=&#8221;center&#8221; animation_style=&#8221;zoom&#8221; alt=&#8221;Values&#8221; custom_css_before=&#8221;max-width: 100% !important;&#8221; custom_css_main_element=&#8221;max-width: 100% !important;&#8221; custom_css_after=&#8221;max-width: 100% !important;&#8221; title_text=&#8221;Values&#8221; \/][\/et_pb_column][\/et_pb_row][\/et_pb_section][et_pb_section bb_built=&#8221;1&#8243; _builder_version=&#8221;3.0.105&#8243; custom_padding=&#8221;30px|0px|20px|0px&#8221; prev_background_color=&#8221;#ffffff&#8221; background_color=&#8221;#f5f5f5&#8243;][et_pb_row _builder_version=&#8221;3.0.47&#8243; background_size=&#8221;initial&#8221; background_position=&#8221;top_left&#8221; background_repeat=&#8221;repeat&#8221;][et_pb_column type=&#8221;1_3&#8243;][et_pb_gallery _builder_version=&#8221;3.0.105&#8243; show_title_and_caption=&#8221;off&#8221; show_pagination=&#8221;off&#8221; gallery_ids=&#8221;1523,1325,1630,1326&#8243; fullwidth=&#8221;on&#8221; orientation=&#8221;landscape&#8221; zoom_icon_color=&#8221;#211a6c&#8221; hover_overlay_color=&#8221;rgba(255,255,255,0.9)&#8221; background_layout=&#8221;light&#8221; pagination_font_size_tablet=&#8221;51&#8243; pagination_line_height_tablet=&#8221;2&#8243; \/][\/et_pb_column][et_pb_column type=&#8221;2_3&#8243;][et_pb_text admin_label=&#8221;Responsabilidad Social Corporativa&#8221; _builder_version=&#8221;3.0.105&#8243; background_layout=&#8221;light&#8221; module_class=&#8221;texto_grande&#8221;]<\/p>\n<h2>Corporate Social Responsibility<\/h2>\n<p>At Gin\u00e9s Mart\u00ednez &amp; Sons, we are committed to several social causes:<\/p>\n<ul>\n<li>We actively collaborate with the food bank.<\/li>\n<li>We have partnered with the NGO Cooperaci\u00f3n Internacional in Mumbai (India) through sports and their \u201cFootball is Life\u201d program.<\/li>\n<li>We also support local sports as the official sponsor of CFS Minaya and the local running event.<\/li>\n<li>Additionally, we work with the Royal Spanish Pigeon Racing Federation by supporting the Mediterranean Derby.<\/li>\n<li>We are committed to the development of local agriculture by supporting the San Isidro Farmers\u2019 Brotherhood in Minaya.<\/li>\n<\/ul>\n<p>[\/et_pb_text][\/et_pb_column][\/et_pb_row][\/et_pb_section]<\/p>\n","protected":false},"excerpt":{"rendered":"<p>[et_pb_section bb_built=&#8221;1&#8243; fullwidth=&#8221;on&#8221; _builder_version=&#8221;3.0.105&#8243; background_image=&#8221;https:\/\/legumbresmartinez.es\/wp-content\/uploads\/2018\/03\/naves-legumbres-martinez-2.jpg&#8221; background_position=&#8221;top_left&#8221; next_background_color=&#8221;#000000&#8243;][et_pb_fullwidth_header title=&#8221;Gin\u00e9s Mart\u00ednez e Hijos&#8221; subhead=&#8221;Flavour is our tradition&#8221; background_layout=&#8221;dark&#8221; text_orientation=&#8221;center&#8221; scroll_down_icon_color=&#8221;#ffffff&#8221; scroll_down_icon_size=&#8221;31px&#8221; background_overlay_color=&#8221;rgba(33,26,108,0.18)&#8221; _builder_version=&#8221;3.0.105&#8243; title_font=&#8221;Satisfy||||||||&#8221; title_font_size=&#8221;80px&#8221; title_font_size_tablet=&#8221;60px&#8221; title_font_size_phone=&#8221;32px&#8221; title_font_size_last_edited=&#8221;on|phone&#8221; title_line_height=&#8221;1.5em&#8221; subhead_font=&#8221;Satisfy||||||||&#8221; subhead_font_size=&#8221;48&#8243; subhead_line_height=&#8221;1.2em&#8221; header_fullscreen=&#8221;off&#8221; header_scroll_down=&#8221;off&#8221; image_orientation=&#8221;center&#8221; content_orientation=&#8221;center&#8221; custom_button_two=&#8221;off&#8221; button_two_icon_placement=&#8221;right&#8221; custom_button_one=&#8221;off&#8221; button_one_icon_placement=&#8221;right&#8221; \/][\/et_pb_section][et_pb_section bb_built=&#8221;1&#8243; _builder_version=&#8221;3.0.47&#8243; custom_padding=&#8221;57px|0px|0px|0px&#8221; prev_background_color=&#8221;#000000&#8243; next_background_color=&#8221;#000000&#8243;][et_pb_row _builder_version=&#8221;3.0.105&#8243; background_size=&#8221;initial&#8221; background_position=&#8221;top_left&#8221; background_repeat=&#8221;repeat&#8221; width_unit=&#8221;off&#8221; custom_width_percent=&#8221;60%&#8221;][et_pb_column type=&#8221;2_3&#8243;][et_pb_text admin_label=&#8221;Tradici\u00f3n familiar&#8221; _builder_version=&#8221;3.0.105&#8243; background_layout=&#8221;light&#8221; [&hellip;]<\/p>\n","protected":false},"author":4,"featured_media":0,"parent":0,"menu_order":0,"comment_status":"closed","ping_status":"closed","template":"","meta":{"footnotes":""},"class_list":["post-2348","page","type-page","status-publish","hentry"],"yoast_head":"<!-- This site is optimized with the Yoast SEO plugin v27.4 - https:\/\/yoast.com\/product\/yoast-seo-wordpress\/ -->\n<title>Who we are - Legumbres Martinez - Tradici\u00f3n familiar<\/title>\n<meta name=\"robots\" content=\"index, follow, max-snippet:-1, max-image-preview:large, max-video-preview:-1\" \/>\n<link rel=\"canonical\" href=\"https:\/\/legumbresmartinez.es\/en\/who-are-we\/\" \/>\n<meta property=\"og:locale\" content=\"en_US\" \/>\n<meta property=\"og:type\" content=\"article\" \/>\n<meta property=\"og:title\" content=\"Who we are - Legumbres Martinez - Tradici\u00f3n familiar\" \/>\n<meta property=\"og:description\" content=\"[et_pb_section bb_built=&#8221;1&#8243; fullwidth=&#8221;on&#8221; _builder_version=&#8221;3.0.105&#8243; background_image=&#8221;https:\/\/legumbresmartinez.es\/wp-content\/uploads\/2018\/03\/naves-legumbres-martinez-2.jpg&#8221; background_position=&#8221;top_left&#8221; next_background_color=&#8221;#000000&#8243;][et_pb_fullwidth_header title=&#8221;Gin\u00e9s Mart\u00ednez e Hijos&#8221; subhead=&#8221;Flavour is our tradition&#8221; background_layout=&#8221;dark&#8221; text_orientation=&#8221;center&#8221; scroll_down_icon_color=&#8221;#ffffff&#8221; scroll_down_icon_size=&#8221;31px&#8221; background_overlay_color=&#8221;rgba(33,26,108,0.18)&#8221; _builder_version=&#8221;3.0.105&#8243; title_font=&#8221;Satisfy||||||||&#8221; title_font_size=&#8221;80px&#8221; title_font_size_tablet=&#8221;60px&#8221; title_font_size_phone=&#8221;32px&#8221; title_font_size_last_edited=&#8221;on|phone&#8221; title_line_height=&#8221;1.5em&#8221; subhead_font=&#8221;Satisfy||||||||&#8221; subhead_font_size=&#8221;48&#8243; subhead_line_height=&#8221;1.2em&#8221; header_fullscreen=&#8221;off&#8221; header_scroll_down=&#8221;off&#8221; image_orientation=&#8221;center&#8221; content_orientation=&#8221;center&#8221; custom_button_two=&#8221;off&#8221; button_two_icon_placement=&#8221;right&#8221; custom_button_one=&#8221;off&#8221; button_one_icon_placement=&#8221;right&#8221; \/][\/et_pb_section][et_pb_section bb_built=&#8221;1&#8243; _builder_version=&#8221;3.0.47&#8243; custom_padding=&#8221;57px|0px|0px|0px&#8221; prev_background_color=&#8221;#000000&#8243; next_background_color=&#8221;#000000&#8243;][et_pb_row _builder_version=&#8221;3.0.105&#8243; background_size=&#8221;initial&#8221; background_position=&#8221;top_left&#8221; background_repeat=&#8221;repeat&#8221; width_unit=&#8221;off&#8221; custom_width_percent=&#8221;60%&#8221;][et_pb_column type=&#8221;2_3&#8243;][et_pb_text admin_label=&#8221;Tradici\u00f3n familiar&#8221; _builder_version=&#8221;3.0.105&#8243; background_layout=&#8221;light&#8221; [&hellip;]\" \/>\n<meta property=\"og:url\" content=\"https:\/\/legumbresmartinez.es\/en\/who-are-we\/\" \/>\n<meta property=\"og:site_name\" content=\"Legumbres Martinez - Tradici\u00f3n familiar\" \/>\n<meta property=\"article:modified_time\" content=\"2025-05-06T10:23:23+00:00\" \/>\n<meta name=\"twitter:card\" content=\"summary_large_image\" \/>\n<meta name=\"twitter:label1\" content=\"Est. reading time\" \/>\n\t<meta name=\"twitter:data1\" content=\"7 minutes\" \/>\n<!-- \/ Yoast SEO plugin. -->","yoast_head_json":{"title":"Who we are - Legumbres Martinez - Tradici\u00f3n familiar","robots":{"index":"index","follow":"follow","max-snippet":"max-snippet:-1","max-image-preview":"max-image-preview:large","max-video-preview":"max-video-preview:-1"},"canonical":"https:\/\/legumbresmartinez.es\/en\/who-are-we\/","og_locale":"en_US","og_type":"article","og_title":"Who we are - Legumbres Martinez - Tradici\u00f3n familiar","og_description":"[et_pb_section bb_built=&#8221;1&#8243; fullwidth=&#8221;on&#8221; _builder_version=&#8221;3.0.105&#8243; background_image=&#8221;https:\/\/legumbresmartinez.es\/wp-content\/uploads\/2018\/03\/naves-legumbres-martinez-2.jpg&#8221; background_position=&#8221;top_left&#8221; next_background_color=&#8221;#000000&#8243;][et_pb_fullwidth_header title=&#8221;Gin\u00e9s Mart\u00ednez e Hijos&#8221; subhead=&#8221;Flavour is our tradition&#8221; background_layout=&#8221;dark&#8221; text_orientation=&#8221;center&#8221; scroll_down_icon_color=&#8221;#ffffff&#8221; scroll_down_icon_size=&#8221;31px&#8221; background_overlay_color=&#8221;rgba(33,26,108,0.18)&#8221; _builder_version=&#8221;3.0.105&#8243; title_font=&#8221;Satisfy||||||||&#8221; title_font_size=&#8221;80px&#8221; title_font_size_tablet=&#8221;60px&#8221; title_font_size_phone=&#8221;32px&#8221; title_font_size_last_edited=&#8221;on|phone&#8221; title_line_height=&#8221;1.5em&#8221; subhead_font=&#8221;Satisfy||||||||&#8221; subhead_font_size=&#8221;48&#8243; subhead_line_height=&#8221;1.2em&#8221; header_fullscreen=&#8221;off&#8221; header_scroll_down=&#8221;off&#8221; image_orientation=&#8221;center&#8221; content_orientation=&#8221;center&#8221; custom_button_two=&#8221;off&#8221; button_two_icon_placement=&#8221;right&#8221; custom_button_one=&#8221;off&#8221; button_one_icon_placement=&#8221;right&#8221; \/][\/et_pb_section][et_pb_section bb_built=&#8221;1&#8243; _builder_version=&#8221;3.0.47&#8243; custom_padding=&#8221;57px|0px|0px|0px&#8221; prev_background_color=&#8221;#000000&#8243; next_background_color=&#8221;#000000&#8243;][et_pb_row _builder_version=&#8221;3.0.105&#8243; background_size=&#8221;initial&#8221; background_position=&#8221;top_left&#8221; background_repeat=&#8221;repeat&#8221; width_unit=&#8221;off&#8221; custom_width_percent=&#8221;60%&#8221;][et_pb_column type=&#8221;2_3&#8243;][et_pb_text admin_label=&#8221;Tradici\u00f3n familiar&#8221; _builder_version=&#8221;3.0.105&#8243; background_layout=&#8221;light&#8221; [&hellip;]","og_url":"https:\/\/legumbresmartinez.es\/en\/who-are-we\/","og_site_name":"Legumbres Martinez - Tradici\u00f3n familiar","article_modified_time":"2025-05-06T10:23:23+00:00","twitter_card":"summary_large_image","twitter_misc":{"Est. reading time":"7 minutes"},"schema":{"@context":"https:\/\/schema.org","@graph":[{"@type":"WebPage","@id":"https:\/\/legumbresmartinez.es\/en\/who-are-we\/","url":"https:\/\/legumbresmartinez.es\/en\/who-are-we\/","name":"Who we are - Legumbres Martinez - Tradici\u00f3n familiar","isPartOf":{"@id":"https:\/\/legumbresmartinez.es\/#website"},"datePublished":"2018-03-19T12:03:29+00:00","dateModified":"2025-05-06T10:23:23+00:00","breadcrumb":{"@id":"https:\/\/legumbresmartinez.es\/en\/who-are-we\/#breadcrumb"},"inLanguage":"en-US","potentialAction":[{"@type":"ReadAction","target":["https:\/\/legumbresmartinez.es\/en\/who-are-we\/"]}]},{"@type":"BreadcrumbList","@id":"https:\/\/legumbresmartinez.es\/en\/who-are-we\/#breadcrumb","itemListElement":[{"@type":"ListItem","position":1,"name":"Portada","item":"https:\/\/legumbresmartinez.es\/"},{"@type":"ListItem","position":2,"name":"Who we are"}]},{"@type":"WebSite","@id":"https:\/\/legumbresmartinez.es\/#website","url":"https:\/\/legumbresmartinez.es\/","name":"Legumbres Martinez - Tradici\u00f3n familiar","description":"Selecci\u00f3n de las mejores legumbres de Castilla - La Mancha, Castilla y Le\u00f3n, Andaluc\u00eda y otras procedencias","publisher":{"@id":"https:\/\/legumbresmartinez.es\/#organization"},"potentialAction":[{"@type":"SearchAction","target":{"@type":"EntryPoint","urlTemplate":"https:\/\/legumbresmartinez.es\/?s={search_term_string}"},"query-input":{"@type":"PropertyValueSpecification","valueRequired":true,"valueName":"search_term_string"}}],"inLanguage":"en-US"},{"@type":"Organization","@id":"https:\/\/legumbresmartinez.es\/#organization","name":"Legumbres Mart\u00ednez","url":"https:\/\/legumbresmartinez.es\/","logo":{"@type":"ImageObject","inLanguage":"en-US","@id":"https:\/\/legumbresmartinez.es\/#\/schema\/logo\/image\/","url":"https:\/\/legumbresmartinez.es\/wp-content\/uploads\/2018\/02\/logotipo-legumbres-gines-martinez.png","contentUrl":"https:\/\/legumbresmartinez.es\/wp-content\/uploads\/2018\/02\/logotipo-legumbres-gines-martinez.png","width":214,"height":181,"caption":"Legumbres Mart\u00ednez"},"image":{"@id":"https:\/\/legumbresmartinez.es\/#\/schema\/logo\/image\/"}}]}},"_links":{"self":[{"href":"https:\/\/legumbresmartinez.es\/en\/wp-json\/wp\/v2\/pages\/2348","targetHints":{"allow":["GET"]}}],"collection":[{"href":"https:\/\/legumbresmartinez.es\/en\/wp-json\/wp\/v2\/pages"}],"about":[{"href":"https:\/\/legumbresmartinez.es\/en\/wp-json\/wp\/v2\/types\/page"}],"author":[{"embeddable":true,"href":"https:\/\/legumbresmartinez.es\/en\/wp-json\/wp\/v2\/users\/4"}],"replies":[{"embeddable":true,"href":"https:\/\/legumbresmartinez.es\/en\/wp-json\/wp\/v2\/comments?post=2348"}],"version-history":[{"count":16,"href":"https:\/\/legumbresmartinez.es\/en\/wp-json\/wp\/v2\/pages\/2348\/revisions"}],"predecessor-version":[{"id":3331,"href":"https:\/\/legumbresmartinez.es\/en\/wp-json\/wp\/v2\/pages\/2348\/revisions\/3331"}],"wp:attachment":[{"href":"https:\/\/legumbresmartinez.es\/en\/wp-json\/wp\/v2\/media?parent=2348"}],"curies":[{"name":"wp","href":"https:\/\/api.w.org\/{rel}","templated":true}]}}