{"id":2367,"date":"2025-04-30T11:03:49","date_gmt":"2025-04-30T11:03:49","guid":{"rendered":"https:\/\/legumbresmartinez.es\/cart\/"},"modified":"2025-04-30T11:03:49","modified_gmt":"2025-04-30T11:03:49","slug":"cart","status":"publish","type":"page","link":"https:\/\/legumbresmartinez.es\/en\/cart\/","title":{"rendered":"Cart"},"content":{"rendered":"<div data-block-name=\"woocommerce\/cart\" class=\"wp-block-woocommerce-cart alignwide is-loading\"><div data-block-name=\"woocommerce\/filled-cart-block\" class=\"wp-block-woocommerce-filled-cart-block\"><div data-block-name=\"woocommerce\/cart-items-block\" class=\"wp-block-woocommerce-cart-items-block\"><div data-block-name=\"woocommerce\/cart-line-items-block\" class=\"wp-block-woocommerce-cart-line-items-block\"><\/div>\n\n<div data-block-name=\"woocommerce\/cart-cross-sells-block\" class=\"wp-block-woocommerce-cart-cross-sells-block\"><h2 class=\"wp-block-heading has-large-font-size\">Puede que te interese\u2026<\/h2>\n\n<div data-block-name=\"woocommerce\/cart-cross-sells-products-block\" class=\"wp-block-woocommerce-cart-cross-sells-products-block\"><\/div><\/div><\/div>\n\n<div data-block-name=\"woocommerce\/cart-totals-block\" class=\"wp-block-woocommerce-cart-totals-block\"><div data-block-name=\"woocommerce\/cart-order-summary-block\" class=\"wp-block-woocommerce-cart-order-summary-block\"><div data-block-name=\"woocommerce\/cart-order-summary-heading-block\" class=\"wp-block-woocommerce-cart-order-summary-heading-block\"><\/div><div data-block-name=\"woocommerce\/cart-order-summary-coupon-form-block\" class=\"wp-block-woocommerce-cart-order-summary-coupon-form-block\"><\/div><div data-block-name=\"woocommerce\/cart-order-summary-totals-block\" class=\"wp-block-woocommerce-cart-order-summary-totals-block\">\n<div data-block-name=\"woocommerce\/cart-order-summary-subtotal-block\" class=\"wp-block-woocommerce-cart-order-summary-subtotal-block\"><\/div>\n<div data-block-name=\"woocommerce\/cart-order-summary-discount-block\" class=\"wp-block-woocommerce-cart-order-summary-discount-block\"><\/div>\n<div data-block-name=\"woocommerce\/cart-order-summary-fee-block\" class=\"wp-block-woocommerce-cart-order-summary-fee-block\"><\/div>\n<div data-block-name=\"woocommerce\/cart-order-summary-shipping-block\" class=\"wp-block-woocommerce-cart-order-summary-shipping-block\"><\/div>\n<div data-block-name=\"woocommerce\/cart-order-summary-taxes-block\" class=\"wp-block-woocommerce-cart-order-summary-taxes-block\"><\/div><\/div><\/div>\n\n<div data-block-name=\"woocommerce\/cart-express-payment-block\" class=\"wp-block-woocommerce-cart-express-payment-block\"><\/div>\n\n<div data-block-name=\"woocommerce\/proceed-to-checkout-block\" class=\"wp-block-woocommerce-proceed-to-checkout-block\"><\/div>\n\n<div data-block-name=\"woocommerce\/cart-accepted-payment-methods-block\" class=\"wp-block-woocommerce-cart-accepted-payment-methods-block\"><\/div><\/div><\/div>\n\n<div data-block-name=\"woocommerce\/empty-cart-block\" class=\"wp-block-woocommerce-empty-cart-block\"><h2 class=\"wp-block-heading has-text-align-center with-empty-cart-icon wc-block-cart__empty-cart__title\">\u00a1Tu carrito est\u00e1 actualmente vac\u00edo!<\/h2>\n\n<hr class=\"wp-block-separator has-alpha-channel-opacity is-style-dots\"\/>\n\n<h2 class=\"wp-block-heading has-text-align-center\">Nuevo en la tienda<\/h2>\n\n<div data-block-name=\"woocommerce\/product-new\" data-columns=\"4\" data-rows=\"1\" class=\"wc-block-grid wp-block-product-new wp-block-woocommerce-product-new wc-block-product-new has-4-columns\"><ul class=\"wc-block-grid__products\"><li class=\"wc-block-grid__product\">\n\t\t\t\t<a href=\"https:\/\/legumbresmartinez.es\/en\/producto\/extruded-material\/\" class=\"wc-block-grid__product-link\">\n\t\t\t\t\t\n\t\t\t\t\t<div class=\"wc-block-grid__product-image\"><img loading=\"lazy\" decoding=\"async\" width=\"300\" height=\"300\" src=\"https:\/\/legumbresmartinez.es\/wp-content\/uploads\/2019\/08\/3_4_material_extrusionado-300x300.jpg\" class=\"attachment-woocommerce_thumbnail size-woocommerce_thumbnail\" alt=\"Extruded Material\" srcset=\"https:\/\/legumbresmartinez.es\/wp-content\/uploads\/2019\/08\/3_4_material_extrusionado-300x300.jpg 300w, https:\/\/legumbresmartinez.es\/wp-content\/uploads\/2019\/08\/3_4_material_extrusionado-100x100.jpg 100w, https:\/\/legumbresmartinez.es\/wp-content\/uploads\/2019\/08\/3_4_material_extrusionado-500x500.jpg 500w, https:\/\/legumbresmartinez.es\/wp-content\/uploads\/2019\/08\/3_4_material_extrusionado-150x150.jpg 150w, https:\/\/legumbresmartinez.es\/wp-content\/uploads\/2019\/08\/3_4_material_extrusionado-768x768.jpg 768w, https:\/\/legumbresmartinez.es\/wp-content\/uploads\/2019\/08\/3_4_material_extrusionado.jpg 1000w\" sizes=\"auto, (max-width: 300px) 100vw, 300px\" \/><\/div>\n\t\t\t\t\t<div class=\"wc-block-grid__product-title\">Extruded Material<\/div>\n\t\t\t\t<\/a>\n\t\t\t\t<div class=\"wc-block-grid__product-price price\"><\/div>\n\t\t\t\t\n\t\t\t\t<div class=\"wp-block-button wc-block-grid__product-add-to-cart\"><a href=\"https:\/\/legumbresmartinez.es\/en\/producto\/extruded-material\/\" aria-label=\"Read more about &ldquo;Extruded Material&rdquo;\" data-quantity=\"1\" data-product_id=\"3253\" data-product_sku=\"\" data-price=\"0\" rel=\"nofollow\" class=\"wp-block-button__link  add_to_cart_button\">Read more<\/a><\/div>\n\t\t\t<\/li><li class=\"wc-block-grid__product\">\n\t\t\t\t<a href=\"https:\/\/legumbresmartinez.es\/en\/producto\/marine-shell\/\" class=\"wc-block-grid__product-link\">\n\t\t\t\t\t\n\t\t\t\t\t<div class=\"wc-block-grid__product-image\"><img loading=\"lazy\" decoding=\"async\" width=\"300\" height=\"300\" src=\"https:\/\/legumbresmartinez.es\/wp-content\/uploads\/2019\/08\/3_3_concha_marina-300x300.jpg\" class=\"attachment-woocommerce_thumbnail size-woocommerce_thumbnail\" alt=\"Marine Shell\" srcset=\"https:\/\/legumbresmartinez.es\/wp-content\/uploads\/2019\/08\/3_3_concha_marina-300x300.jpg 300w, https:\/\/legumbresmartinez.es\/wp-content\/uploads\/2019\/08\/3_3_concha_marina-100x100.jpg 100w, https:\/\/legumbresmartinez.es\/wp-content\/uploads\/2019\/08\/3_3_concha_marina-500x500.jpg 500w, https:\/\/legumbresmartinez.es\/wp-content\/uploads\/2019\/08\/3_3_concha_marina-150x150.jpg 150w, https:\/\/legumbresmartinez.es\/wp-content\/uploads\/2019\/08\/3_3_concha_marina-768x768.jpg 768w, https:\/\/legumbresmartinez.es\/wp-content\/uploads\/2019\/08\/3_3_concha_marina.jpg 1000w\" sizes=\"auto, (max-width: 300px) 100vw, 300px\" \/><\/div>\n\t\t\t\t\t<div class=\"wc-block-grid__product-title\">Marine Shell<\/div>\n\t\t\t\t<\/a>\n\t\t\t\t<div class=\"wc-block-grid__product-price price\"><\/div>\n\t\t\t\t\n\t\t\t\t<div class=\"wp-block-button wc-block-grid__product-add-to-cart\"><a href=\"https:\/\/legumbresmartinez.es\/en\/producto\/marine-shell\/\" aria-label=\"Read more about &ldquo;Marine Shell&rdquo;\" data-quantity=\"1\" data-product_id=\"3251\" data-product_sku=\"\" data-price=\"0\" rel=\"nofollow\" class=\"wp-block-button__link  add_to_cart_button\">Read more<\/a><\/div>\n\t\t\t<\/li><li class=\"wc-block-grid__product\">\n\t\t\t\t<a href=\"https:\/\/legumbresmartinez.es\/en\/producto\/parakeet-mix\/\" class=\"wc-block-grid__product-link\">\n\t\t\t\t\t\n\t\t\t\t\t<div class=\"wc-block-grid__product-image\"><img loading=\"lazy\" decoding=\"async\" width=\"300\" height=\"300\" src=\"https:\/\/legumbresmartinez.es\/wp-content\/uploads\/2019\/08\/3_2_mixtura_periquitos-300x300.jpg\" class=\"attachment-woocommerce_thumbnail size-woocommerce_thumbnail\" alt=\"Parakeet Mix\" srcset=\"https:\/\/legumbresmartinez.es\/wp-content\/uploads\/2019\/08\/3_2_mixtura_periquitos-300x300.jpg 300w, https:\/\/legumbresmartinez.es\/wp-content\/uploads\/2019\/08\/3_2_mixtura_periquitos-100x100.jpg 100w, https:\/\/legumbresmartinez.es\/wp-content\/uploads\/2019\/08\/3_2_mixtura_periquitos-500x500.jpg 500w, https:\/\/legumbresmartinez.es\/wp-content\/uploads\/2019\/08\/3_2_mixtura_periquitos-150x150.jpg 150w, https:\/\/legumbresmartinez.es\/wp-content\/uploads\/2019\/08\/3_2_mixtura_periquitos-768x768.jpg 768w, https:\/\/legumbresmartinez.es\/wp-content\/uploads\/2019\/08\/3_2_mixtura_periquitos.jpg 1000w\" sizes=\"auto, (max-width: 300px) 100vw, 300px\" \/><\/div>\n\t\t\t\t\t<div class=\"wc-block-grid__product-title\">Parakeet Mix<\/div>\n\t\t\t\t<\/a>\n\t\t\t\t<div class=\"wc-block-grid__product-price price\"><\/div>\n\t\t\t\t\n\t\t\t\t<div class=\"wp-block-button wc-block-grid__product-add-to-cart\"><a href=\"https:\/\/legumbresmartinez.es\/en\/producto\/parakeet-mix\/\" aria-label=\"Read more about &ldquo;Parakeet Mix&rdquo;\" data-quantity=\"1\" data-product_id=\"3249\" data-product_sku=\"\" data-price=\"0\" rel=\"nofollow\" class=\"wp-block-button__link  add_to_cart_button\">Read more<\/a><\/div>\n\t\t\t<\/li><li class=\"wc-block-grid__product\">\n\t\t\t\t<a href=\"https:\/\/legumbresmartinez.es\/en\/producto\/canary-mix\/\" class=\"wc-block-grid__product-link\">\n\t\t\t\t\t\n\t\t\t\t\t<div class=\"wc-block-grid__product-image\"><img loading=\"lazy\" decoding=\"async\" width=\"300\" height=\"300\" src=\"https:\/\/legumbresmartinez.es\/wp-content\/uploads\/2019\/08\/3_1_mixturas_canarios-300x300.jpg\" class=\"attachment-woocommerce_thumbnail size-woocommerce_thumbnail\" alt=\"Canary Mix\" srcset=\"https:\/\/legumbresmartinez.es\/wp-content\/uploads\/2019\/08\/3_1_mixturas_canarios-300x300.jpg 300w, https:\/\/legumbresmartinez.es\/wp-content\/uploads\/2019\/08\/3_1_mixturas_canarios-100x100.jpg 100w, https:\/\/legumbresmartinez.es\/wp-content\/uploads\/2019\/08\/3_1_mixturas_canarios-500x500.jpg 500w, https:\/\/legumbresmartinez.es\/wp-content\/uploads\/2019\/08\/3_1_mixturas_canarios-150x150.jpg 150w, https:\/\/legumbresmartinez.es\/wp-content\/uploads\/2019\/08\/3_1_mixturas_canarios-768x768.jpg 768w, https:\/\/legumbresmartinez.es\/wp-content\/uploads\/2019\/08\/3_1_mixturas_canarios.jpg 1000w\" sizes=\"auto, (max-width: 300px) 100vw, 300px\" \/><\/div>\n\t\t\t\t\t<div class=\"wc-block-grid__product-title\">Canary Mix<\/div>\n\t\t\t\t<\/a>\n\t\t\t\t<div class=\"wc-block-grid__product-price price\"><\/div>\n\t\t\t\t\n\t\t\t\t<div class=\"wp-block-button wc-block-grid__product-add-to-cart\"><a href=\"https:\/\/legumbresmartinez.es\/en\/producto\/canary-mix\/\" aria-label=\"Read more about &ldquo;Canary Mix&rdquo;\" data-quantity=\"1\" data-product_id=\"3247\" data-product_sku=\"\" data-price=\"0\" rel=\"nofollow\" class=\"wp-block-button__link  add_to_cart_button\">Read more<\/a><\/div>\n\t\t\t<\/li><\/ul><\/div><\/div><\/div>","protected":false},"excerpt":{"rendered":"","protected":false},"author":5,"featured_media":0,"parent":0,"menu_order":0,"comment_status":"closed","ping_status":"closed","template":"","meta":{"footnotes":""},"class_list":["post-2367","page","type-page","status-publish","hentry"],"yoast_head":"<!-- This site is optimized with the Yoast SEO plugin v27.5 - https:\/\/yoast.com\/product\/yoast-seo-wordpress\/ -->\n<title>Cart - Legumbres Martinez - Tradici\u00f3n familiar<\/title>\n<meta name=\"robots\" content=\"index, follow, max-snippet:-1, max-image-preview:large, max-video-preview:-1\" \/>\n<link rel=\"canonical\" href=\"https:\/\/legumbresmartinez.es\/en\/cart\/\" \/>\n<meta property=\"og:locale\" content=\"en_US\" \/>\n<meta property=\"og:type\" content=\"article\" \/>\n<meta property=\"og:title\" content=\"Cart - Legumbres Martinez - Tradici\u00f3n familiar\" \/>\n<meta property=\"og:url\" content=\"https:\/\/legumbresmartinez.es\/en\/cart\/\" \/>\n<meta property=\"og:site_name\" content=\"Legumbres Martinez - Tradici\u00f3n familiar\" \/>\n<meta name=\"twitter:card\" content=\"summary_large_image\" \/>\n<!-- \/ Yoast SEO plugin. -->","yoast_head_json":{"title":"Cart - Legumbres Martinez - Tradici\u00f3n familiar","robots":{"index":"index","follow":"follow","max-snippet":"max-snippet:-1","max-image-preview":"max-image-preview:large","max-video-preview":"max-video-preview:-1"},"canonical":"https:\/\/legumbresmartinez.es\/en\/cart\/","og_locale":"en_US","og_type":"article","og_title":"Cart - Legumbres Martinez - Tradici\u00f3n familiar","og_url":"https:\/\/legumbresmartinez.es\/en\/cart\/","og_site_name":"Legumbres Martinez - Tradici\u00f3n familiar","twitter_card":"summary_large_image","schema":{"@context":"https:\/\/schema.org","@graph":[{"@type":"WebPage","@id":"https:\/\/legumbresmartinez.es\/en\/cart\/","url":"https:\/\/legumbresmartinez.es\/en\/cart\/","name":"Cart - Legumbres Martinez - Tradici\u00f3n familiar","isPartOf":{"@id":"https:\/\/legumbresmartinez.es\/#website"},"datePublished":"2025-04-30T11:03:49+00:00","breadcrumb":{"@id":"https:\/\/legumbresmartinez.es\/en\/cart\/#breadcrumb"},"inLanguage":"en-US","potentialAction":[{"@type":"ReadAction","target":["https:\/\/legumbresmartinez.es\/en\/cart\/"]}]},{"@type":"BreadcrumbList","@id":"https:\/\/legumbresmartinez.es\/en\/cart\/#breadcrumb","itemListElement":[{"@type":"ListItem","position":1,"name":"Portada","item":"https:\/\/legumbresmartinez.es\/"},{"@type":"ListItem","position":2,"name":"Cart"}]},{"@type":"WebSite","@id":"https:\/\/legumbresmartinez.es\/#website","url":"https:\/\/legumbresmartinez.es\/","name":"Legumbres Martinez - Tradici\u00f3n familiar","description":"Selecci\u00f3n de las mejores legumbres de Castilla - La Mancha, Castilla y Le\u00f3n, Andaluc\u00eda y otras procedencias","publisher":{"@id":"https:\/\/legumbresmartinez.es\/#organization"},"potentialAction":[{"@type":"SearchAction","target":{"@type":"EntryPoint","urlTemplate":"https:\/\/legumbresmartinez.es\/?s={search_term_string}"},"query-input":{"@type":"PropertyValueSpecification","valueRequired":true,"valueName":"search_term_string"}}],"inLanguage":"en-US"},{"@type":"Organization","@id":"https:\/\/legumbresmartinez.es\/#organization","name":"Legumbres Mart\u00ednez","url":"https:\/\/legumbresmartinez.es\/","logo":{"@type":"ImageObject","inLanguage":"en-US","@id":"https:\/\/legumbresmartinez.es\/#\/schema\/logo\/image\/","url":"https:\/\/legumbresmartinez.es\/wp-content\/uploads\/2018\/02\/logotipo-legumbres-gines-martinez.png","contentUrl":"https:\/\/legumbresmartinez.es\/wp-content\/uploads\/2018\/02\/logotipo-legumbres-gines-martinez.png","width":214,"height":181,"caption":"Legumbres Mart\u00ednez"},"image":{"@id":"https:\/\/legumbresmartinez.es\/#\/schema\/logo\/image\/"}}]}},"_links":{"self":[{"href":"https:\/\/legumbresmartinez.es\/en\/wp-json\/wp\/v2\/pages\/2367","targetHints":{"allow":["GET"]}}],"collection":[{"href":"https:\/\/legumbresmartinez.es\/en\/wp-json\/wp\/v2\/pages"}],"about":[{"href":"https:\/\/legumbresmartinez.es\/en\/wp-json\/wp\/v2\/types\/page"}],"author":[{"embeddable":true,"href":"https:\/\/legumbresmartinez.es\/en\/wp-json\/wp\/v2\/users\/5"}],"replies":[{"embeddable":true,"href":"https:\/\/legumbresmartinez.es\/en\/wp-json\/wp\/v2\/comments?post=2367"}],"version-history":[{"count":0,"href":"https:\/\/legumbresmartinez.es\/en\/wp-json\/wp\/v2\/pages\/2367\/revisions"}],"wp:attachment":[{"href":"https:\/\/legumbresmartinez.es\/en\/wp-json\/wp\/v2\/media?parent=2367"}],"curies":[{"name":"wp","href":"https:\/\/api.w.org\/{rel}","templated":true}]}}