{"id":2443,"date":"2018-04-01T08:47:17","date_gmt":"2018-04-01T08:47:17","guid":{"rendered":"https:\/\/legumbresmartinez.es\/producto\/dried-broad-beans\/"},"modified":"2018-04-01T08:47:17","modified_gmt":"2018-04-01T08:47:17","slug":"dried-broad-beans","status":"publish","type":"product","link":"https:\/\/legumbresmartinez.es\/en\/producto\/dried-broad-beans\/","title":{"rendered":"Dried Broad Beans"},"content":{"rendered":"","protected":false},"excerpt":{"rendered":"<h4>Category: Extra<\/h4>\n<p>The grain of dried broad beans is almost oval and slightly flattened, with a greenish-brown colour that darkens over time. This legume is considered an excellent food due to its many health benefits. Dried broad beans are mainly consumed in the Region of Murcia, where they are used to prepare the traditional dish \u201cmichirones\u201d, and are also popular along the eastern coast of Spain.  <\/p>\n","protected":false},"featured_media":2039,"comment_status":"open","ping_status":"closed","template":"","meta":[],"product_brand":[],"product_cat":[87,88],"product_tag":[],"class_list":{"0":"post-2443","1":"product","2":"type-product","3":"status-publish","4":"has-post-thumbnail","6":"product_cat-legumes","7":"product_cat-other-legumes","9":"first","10":"instock","11":"shipping-taxable","12":"purchasable","13":"product-type-variable"},"yoast_head":"<!-- This site is optimized with the Yoast SEO plugin v27.5 - https:\/\/yoast.com\/product\/yoast-seo-wordpress\/ -->\n<title>Dried Broad Beans - Legumbres Martinez - Tradici\u00f3n familiar<\/title>\n<meta name=\"robots\" content=\"index, follow, max-snippet:-1, max-image-preview:large, max-video-preview:-1\" \/>\n<link rel=\"canonical\" href=\"https:\/\/legumbresmartinez.es\/en\/producto\/dried-broad-beans\/\" \/>\n<meta property=\"og:locale\" content=\"en_US\" \/>\n<meta property=\"og:type\" content=\"article\" \/>\n<meta property=\"og:title\" content=\"Dried Broad Beans - Legumbres Martinez - Tradici\u00f3n familiar\" \/>\n<meta property=\"og:description\" content=\"Category: Extra The grain of dried broad beans is almost oval and slightly flattened, with a greenish-brown colour that darkens over time. This legume is considered an excellent food due to its many health benefits. Dried broad beans are mainly consumed in the Region of Murcia, where they are used to prepare the traditional dish \u201cmichirones\u201d, and are also popular along the eastern coast of Spain.\" \/>\n<meta property=\"og:url\" content=\"https:\/\/legumbresmartinez.es\/en\/producto\/dried-broad-beans\/\" \/>\n<meta property=\"og:site_name\" content=\"Legumbres Martinez - Tradici\u00f3n familiar\" \/>\n<meta property=\"og:image\" content=\"https:\/\/legumbresmartinez.es\/wp-content\/uploads\/2018\/03\/otras_habas_secas_5kg.jpg\" \/>\n\t<meta property=\"og:image:width\" content=\"1000\" \/>\n\t<meta property=\"og:image:height\" content=\"1000\" \/>\n\t<meta property=\"og:image:type\" content=\"image\/jpeg\" \/>\n<meta name=\"twitter:card\" content=\"summary_large_image\" \/>\n<!-- \/ Yoast SEO plugin. -->","yoast_head_json":{"title":"Dried Broad Beans - Legumbres Martinez - Tradici\u00f3n familiar","robots":{"index":"index","follow":"follow","max-snippet":"max-snippet:-1","max-image-preview":"max-image-preview:large","max-video-preview":"max-video-preview:-1"},"canonical":"https:\/\/legumbresmartinez.es\/en\/producto\/dried-broad-beans\/","og_locale":"en_US","og_type":"article","og_title":"Dried Broad Beans - Legumbres Martinez - Tradici\u00f3n familiar","og_description":"Category: Extra The grain of dried broad beans is almost oval and slightly flattened, with a greenish-brown colour that darkens over time. This legume is considered an excellent food due to its many health benefits. Dried broad beans are mainly consumed in the Region of Murcia, where they are used to prepare the traditional dish \u201cmichirones\u201d, and are also popular along the eastern coast of Spain.","og_url":"https:\/\/legumbresmartinez.es\/en\/producto\/dried-broad-beans\/","og_site_name":"Legumbres Martinez - Tradici\u00f3n familiar","og_image":[{"width":1000,"height":1000,"url":"https:\/\/legumbresmartinez.es\/wp-content\/uploads\/2018\/03\/otras_habas_secas_5kg.jpg","type":"image\/jpeg"}],"twitter_card":"summary_large_image","schema":{"@context":"https:\/\/schema.org","@graph":[{"@type":"WebPage","@id":"https:\/\/legumbresmartinez.es\/en\/producto\/dried-broad-beans\/","url":"https:\/\/legumbresmartinez.es\/en\/producto\/dried-broad-beans\/","name":"Dried Broad Beans - Legumbres Martinez - Tradici\u00f3n familiar","isPartOf":{"@id":"https:\/\/legumbresmartinez.es\/#website"},"primaryImageOfPage":{"@id":"https:\/\/legumbresmartinez.es\/en\/producto\/dried-broad-beans\/#primaryimage"},"image":{"@id":"https:\/\/legumbresmartinez.es\/en\/producto\/dried-broad-beans\/#primaryimage"},"thumbnailUrl":"https:\/\/legumbresmartinez.es\/wp-content\/uploads\/2018\/03\/otras_habas_secas_5kg.jpg","datePublished":"2018-04-01T08:47:17+00:00","breadcrumb":{"@id":"https:\/\/legumbresmartinez.es\/en\/producto\/dried-broad-beans\/#breadcrumb"},"inLanguage":"en-US","potentialAction":[{"@type":"ReadAction","target":["https:\/\/legumbresmartinez.es\/en\/producto\/dried-broad-beans\/"]}]},{"@type":"ImageObject","inLanguage":"en-US","@id":"https:\/\/legumbresmartinez.es\/en\/producto\/dried-broad-beans\/#primaryimage","url":"https:\/\/legumbresmartinez.es\/wp-content\/uploads\/2018\/03\/otras_habas_secas_5kg.jpg","contentUrl":"https:\/\/legumbresmartinez.es\/wp-content\/uploads\/2018\/03\/otras_habas_secas_5kg.jpg","width":1000,"height":1000,"caption":"Dried Broad Beans 5kg"},{"@type":"BreadcrumbList","@id":"https:\/\/legumbresmartinez.es\/en\/producto\/dried-broad-beans\/#breadcrumb","itemListElement":[{"@type":"ListItem","position":1,"name":"Portada","item":"https:\/\/legumbresmartinez.es\/"},{"@type":"ListItem","position":2,"name":"Store","item":"https:\/\/legumbresmartinez.es\/en\/store\/"},{"@type":"ListItem","position":3,"name":"Dried Broad Beans"}]},{"@type":"WebSite","@id":"https:\/\/legumbresmartinez.es\/#website","url":"https:\/\/legumbresmartinez.es\/","name":"Legumbres Martinez - Tradici\u00f3n familiar","description":"Selecci\u00f3n de las mejores legumbres de Castilla - La Mancha, Castilla y Le\u00f3n, Andaluc\u00eda y otras procedencias","publisher":{"@id":"https:\/\/legumbresmartinez.es\/#organization"},"potentialAction":[{"@type":"SearchAction","target":{"@type":"EntryPoint","urlTemplate":"https:\/\/legumbresmartinez.es\/?s={search_term_string}"},"query-input":{"@type":"PropertyValueSpecification","valueRequired":true,"valueName":"search_term_string"}}],"inLanguage":"en-US"},{"@type":"Organization","@id":"https:\/\/legumbresmartinez.es\/#organization","name":"Legumbres Mart\u00ednez","url":"https:\/\/legumbresmartinez.es\/","logo":{"@type":"ImageObject","inLanguage":"en-US","@id":"https:\/\/legumbresmartinez.es\/#\/schema\/logo\/image\/","url":"https:\/\/legumbresmartinez.es\/wp-content\/uploads\/2018\/02\/logotipo-legumbres-gines-martinez.png","contentUrl":"https:\/\/legumbresmartinez.es\/wp-content\/uploads\/2018\/02\/logotipo-legumbres-gines-martinez.png","width":214,"height":181,"caption":"Legumbres Mart\u00ednez"},"image":{"@id":"https:\/\/legumbresmartinez.es\/#\/schema\/logo\/image\/"}}]}},"_links":{"self":[{"href":"https:\/\/legumbresmartinez.es\/en\/wp-json\/wp\/v2\/product\/2443","targetHints":{"allow":["GET"]}}],"collection":[{"href":"https:\/\/legumbresmartinez.es\/en\/wp-json\/wp\/v2\/product"}],"about":[{"href":"https:\/\/legumbresmartinez.es\/en\/wp-json\/wp\/v2\/types\/product"}],"replies":[{"embeddable":true,"href":"https:\/\/legumbresmartinez.es\/en\/wp-json\/wp\/v2\/comments?post=2443"}],"wp:featuredmedia":[{"embeddable":true,"href":"https:\/\/legumbresmartinez.es\/en\/wp-json\/wp\/v2\/media\/2039"}],"wp:attachment":[{"href":"https:\/\/legumbresmartinez.es\/en\/wp-json\/wp\/v2\/media?parent=2443"}],"wp:term":[{"taxonomy":"product_brand","embeddable":true,"href":"https:\/\/legumbresmartinez.es\/en\/wp-json\/wp\/v2\/product_brand?post=2443"},{"taxonomy":"product_cat","embeddable":true,"href":"https:\/\/legumbresmartinez.es\/en\/wp-json\/wp\/v2\/product_cat?post=2443"},{"taxonomy":"product_tag","embeddable":true,"href":"https:\/\/legumbresmartinez.es\/en\/wp-json\/wp\/v2\/product_tag?post=2443"}],"curies":[{"name":"wp","href":"https:\/\/api.w.org\/{rel}","templated":true}]}}