{"id":2447,"date":"2018-03-07T14:43:14","date_gmt":"2018-03-07T14:43:14","guid":{"rendered":"https:\/\/legumbresmartinez.es\/producto\/peeled-lentil\/"},"modified":"2018-03-07T14:43:14","modified_gmt":"2018-03-07T14:43:14","slug":"peeled-lentil","status":"publish","type":"product","link":"https:\/\/legumbresmartinez.es\/en\/producto\/peeled-lentil\/","title":{"rendered":"Peeled Lentil"},"content":{"rendered":"","protected":false},"excerpt":{"rendered":"<h4>Category: Extra<\/h4>\n<p>Peeled lentils are Castilian lentils that have had their skin removed, leaving a yellow grain. That\u2019s why they are also known as yellow peeled lentils. Since they are skinless, they don\u2019t need soaking and cook quickly. The lack of skin also makes them easier to digest while preserving all the nutritional benefits of lentils.  <\/p>\n","protected":false},"featured_media":1985,"comment_status":"open","ping_status":"closed","template":"","meta":[],"product_brand":[],"product_cat":[87,93],"product_tag":[],"class_list":{"0":"post-2447","1":"product","2":"type-product","3":"status-publish","4":"has-post-thumbnail","6":"product_cat-legumes","7":"product_cat-lentils","9":"first","10":"instock","11":"shipping-taxable","12":"purchasable","13":"product-type-variable"},"yoast_head":"<!-- This site is optimized with the Yoast SEO plugin v27.5 - https:\/\/yoast.com\/product\/yoast-seo-wordpress\/ -->\n<title>Peeled Lentil - Legumbres Martinez - Tradici\u00f3n familiar<\/title>\n<meta name=\"robots\" content=\"index, follow, max-snippet:-1, max-image-preview:large, max-video-preview:-1\" \/>\n<link rel=\"canonical\" href=\"https:\/\/legumbresmartinez.es\/en\/producto\/peeled-lentil\/\" \/>\n<meta property=\"og:locale\" content=\"en_US\" \/>\n<meta property=\"og:type\" content=\"article\" \/>\n<meta property=\"og:title\" content=\"Peeled Lentil - Legumbres Martinez - Tradici\u00f3n familiar\" \/>\n<meta property=\"og:description\" content=\"Category: Extra Peeled lentils are Castilian lentils that have had their skin removed, leaving a yellow grain. That\u2019s why they are also known as yellow peeled lentils. Since they are skinless, they don\u2019t need soaking and cook quickly. The lack of skin also makes them easier to digest while preserving all the nutritional benefits of lentils.\" \/>\n<meta property=\"og:url\" content=\"https:\/\/legumbresmartinez.es\/en\/producto\/peeled-lentil\/\" \/>\n<meta property=\"og:site_name\" content=\"Legumbres Martinez - Tradici\u00f3n familiar\" \/>\n<meta property=\"og:image\" content=\"https:\/\/legumbresmartinez.es\/wp-content\/uploads\/2018\/03\/lenteja_pelada_5kg.jpg\" \/>\n\t<meta property=\"og:image:width\" content=\"1000\" \/>\n\t<meta property=\"og:image:height\" content=\"1000\" \/>\n\t<meta property=\"og:image:type\" content=\"image\/jpeg\" \/>\n<meta name=\"twitter:card\" content=\"summary_large_image\" \/>\n<!-- \/ Yoast SEO plugin. -->","yoast_head_json":{"title":"Peeled Lentil - Legumbres Martinez - Tradici\u00f3n familiar","robots":{"index":"index","follow":"follow","max-snippet":"max-snippet:-1","max-image-preview":"max-image-preview:large","max-video-preview":"max-video-preview:-1"},"canonical":"https:\/\/legumbresmartinez.es\/en\/producto\/peeled-lentil\/","og_locale":"en_US","og_type":"article","og_title":"Peeled Lentil - Legumbres Martinez - Tradici\u00f3n familiar","og_description":"Category: Extra Peeled lentils are Castilian lentils that have had their skin removed, leaving a yellow grain. That\u2019s why they are also known as yellow peeled lentils. Since they are skinless, they don\u2019t need soaking and cook quickly. The lack of skin also makes them easier to digest while preserving all the nutritional benefits of lentils.","og_url":"https:\/\/legumbresmartinez.es\/en\/producto\/peeled-lentil\/","og_site_name":"Legumbres Martinez - Tradici\u00f3n familiar","og_image":[{"width":1000,"height":1000,"url":"https:\/\/legumbresmartinez.es\/wp-content\/uploads\/2018\/03\/lenteja_pelada_5kg.jpg","type":"image\/jpeg"}],"twitter_card":"summary_large_image","schema":{"@context":"https:\/\/schema.org","@graph":[{"@type":"WebPage","@id":"https:\/\/legumbresmartinez.es\/en\/producto\/peeled-lentil\/","url":"https:\/\/legumbresmartinez.es\/en\/producto\/peeled-lentil\/","name":"Peeled Lentil - Legumbres Martinez - Tradici\u00f3n familiar","isPartOf":{"@id":"https:\/\/legumbresmartinez.es\/#website"},"primaryImageOfPage":{"@id":"https:\/\/legumbresmartinez.es\/en\/producto\/peeled-lentil\/#primaryimage"},"image":{"@id":"https:\/\/legumbresmartinez.es\/en\/producto\/peeled-lentil\/#primaryimage"},"thumbnailUrl":"https:\/\/legumbresmartinez.es\/wp-content\/uploads\/2018\/03\/lenteja_pelada_5kg.jpg","datePublished":"2018-03-07T14:43:14+00:00","breadcrumb":{"@id":"https:\/\/legumbresmartinez.es\/en\/producto\/peeled-lentil\/#breadcrumb"},"inLanguage":"en-US","potentialAction":[{"@type":"ReadAction","target":["https:\/\/legumbresmartinez.es\/en\/producto\/peeled-lentil\/"]}]},{"@type":"ImageObject","inLanguage":"en-US","@id":"https:\/\/legumbresmartinez.es\/en\/producto\/peeled-lentil\/#primaryimage","url":"https:\/\/legumbresmartinez.es\/wp-content\/uploads\/2018\/03\/lenteja_pelada_5kg.jpg","contentUrl":"https:\/\/legumbresmartinez.es\/wp-content\/uploads\/2018\/03\/lenteja_pelada_5kg.jpg","width":1000,"height":1000,"caption":"Peeled Lentil 5kg"},{"@type":"BreadcrumbList","@id":"https:\/\/legumbresmartinez.es\/en\/producto\/peeled-lentil\/#breadcrumb","itemListElement":[{"@type":"ListItem","position":1,"name":"Portada","item":"https:\/\/legumbresmartinez.es\/"},{"@type":"ListItem","position":2,"name":"Store","item":"https:\/\/legumbresmartinez.es\/en\/store\/"},{"@type":"ListItem","position":3,"name":"Peeled Lentil"}]},{"@type":"WebSite","@id":"https:\/\/legumbresmartinez.es\/#website","url":"https:\/\/legumbresmartinez.es\/","name":"Legumbres Martinez - Tradici\u00f3n familiar","description":"Selecci\u00f3n de las mejores legumbres de Castilla - La Mancha, Castilla y Le\u00f3n, Andaluc\u00eda y otras procedencias","publisher":{"@id":"https:\/\/legumbresmartinez.es\/#organization"},"potentialAction":[{"@type":"SearchAction","target":{"@type":"EntryPoint","urlTemplate":"https:\/\/legumbresmartinez.es\/?s={search_term_string}"},"query-input":{"@type":"PropertyValueSpecification","valueRequired":true,"valueName":"search_term_string"}}],"inLanguage":"en-US"},{"@type":"Organization","@id":"https:\/\/legumbresmartinez.es\/#organization","name":"Legumbres Mart\u00ednez","url":"https:\/\/legumbresmartinez.es\/","logo":{"@type":"ImageObject","inLanguage":"en-US","@id":"https:\/\/legumbresmartinez.es\/#\/schema\/logo\/image\/","url":"https:\/\/legumbresmartinez.es\/wp-content\/uploads\/2018\/02\/logotipo-legumbres-gines-martinez.png","contentUrl":"https:\/\/legumbresmartinez.es\/wp-content\/uploads\/2018\/02\/logotipo-legumbres-gines-martinez.png","width":214,"height":181,"caption":"Legumbres Mart\u00ednez"},"image":{"@id":"https:\/\/legumbresmartinez.es\/#\/schema\/logo\/image\/"}}]}},"_links":{"self":[{"href":"https:\/\/legumbresmartinez.es\/en\/wp-json\/wp\/v2\/product\/2447","targetHints":{"allow":["GET"]}}],"collection":[{"href":"https:\/\/legumbresmartinez.es\/en\/wp-json\/wp\/v2\/product"}],"about":[{"href":"https:\/\/legumbresmartinez.es\/en\/wp-json\/wp\/v2\/types\/product"}],"replies":[{"embeddable":true,"href":"https:\/\/legumbresmartinez.es\/en\/wp-json\/wp\/v2\/comments?post=2447"}],"wp:featuredmedia":[{"embeddable":true,"href":"https:\/\/legumbresmartinez.es\/en\/wp-json\/wp\/v2\/media\/1985"}],"wp:attachment":[{"href":"https:\/\/legumbresmartinez.es\/en\/wp-json\/wp\/v2\/media?parent=2447"}],"wp:term":[{"taxonomy":"product_brand","embeddable":true,"href":"https:\/\/legumbresmartinez.es\/en\/wp-json\/wp\/v2\/product_brand?post=2447"},{"taxonomy":"product_cat","embeddable":true,"href":"https:\/\/legumbresmartinez.es\/en\/wp-json\/wp\/v2\/product_cat?post=2447"},{"taxonomy":"product_tag","embeddable":true,"href":"https:\/\/legumbresmartinez.es\/en\/wp-json\/wp\/v2\/product_tag?post=2447"}],"curies":[{"name":"wp","href":"https:\/\/api.w.org\/{rel}","templated":true}]}}