{"id":3237,"date":"2018-06-19T21:15:42","date_gmt":"2018-06-19T21:15:42","guid":{"rendered":"https:\/\/legumbresmartinez.es\/producto\/broken-rice\/"},"modified":"2018-06-19T21:15:42","modified_gmt":"2018-06-19T21:15:42","slug":"broken-rice","status":"publish","type":"product","link":"https:\/\/legumbresmartinez.es\/en\/producto\/broken-rice\/","title":{"rendered":"Broken Rice"},"content":{"rendered":"","protected":false},"excerpt":{"rendered":"<div class=\"formatos_semillas\">\n<h2>Formats:<\/h2>\n<p>25kg, 40kg, big bag and bulk.\n<\/p><\/div>\n","protected":false},"featured_media":2191,"comment_status":"open","ping_status":"closed","template":"","meta":[],"product_brand":[],"product_cat":[115,113],"product_tag":[],"class_list":{"0":"post-3237","1":"product","2":"type-product","3":"status-publish","4":"has-post-thumbnail","6":"product_cat-cereals","7":"product_cat-seeds","9":"first","10":"instock","11":"shipping-taxable","12":"product-type-simple"},"yoast_head":"<!-- This site is optimized with the Yoast SEO plugin v27.4 - https:\/\/yoast.com\/product\/yoast-seo-wordpress\/ -->\n<title>Broken Rice - Legumbres Martinez - Tradici\u00f3n familiar<\/title>\n<meta name=\"robots\" content=\"index, follow, max-snippet:-1, max-image-preview:large, max-video-preview:-1\" \/>\n<link rel=\"canonical\" href=\"https:\/\/legumbresmartinez.es\/en\/producto\/broken-rice\/\" \/>\n<meta property=\"og:locale\" content=\"en_US\" \/>\n<meta property=\"og:type\" content=\"article\" \/>\n<meta property=\"og:title\" content=\"Broken Rice - Legumbres Martinez - Tradici\u00f3n familiar\" \/>\n<meta property=\"og:description\" content=\"Formats: 25kg, 40kg, big bag and bulk.\" \/>\n<meta property=\"og:url\" content=\"https:\/\/legumbresmartinez.es\/en\/producto\/broken-rice\/\" \/>\n<meta property=\"og:site_name\" content=\"Legumbres Martinez - Tradici\u00f3n familiar\" \/>\n<meta property=\"og:image\" content=\"https:\/\/legumbresmartinez.es\/wp-content\/uploads\/2019\/08\/2_8_arroz_partido.jpg\" \/>\n\t<meta property=\"og:image:width\" content=\"1000\" \/>\n\t<meta property=\"og:image:height\" content=\"1000\" \/>\n\t<meta property=\"og:image:type\" content=\"image\/jpeg\" \/>\n<meta name=\"twitter:card\" content=\"summary_large_image\" \/>\n<!-- \/ Yoast SEO plugin. -->","yoast_head_json":{"title":"Broken Rice - Legumbres Martinez - Tradici\u00f3n familiar","robots":{"index":"index","follow":"follow","max-snippet":"max-snippet:-1","max-image-preview":"max-image-preview:large","max-video-preview":"max-video-preview:-1"},"canonical":"https:\/\/legumbresmartinez.es\/en\/producto\/broken-rice\/","og_locale":"en_US","og_type":"article","og_title":"Broken Rice - Legumbres Martinez - Tradici\u00f3n familiar","og_description":"Formats: 25kg, 40kg, big bag and bulk.","og_url":"https:\/\/legumbresmartinez.es\/en\/producto\/broken-rice\/","og_site_name":"Legumbres Martinez - Tradici\u00f3n familiar","og_image":[{"width":1000,"height":1000,"url":"https:\/\/legumbresmartinez.es\/wp-content\/uploads\/2019\/08\/2_8_arroz_partido.jpg","type":"image\/jpeg"}],"twitter_card":"summary_large_image","schema":{"@context":"https:\/\/schema.org","@graph":[{"@type":"WebPage","@id":"https:\/\/legumbresmartinez.es\/en\/producto\/broken-rice\/","url":"https:\/\/legumbresmartinez.es\/en\/producto\/broken-rice\/","name":"Broken Rice - Legumbres Martinez - Tradici\u00f3n familiar","isPartOf":{"@id":"https:\/\/legumbresmartinez.es\/#website"},"primaryImageOfPage":{"@id":"https:\/\/legumbresmartinez.es\/en\/producto\/broken-rice\/#primaryimage"},"image":{"@id":"https:\/\/legumbresmartinez.es\/en\/producto\/broken-rice\/#primaryimage"},"thumbnailUrl":"https:\/\/legumbresmartinez.es\/wp-content\/uploads\/2019\/08\/2_8_arroz_partido.jpg","datePublished":"2018-06-19T21:15:42+00:00","breadcrumb":{"@id":"https:\/\/legumbresmartinez.es\/en\/producto\/broken-rice\/#breadcrumb"},"inLanguage":"en-US","potentialAction":[{"@type":"ReadAction","target":["https:\/\/legumbresmartinez.es\/en\/producto\/broken-rice\/"]}]},{"@type":"ImageObject","inLanguage":"en-US","@id":"https:\/\/legumbresmartinez.es\/en\/producto\/broken-rice\/#primaryimage","url":"https:\/\/legumbresmartinez.es\/wp-content\/uploads\/2019\/08\/2_8_arroz_partido.jpg","contentUrl":"https:\/\/legumbresmartinez.es\/wp-content\/uploads\/2019\/08\/2_8_arroz_partido.jpg","width":1000,"height":1000,"caption":"Broken Rice"},{"@type":"BreadcrumbList","@id":"https:\/\/legumbresmartinez.es\/en\/producto\/broken-rice\/#breadcrumb","itemListElement":[{"@type":"ListItem","position":1,"name":"Portada","item":"https:\/\/legumbresmartinez.es\/"},{"@type":"ListItem","position":2,"name":"Store","item":"https:\/\/legumbresmartinez.es\/en\/store\/"},{"@type":"ListItem","position":3,"name":"Broken Rice"}]},{"@type":"WebSite","@id":"https:\/\/legumbresmartinez.es\/#website","url":"https:\/\/legumbresmartinez.es\/","name":"Legumbres Martinez - Tradici\u00f3n familiar","description":"Selecci\u00f3n de las mejores legumbres de Castilla - La Mancha, Castilla y Le\u00f3n, Andaluc\u00eda y otras procedencias","publisher":{"@id":"https:\/\/legumbresmartinez.es\/#organization"},"potentialAction":[{"@type":"SearchAction","target":{"@type":"EntryPoint","urlTemplate":"https:\/\/legumbresmartinez.es\/?s={search_term_string}"},"query-input":{"@type":"PropertyValueSpecification","valueRequired":true,"valueName":"search_term_string"}}],"inLanguage":"en-US"},{"@type":"Organization","@id":"https:\/\/legumbresmartinez.es\/#organization","name":"Legumbres Mart\u00ednez","url":"https:\/\/legumbresmartinez.es\/","logo":{"@type":"ImageObject","inLanguage":"en-US","@id":"https:\/\/legumbresmartinez.es\/#\/schema\/logo\/image\/","url":"https:\/\/legumbresmartinez.es\/wp-content\/uploads\/2018\/02\/logotipo-legumbres-gines-martinez.png","contentUrl":"https:\/\/legumbresmartinez.es\/wp-content\/uploads\/2018\/02\/logotipo-legumbres-gines-martinez.png","width":214,"height":181,"caption":"Legumbres Mart\u00ednez"},"image":{"@id":"https:\/\/legumbresmartinez.es\/#\/schema\/logo\/image\/"}}]}},"_links":{"self":[{"href":"https:\/\/legumbresmartinez.es\/en\/wp-json\/wp\/v2\/product\/3237","targetHints":{"allow":["GET"]}}],"collection":[{"href":"https:\/\/legumbresmartinez.es\/en\/wp-json\/wp\/v2\/product"}],"about":[{"href":"https:\/\/legumbresmartinez.es\/en\/wp-json\/wp\/v2\/types\/product"}],"replies":[{"embeddable":true,"href":"https:\/\/legumbresmartinez.es\/en\/wp-json\/wp\/v2\/comments?post=3237"}],"wp:featuredmedia":[{"embeddable":true,"href":"https:\/\/legumbresmartinez.es\/en\/wp-json\/wp\/v2\/media\/2191"}],"wp:attachment":[{"href":"https:\/\/legumbresmartinez.es\/en\/wp-json\/wp\/v2\/media?parent=3237"}],"wp:term":[{"taxonomy":"product_brand","embeddable":true,"href":"https:\/\/legumbresmartinez.es\/en\/wp-json\/wp\/v2\/product_brand?post=3237"},{"taxonomy":"product_cat","embeddable":true,"href":"https:\/\/legumbresmartinez.es\/en\/wp-json\/wp\/v2\/product_cat?post=3237"},{"taxonomy":"product_tag","embeddable":true,"href":"https:\/\/legumbresmartinez.es\/en\/wp-json\/wp\/v2\/product_tag?post=3237"}],"curies":[{"name":"wp","href":"https:\/\/api.w.org\/{rel}","templated":true}]}}