{"id":2259,"date":"2018-11-13T11:52:47","date_gmt":"2018-11-13T11:52:47","guid":{"rendered":"https:\/\/legumbresmartinez.es\/politique-de-protection-des-donnees\/"},"modified":"2025-05-06T07:46:28","modified_gmt":"2025-05-06T07:46:28","slug":"politique-de-protection-des-donnees","status":"publish","type":"page","link":"https:\/\/legumbresmartinez.es\/fr\/politique-de-protection-des-donnees\/","title":{"rendered":"Politique de Protection des Donn\u00e9es"},"content":{"rendered":"<p>[et_pb_section bb_built=\u00a0\u00bb1&Prime; fullwidth=\u00a0\u00bbon\u00a0\u00bb _builder_version=\u00a0\u00bb3.0.105&Prime; background_image=\u00a0\u00bbhttps:\/\/legumbresmartinez.es\/wp-content\/uploads\/2018\/11\/legal.jpg\u00a0\u00bb background_position=\u00a0\u00bbtop_left\u00a0\u00bb next_background_color=\u00a0\u00bb#000000&Prime;][et_pb_fullwidth_header title=\u00a0\u00bbPolitique de Protection des Donn\u00e9es\u00a0\u00bb background_layout=\u00a0\u00bbdark\u00a0\u00bb text_orientation=\u00a0\u00bbcenter\u00a0\u00bb scroll_down_icon_color=\u00a0\u00bb#ffffff\u00a0\u00bb scroll_down_icon_size=\u00a0\u00bb31px\u00a0\u00bb background_overlay_color=\u00a0\u00bbrgba(33,26,108,0.18)\u00a0\u00bb _builder_version=\u00a0\u00bb3.0.105&Prime; title_font=\u00a0\u00bbSatisfy||||||||\u00a0\u00bb title_font_size=\u00a0\u00bb80px\u00a0\u00bb title_font_size_tablet=\u00a0\u00bb60px\u00a0\u00bb title_font_size_phone=\u00a0\u00bb32px\u00a0\u00bb title_font_size_last_edited=\u00a0\u00bbon|phone\u00a0\u00bb title_line_height=\u00a0\u00bb1.5em\u00a0\u00bb subhead_font=\u00a0\u00bbSatisfy||||||||\u00a0\u00bb subhead_font_size=\u00a0\u00bb48&Prime; subhead_line_height=\u00a0\u00bb1.2em\u00a0\u00bb header_fullscreen=\u00a0\u00bboff\u00a0\u00bb header_scroll_down=\u00a0\u00bboff\u00a0\u00bb image_orientation=\u00a0\u00bbcenter\u00a0\u00bb content_orientation=\u00a0\u00bbcenter\u00a0\u00bb custom_button_two=\u00a0\u00bboff\u00a0\u00bb button_two_icon_placement=\u00a0\u00bbright\u00a0\u00bb custom_button_one=\u00a0\u00bboff\u00a0\u00bb button_one_icon_placement=\u00a0\u00bbright\u00a0\u00bb background_position=\u00a0\u00bbtop_left\u00a0\u00bb background_repeat=\u00a0\u00bbrepeat\u00a0\u00bb background_size=\u00a0\u00bbinitial\u00a0\u00bb \/][\/et_pb_section][et_pb_section bb_built=\u00a0\u00bb1&Prime; _builder_version=\u00a0\u00bb3.0.105&Prime; custom_padding=\u00a0\u00bb15px|0px|0px|0px\u00a0\u00bb prev_background_color=\u00a0\u00bb#000000&Prime; custom_margin=\u00a0\u00bb||50px|\u00a0\u00bb][et_pb_row _builder_version=\u00a0\u00bb3.0.47&Prime; background_size=\u00a0\u00bbinitial\u00a0\u00bb background_position=\u00a0\u00bbtop_left\u00a0\u00bb background_repeat=\u00a0\u00bbrepeat\u00a0\u00bb][et_pb_column type=\u00a0\u00bb4_4&Prime;][et_pb_text _builder_version=\u00a0\u00bb3.0.105&Prime; background_layout=\u00a0\u00bblight\u00a0\u00bb text_orientation=\u00a0\u00bbjustified\u00a0\u00bb custom_css_main_element=\u00a0\u00bbmax-width:800px;||margin:0 auto;||color:#666;\u00a0\u00bb]<\/p>\n<p>La Direction \/ Organe de Gouvernement de <strong>GIN\u00c9S MART\u00cdNEZ E HIJOS S.L<\/strong>. (ci-apr\u00e8s, le responsable du traitement) assume la plus haute responsabilit\u00e9 et l\u2019engagement d\u2019\u00e9tablir, de mettre en \u0153uvre et de maintenir la pr\u00e9sente Politique de Protection des Donn\u00e9es, garantissant l\u2019am\u00e9lioration continue de l\u2019organisme afin d\u2019atteindre l\u2019excellence en mati\u00e8re de conformit\u00e9 au R\u00e8glement (UE) 2016\/679 du Parlement europ\u00e9en et du Conseil du 27 avril 2016 (R\u00e8glement G\u00e9n\u00e9ral sur la Protection des Donn\u00e9es \u2013 RGPD), ainsi qu\u2019\u00e0 la l\u00e9gislation espagnole en mati\u00e8re de protection des donn\u00e9es personnelles (Loi Organique, l\u00e9gislation sectorielle et normes compl\u00e9mentaires). <\/p>\n<p>La Politique de Protection des Donn\u00e9es de <strong>GIN\u00c9S MART\u00cdNEZ E HIJOS S.L.<\/strong> repose sur le <u>principe de responsabilit\u00e9 proactive<\/u>, selon lequel le responsable du traitement doit respecter le cadre l\u00e9gal et jurisprudentiel applicable, et \u00eatre en mesure d\u2019en d\u00e9montrer la conformit\u00e9 devant les autorit\u00e9s de contr\u00f4le comp\u00e9tentes.<\/p>\n<p>\u00c0 cet effet, le responsable du traitement se guide par les principes suivants, qui doivent servir de r\u00e9f\u00e9rence \u00e0 tout le personnel dans la gestion des donn\u00e9es personnelles :<\/p>\n<ul>\n<li><strong>Protection des donn\u00e9es d\u00e8s la conception : <\/strong>Des mesures techniques et organisationnelles appropri\u00e9es seront mises en \u0153uvre d\u00e8s la d\u00e9finition des moyens de traitement, comme la pseudonymisation, afin d\u2019appliquer efficacement les principes de protection des donn\u00e9es.<\/li>\n<li><strong>Protection des donn\u00e9es par d\u00e9faut :<\/strong> Seules les donn\u00e9es strictement n\u00e9cessaires \u00e0 chaque finalit\u00e9 sp\u00e9cifique seront trait\u00e9es.<\/li>\n<li><strong>Protection tout au long du cycle de vie de l&rsquo;information :<\/strong> Les mesures de s\u00e9curit\u00e9 s\u2019appliqueront durant tout le cycle de vie de l\u2019information.<\/li>\n<li><strong>L\u00e9galit\u00e9, loyaut\u00e9 et transparence :<\/strong> Les donn\u00e9es seront trait\u00e9es de mani\u00e8re l\u00e9gale, loyale et transparente vis-\u00e0-vis des personnes concern\u00e9es.<\/li>\n<li><strong>Limitation des finalit\u00e9s :<\/strong> Les donn\u00e9es seront collect\u00e9es pour des objectifs sp\u00e9cifiques, explicites et l\u00e9gitimes, et ne seront pas utilis\u00e9es de mani\u00e8re incompatible avec ces finalit\u00e9s.<\/li>\n<li><strong>Minimisation des donn\u00e9es :<\/strong> Les donn\u00e9es collect\u00e9es seront pertinentes, ad\u00e9quates et limit\u00e9es \u00e0 ce qui est strictement n\u00e9cessaire.<\/li>\n<li><strong>Exactitude :<\/strong> Les donn\u00e9es seront exactes et mises \u00e0 jour. Les donn\u00e9es inexactes seront supprim\u00e9es ou rectifi\u00e9es sans d\u00e9lai<\/li>\n<li><strong>Limitation de conservation :<\/strong> Les donn\u00e9es ne seront conserv\u00e9es que pendant la dur\u00e9e strictement n\u00e9cessaire aux finalit\u00e9s pour lesquelles elles ont \u00e9t\u00e9 collect\u00e9es.<\/li>\n<li><strong>Int\u00e9grit\u00e9 et confidentialit\u00e9 :<\/strong> Des mesures appropri\u00e9es garantiront la s\u00e9curit\u00e9 des donn\u00e9es, les prot\u00e9geant contre les acc\u00e8s non autoris\u00e9s ou illicites, et contre la perte, la destruction ou les dommages accidentels.<\/li>\n<li><strong>Information et formation :<\/strong> La formation du personnel est essentielle. Tout le personnel ayant acc\u00e8s aux donn\u00e9es recevra l&rsquo;information et la formation n\u00e9cessaires pour respecter la r\u00e9glementation en vigueur. <\/li>\n<\/ul>\n<p><strong>La pr\u00e9sente Politique<\/strong> est communiqu\u00e9e \u00e0 l\u2019ensemble du personnel et accessible \u00e0 toutes les parties int\u00e9ress\u00e9es.<\/p>\n<p>Tous les employ\u00e9s doivent en avoir connaissance, l\u2019appliquer et la consid\u00e9rer comme un engagement personnel. Chacun est responsable de la conformit\u00e9 dans son domaine d\u2019activit\u00e9 et encourag\u00e9 \u00e0 proposer des am\u00e9liorations continues.<\/p>\n<p>La pr\u00e9sente Politique sera r\u00e9vis\u00e9e par la Direction \/ Organe de Gouvernement de <strong>GIN\u00c9S MART\u00cdNEZ E HIJOS S.L.<\/strong> aussi souvent que n\u00e9cessaire pour rester conforme \u00e0 la l\u00e9gislation en vigueur en mati\u00e8re de protection des donn\u00e9es personnelles.<\/p>\n<p>[\/et_pb_text][\/et_pb_column][\/et_pb_row][\/et_pb_section]<\/p>\n","protected":false},"excerpt":{"rendered":"<p>[et_pb_section bb_built=\u00a0\u00bb1&Prime; fullwidth=\u00a0\u00bbon\u00a0\u00bb _builder_version=\u00a0\u00bb3.0.105&Prime; background_image=\u00a0\u00bbhttps:\/\/legumbresmartinez.es\/wp-content\/uploads\/2018\/11\/legal.jpg\u00a0\u00bb background_position=\u00a0\u00bbtop_left\u00a0\u00bb next_background_color=\u00a0\u00bb#000000&Prime;][et_pb_fullwidth_header title=\u00a0\u00bbPolitique de Protection des Donn\u00e9es\u00a0\u00bb background_layout=\u00a0\u00bbdark\u00a0\u00bb text_orientation=\u00a0\u00bbcenter\u00a0\u00bb scroll_down_icon_color=\u00a0\u00bb#ffffff\u00a0\u00bb scroll_down_icon_size=\u00a0\u00bb31px\u00a0\u00bb background_overlay_color=\u00a0\u00bbrgba(33,26,108,0.18)\u00a0\u00bb _builder_version=\u00a0\u00bb3.0.105&Prime; title_font=\u00a0\u00bbSatisfy||||||||\u00a0\u00bb title_font_size=\u00a0\u00bb80px\u00a0\u00bb title_font_size_tablet=\u00a0\u00bb60px\u00a0\u00bb title_font_size_phone=\u00a0\u00bb32px\u00a0\u00bb title_font_size_last_edited=\u00a0\u00bbon|phone\u00a0\u00bb title_line_height=\u00a0\u00bb1.5em\u00a0\u00bb subhead_font=\u00a0\u00bbSatisfy||||||||\u00a0\u00bb subhead_font_size=\u00a0\u00bb48&Prime; subhead_line_height=\u00a0\u00bb1.2em\u00a0\u00bb header_fullscreen=\u00a0\u00bboff\u00a0\u00bb header_scroll_down=\u00a0\u00bboff\u00a0\u00bb image_orientation=\u00a0\u00bbcenter\u00a0\u00bb content_orientation=\u00a0\u00bbcenter\u00a0\u00bb custom_button_two=\u00a0\u00bboff\u00a0\u00bb button_two_icon_placement=\u00a0\u00bbright\u00a0\u00bb custom_button_one=\u00a0\u00bboff\u00a0\u00bb button_one_icon_placement=\u00a0\u00bbright\u00a0\u00bb background_position=\u00a0\u00bbtop_left\u00a0\u00bb background_repeat=\u00a0\u00bbrepeat\u00a0\u00bb background_size=\u00a0\u00bbinitial\u00a0\u00bb \/][\/et_pb_section][et_pb_section bb_built=\u00a0\u00bb1&Prime; _builder_version=\u00a0\u00bb3.0.105&Prime; custom_padding=\u00a0\u00bb15px|0px|0px|0px\u00a0\u00bb prev_background_color=\u00a0\u00bb#000000&Prime; custom_margin=\u00a0\u00bb||50px|\u00a0\u00bb][et_pb_row _builder_version=\u00a0\u00bb3.0.47&Prime; background_size=\u00a0\u00bbinitial\u00a0\u00bb background_position=\u00a0\u00bbtop_left\u00a0\u00bb background_repeat=\u00a0\u00bbrepeat\u00a0\u00bb][et_pb_column type=\u00a0\u00bb4_4&Prime;][et_pb_text _builder_version=\u00a0\u00bb3.0.105&Prime; background_layout=\u00a0\u00bblight\u00a0\u00bb text_orientation=\u00a0\u00bbjustified\u00a0\u00bb custom_css_main_element=\u00a0\u00bbmax-width:800px;||margin:0 auto;||color:#666;\u00a0\u00bb] La [&hellip;]<\/p>\n","protected":false},"author":4,"featured_media":0,"parent":0,"menu_order":0,"comment_status":"closed","ping_status":"closed","template":"","meta":{"footnotes":""},"class_list":["post-2259","page","type-page","status-publish","hentry"],"yoast_head":"<!-- This site is optimized with the Yoast SEO plugin v27.4 - https:\/\/yoast.com\/product\/yoast-seo-wordpress\/ -->\n<title>Politique de Protection des Donn\u00e9es - Legumbres Martinez - Tradici\u00f3n familiar<\/title>\n<meta name=\"robots\" content=\"index, follow, max-snippet:-1, max-image-preview:large, max-video-preview:-1\" \/>\n<link rel=\"canonical\" href=\"https:\/\/legumbresmartinez.es\/fr\/politique-de-protection-des-donnees\/\" \/>\n<meta property=\"og:locale\" content=\"fr_FR\" \/>\n<meta property=\"og:type\" content=\"article\" \/>\n<meta property=\"og:title\" content=\"Politique de Protection des Donn\u00e9es - Legumbres Martinez - Tradici\u00f3n familiar\" \/>\n<meta property=\"og:description\" content=\"[et_pb_section bb_built=\u00a0\u00bb1&Prime; fullwidth=\u00a0\u00bbon\u00a0\u00bb _builder_version=\u00a0\u00bb3.0.105&Prime; background_image=\u00a0\u00bbhttps:\/\/legumbresmartinez.es\/wp-content\/uploads\/2018\/11\/legal.jpg\u00a0\u00bb background_position=\u00a0\u00bbtop_left\u00a0\u00bb next_background_color=\u00a0\u00bb#000000&Prime;][et_pb_fullwidth_header title=\u00a0\u00bbPolitique de Protection des Donn\u00e9es\u00a0\u00bb background_layout=\u00a0\u00bbdark\u00a0\u00bb text_orientation=\u00a0\u00bbcenter\u00a0\u00bb scroll_down_icon_color=\u00a0\u00bb#ffffff\u00a0\u00bb scroll_down_icon_size=\u00a0\u00bb31px\u00a0\u00bb background_overlay_color=\u00a0\u00bbrgba(33,26,108,0.18)\u00a0\u00bb _builder_version=\u00a0\u00bb3.0.105&Prime; title_font=\u00a0\u00bbSatisfy||||||||\u00a0\u00bb title_font_size=\u00a0\u00bb80px\u00a0\u00bb title_font_size_tablet=\u00a0\u00bb60px\u00a0\u00bb title_font_size_phone=\u00a0\u00bb32px\u00a0\u00bb title_font_size_last_edited=\u00a0\u00bbon|phone\u00a0\u00bb title_line_height=\u00a0\u00bb1.5em\u00a0\u00bb subhead_font=\u00a0\u00bbSatisfy||||||||\u00a0\u00bb subhead_font_size=\u00a0\u00bb48&Prime; subhead_line_height=\u00a0\u00bb1.2em\u00a0\u00bb header_fullscreen=\u00a0\u00bboff\u00a0\u00bb header_scroll_down=\u00a0\u00bboff\u00a0\u00bb image_orientation=\u00a0\u00bbcenter\u00a0\u00bb content_orientation=\u00a0\u00bbcenter\u00a0\u00bb custom_button_two=\u00a0\u00bboff\u00a0\u00bb button_two_icon_placement=\u00a0\u00bbright\u00a0\u00bb custom_button_one=\u00a0\u00bboff\u00a0\u00bb button_one_icon_placement=\u00a0\u00bbright\u00a0\u00bb background_position=\u00a0\u00bbtop_left\u00a0\u00bb background_repeat=\u00a0\u00bbrepeat\u00a0\u00bb background_size=\u00a0\u00bbinitial\u00a0\u00bb \/][\/et_pb_section][et_pb_section bb_built=\u00a0\u00bb1&Prime; _builder_version=\u00a0\u00bb3.0.105&Prime; custom_padding=\u00a0\u00bb15px|0px|0px|0px\u00a0\u00bb prev_background_color=\u00a0\u00bb#000000&Prime; custom_margin=\u00a0\u00bb||50px|\u00a0\u00bb][et_pb_row _builder_version=\u00a0\u00bb3.0.47&Prime; background_size=\u00a0\u00bbinitial\u00a0\u00bb background_position=\u00a0\u00bbtop_left\u00a0\u00bb background_repeat=\u00a0\u00bbrepeat\u00a0\u00bb][et_pb_column type=\u00a0\u00bb4_4&Prime;][et_pb_text _builder_version=\u00a0\u00bb3.0.105&Prime; background_layout=\u00a0\u00bblight\u00a0\u00bb text_orientation=\u00a0\u00bbjustified\u00a0\u00bb custom_css_main_element=\u00a0\u00bbmax-width:800px;||margin:0 auto;||color:#666;\u00a0\u00bb] La [&hellip;]\" \/>\n<meta property=\"og:url\" content=\"https:\/\/legumbresmartinez.es\/fr\/politique-de-protection-des-donnees\/\" \/>\n<meta property=\"og:site_name\" content=\"Legumbres Martinez - Tradici\u00f3n familiar\" \/>\n<meta property=\"article:modified_time\" content=\"2025-05-06T07:46:28+00:00\" \/>\n<meta name=\"twitter:card\" content=\"summary_large_image\" \/>\n<meta name=\"twitter:label1\" content=\"Dur\u00e9e de lecture estim\u00e9e\" \/>\n\t<meta name=\"twitter:data1\" content=\"4 minutes\" \/>\n<!-- \/ Yoast SEO plugin. -->","yoast_head_json":{"title":"Politique de Protection des Donn\u00e9es - Legumbres Martinez - Tradici\u00f3n familiar","robots":{"index":"index","follow":"follow","max-snippet":"max-snippet:-1","max-image-preview":"max-image-preview:large","max-video-preview":"max-video-preview:-1"},"canonical":"https:\/\/legumbresmartinez.es\/fr\/politique-de-protection-des-donnees\/","og_locale":"fr_FR","og_type":"article","og_title":"Politique de Protection des Donn\u00e9es - Legumbres Martinez - Tradici\u00f3n familiar","og_description":"[et_pb_section bb_built=\u00a0\u00bb1&Prime; fullwidth=\u00a0\u00bbon\u00a0\u00bb _builder_version=\u00a0\u00bb3.0.105&Prime; background_image=\u00a0\u00bbhttps:\/\/legumbresmartinez.es\/wp-content\/uploads\/2018\/11\/legal.jpg\u00a0\u00bb background_position=\u00a0\u00bbtop_left\u00a0\u00bb next_background_color=\u00a0\u00bb#000000&Prime;][et_pb_fullwidth_header title=\u00a0\u00bbPolitique de Protection des Donn\u00e9es\u00a0\u00bb background_layout=\u00a0\u00bbdark\u00a0\u00bb text_orientation=\u00a0\u00bbcenter\u00a0\u00bb scroll_down_icon_color=\u00a0\u00bb#ffffff\u00a0\u00bb scroll_down_icon_size=\u00a0\u00bb31px\u00a0\u00bb background_overlay_color=\u00a0\u00bbrgba(33,26,108,0.18)\u00a0\u00bb _builder_version=\u00a0\u00bb3.0.105&Prime; title_font=\u00a0\u00bbSatisfy||||||||\u00a0\u00bb title_font_size=\u00a0\u00bb80px\u00a0\u00bb title_font_size_tablet=\u00a0\u00bb60px\u00a0\u00bb title_font_size_phone=\u00a0\u00bb32px\u00a0\u00bb title_font_size_last_edited=\u00a0\u00bbon|phone\u00a0\u00bb title_line_height=\u00a0\u00bb1.5em\u00a0\u00bb subhead_font=\u00a0\u00bbSatisfy||||||||\u00a0\u00bb subhead_font_size=\u00a0\u00bb48&Prime; subhead_line_height=\u00a0\u00bb1.2em\u00a0\u00bb header_fullscreen=\u00a0\u00bboff\u00a0\u00bb header_scroll_down=\u00a0\u00bboff\u00a0\u00bb image_orientation=\u00a0\u00bbcenter\u00a0\u00bb content_orientation=\u00a0\u00bbcenter\u00a0\u00bb custom_button_two=\u00a0\u00bboff\u00a0\u00bb button_two_icon_placement=\u00a0\u00bbright\u00a0\u00bb custom_button_one=\u00a0\u00bboff\u00a0\u00bb button_one_icon_placement=\u00a0\u00bbright\u00a0\u00bb background_position=\u00a0\u00bbtop_left\u00a0\u00bb background_repeat=\u00a0\u00bbrepeat\u00a0\u00bb background_size=\u00a0\u00bbinitial\u00a0\u00bb \/][\/et_pb_section][et_pb_section bb_built=\u00a0\u00bb1&Prime; _builder_version=\u00a0\u00bb3.0.105&Prime; custom_padding=\u00a0\u00bb15px|0px|0px|0px\u00a0\u00bb prev_background_color=\u00a0\u00bb#000000&Prime; custom_margin=\u00a0\u00bb||50px|\u00a0\u00bb][et_pb_row _builder_version=\u00a0\u00bb3.0.47&Prime; background_size=\u00a0\u00bbinitial\u00a0\u00bb background_position=\u00a0\u00bbtop_left\u00a0\u00bb background_repeat=\u00a0\u00bbrepeat\u00a0\u00bb][et_pb_column type=\u00a0\u00bb4_4&Prime;][et_pb_text _builder_version=\u00a0\u00bb3.0.105&Prime; background_layout=\u00a0\u00bblight\u00a0\u00bb text_orientation=\u00a0\u00bbjustified\u00a0\u00bb custom_css_main_element=\u00a0\u00bbmax-width:800px;||margin:0 auto;||color:#666;\u00a0\u00bb] La [&hellip;]","og_url":"https:\/\/legumbresmartinez.es\/fr\/politique-de-protection-des-donnees\/","og_site_name":"Legumbres Martinez - Tradici\u00f3n familiar","article_modified_time":"2025-05-06T07:46:28+00:00","twitter_card":"summary_large_image","twitter_misc":{"Dur\u00e9e de lecture estim\u00e9e":"4 minutes"},"schema":{"@context":"https:\/\/schema.org","@graph":[{"@type":"WebPage","@id":"https:\/\/legumbresmartinez.es\/fr\/politique-de-protection-des-donnees\/","url":"https:\/\/legumbresmartinez.es\/fr\/politique-de-protection-des-donnees\/","name":"Politique de Protection des Donn\u00e9es - Legumbres Martinez - Tradici\u00f3n familiar","isPartOf":{"@id":"https:\/\/legumbresmartinez.es\/#website"},"datePublished":"2018-11-13T11:52:47+00:00","dateModified":"2025-05-06T07:46:28+00:00","breadcrumb":{"@id":"https:\/\/legumbresmartinez.es\/fr\/politique-de-protection-des-donnees\/#breadcrumb"},"inLanguage":"fr-FR","potentialAction":[{"@type":"ReadAction","target":["https:\/\/legumbresmartinez.es\/fr\/politique-de-protection-des-donnees\/"]}]},{"@type":"BreadcrumbList","@id":"https:\/\/legumbresmartinez.es\/fr\/politique-de-protection-des-donnees\/#breadcrumb","itemListElement":[{"@type":"ListItem","position":1,"name":"Portada","item":"https:\/\/legumbresmartinez.es\/"},{"@type":"ListItem","position":2,"name":"Politique de Protection des Donn\u00e9es"}]},{"@type":"WebSite","@id":"https:\/\/legumbresmartinez.es\/#website","url":"https:\/\/legumbresmartinez.es\/","name":"Legumbres Martinez - Tradici\u00f3n familiar","description":"Selecci\u00f3n de las mejores legumbres de Castilla - La Mancha, Castilla y Le\u00f3n, Andaluc\u00eda y otras procedencias","publisher":{"@id":"https:\/\/legumbresmartinez.es\/#organization"},"potentialAction":[{"@type":"SearchAction","target":{"@type":"EntryPoint","urlTemplate":"https:\/\/legumbresmartinez.es\/?s={search_term_string}"},"query-input":{"@type":"PropertyValueSpecification","valueRequired":true,"valueName":"search_term_string"}}],"inLanguage":"fr-FR"},{"@type":"Organization","@id":"https:\/\/legumbresmartinez.es\/#organization","name":"Legumbres Mart\u00ednez","url":"https:\/\/legumbresmartinez.es\/","logo":{"@type":"ImageObject","inLanguage":"fr-FR","@id":"https:\/\/legumbresmartinez.es\/#\/schema\/logo\/image\/","url":"https:\/\/legumbresmartinez.es\/wp-content\/uploads\/2018\/02\/logotipo-legumbres-gines-martinez.png","contentUrl":"https:\/\/legumbresmartinez.es\/wp-content\/uploads\/2018\/02\/logotipo-legumbres-gines-martinez.png","width":214,"height":181,"caption":"Legumbres Mart\u00ednez"},"image":{"@id":"https:\/\/legumbresmartinez.es\/#\/schema\/logo\/image\/"}}]}},"_links":{"self":[{"href":"https:\/\/legumbresmartinez.es\/fr\/wp-json\/wp\/v2\/pages\/2259","targetHints":{"allow":["GET"]}}],"collection":[{"href":"https:\/\/legumbresmartinez.es\/fr\/wp-json\/wp\/v2\/pages"}],"about":[{"href":"https:\/\/legumbresmartinez.es\/fr\/wp-json\/wp\/v2\/types\/page"}],"author":[{"embeddable":true,"href":"https:\/\/legumbresmartinez.es\/fr\/wp-json\/wp\/v2\/users\/4"}],"replies":[{"embeddable":true,"href":"https:\/\/legumbresmartinez.es\/fr\/wp-json\/wp\/v2\/comments?post=2259"}],"version-history":[{"count":5,"href":"https:\/\/legumbresmartinez.es\/fr\/wp-json\/wp\/v2\/pages\/2259\/revisions"}],"predecessor-version":[{"id":3289,"href":"https:\/\/legumbresmartinez.es\/fr\/wp-json\/wp\/v2\/pages\/2259\/revisions\/3289"}],"wp:attachment":[{"href":"https:\/\/legumbresmartinez.es\/fr\/wp-json\/wp\/v2\/media?parent=2259"}],"curies":[{"name":"wp","href":"https:\/\/api.w.org\/{rel}","templated":true}]}}