{"id":2262,"date":"2018-11-13T10:22:04","date_gmt":"2018-11-13T10:22:04","guid":{"rendered":"https:\/\/legumbresmartinez.es\/mentions-legales\/"},"modified":"2025-04-30T08:31:23","modified_gmt":"2025-04-30T08:31:23","slug":"mentions-legales","status":"publish","type":"page","link":"https:\/\/legumbresmartinez.es\/fr\/mentions-legales\/","title":{"rendered":"Mentions L\u00e9gales"},"content":{"rendered":"<p>[et_pb_section bb_built=\u00a0\u00bb1&Prime; fullwidth=\u00a0\u00bbon\u00a0\u00bb _builder_version=\u00a0\u00bb3.0.105&Prime; background_image=\u00a0\u00bbhttps:\/\/legumbresmartinez.es\/wp-content\/uploads\/2018\/11\/legal.jpg\u00a0\u00bb background_position=\u00a0\u00bbtop_left\u00a0\u00bb next_background_color=\u00a0\u00bb#000000&Prime;][et_pb_fullwidth_header title=\u00a0\u00bbVos Donn\u00e9es en S\u00e9curit\u00e9\u00a0\u00bb background_layout=\u00a0\u00bbdark\u00a0\u00bb text_orientation=\u00a0\u00bbcenter\u00a0\u00bb scroll_down_icon_color=\u00a0\u00bb#ffffff\u00a0\u00bb scroll_down_icon_size=\u00a0\u00bb31px\u00a0\u00bb background_overlay_color=\u00a0\u00bbrgba(33,26,108,0.18)\u00a0\u00bb _builder_version=\u00a0\u00bb3.0.105&Prime; title_font=\u00a0\u00bbSatisfy||||||||\u00a0\u00bb title_font_size=\u00a0\u00bb80px\u00a0\u00bb title_font_size_tablet=\u00a0\u00bb60px\u00a0\u00bb title_font_size_phone=\u00a0\u00bb32px\u00a0\u00bb title_font_size_last_edited=\u00a0\u00bbon|phone\u00a0\u00bb title_line_height=\u00a0\u00bb1.5em\u00a0\u00bb subhead_font=\u00a0\u00bbSatisfy||||||||\u00a0\u00bb subhead_font_size=\u00a0\u00bb48&Prime; subhead_line_height=\u00a0\u00bb1.2em\u00a0\u00bb header_fullscreen=\u00a0\u00bboff\u00a0\u00bb header_scroll_down=\u00a0\u00bboff\u00a0\u00bb image_orientation=\u00a0\u00bbcenter\u00a0\u00bb content_orientation=\u00a0\u00bbcenter\u00a0\u00bb custom_button_two=\u00a0\u00bboff\u00a0\u00bb button_two_icon_placement=\u00a0\u00bbright\u00a0\u00bb custom_button_one=\u00a0\u00bboff\u00a0\u00bb button_one_icon_placement=\u00a0\u00bbright\u00a0\u00bb background_position=\u00a0\u00bbtop_left\u00a0\u00bb background_repeat=\u00a0\u00bbrepeat\u00a0\u00bb background_size=\u00a0\u00bbinitial\u00a0\u00bb subhead=\u00a0\u00bbInformations en conformit\u00e9 avec la r\u00e9glementation sur la protection des donn\u00e9es personnelles\u00a0\u00bb \/][\/et_pb_section][et_pb_section bb_built=\u00a0\u00bb1&Prime; _builder_version=\u00a0\u00bb3.0.105&Prime; custom_padding=\u00a0\u00bb15px|0px|0px|0px\u00a0\u00bb prev_background_color=\u00a0\u00bb#000000&Prime; custom_margin=\u00a0\u00bb||50px|\u00a0\u00bb][et_pb_row _builder_version=\u00a0\u00bb3.0.47&Prime; background_size=\u00a0\u00bbinitial\u00a0\u00bb background_position=\u00a0\u00bbtop_left\u00a0\u00bb background_repeat=\u00a0\u00bbrepeat\u00a0\u00bb][et_pb_column type=\u00a0\u00bb4_4&Prime;][et_pb_text _builder_version=\u00a0\u00bb3.0.105&Prime; background_layout=\u00a0\u00bblight\u00a0\u00bb text_orientation=\u00a0\u00bbjustified\u00a0\u00bb custom_css_main_element=\u00a0\u00bbmax-width:800px;||margin:0 auto;||color:#666;\u00a0\u00bb]<\/p>\n<p>En Europe et en Espagne, des lois prot\u00e8gent vos donn\u00e9es personnelles et sont obligatoires pour notre entreprise.<\/p>\n<p>C\u2019est pourquoi il est tr\u00e8s important pour nous que vous compreniez parfaitement ce que nous ferons avec les donn\u00e9es personnelles que nous vous demandons.<\/p>\n<p>Nous serons donc transparents et vous donnerons le contr\u00f4le de vos donn\u00e9es, avec un langage simple et des options claires.<\/p>\n<p>Si vous avez des questions apr\u00e8s lecture, n\u2019h\u00e9sitez pas \u00e0 nous contacter.<\/p>\n<p>Merci pour votre collaboration.<\/p>\n<p>&nbsp;<\/p>\n<h2>Qui sommes-nous ?<\/h2>\n<ul>\n<li>Raison sociale : <strong>GIN\u00c9S MART\u00cdNEZ E HIJOS S.L.<\/strong><\/li>\n<li>NIF: <strong>B02316008<\/strong><\/li>\n<li>Activit\u00e9 principale : <strong>Commerce<\/strong><\/li>\n<li>Adresse : <strong>Camino Real, 51, CP 02620, Minaya (Albacete)<\/strong><\/li>\n<li>T\u00e9l\u00e9phone : <strong>967450195<\/strong><\/li>\n<li>Email : <strong>gines@legumbresmartinez.com<\/strong><\/li>\n<li>Site web : <strong>legumbresmartinez.com<\/strong><\/li>\n<li>Nous sommes inscrits au Registre du Commerce pour votre s\u00e9curit\u00e9 et votre confiance.<\/li>\n<\/ul>\n<p>Nous restons \u00e0 votre disposition.<\/p>\n<p>&nbsp;<\/p>\n<h2>Pourquoi avons-nous besoin de vos donn\u00e9es ?<\/h2>\n<p>Vos donn\u00e9es personnelles seront utilis\u00e9es pour entretenir notre relation et vous fournir nos services.<\/p>\n<p>Elles peuvent \u00e9galement \u00eatre utilis\u00e9es \u00e0 des fins promotionnelles.<\/p>\n<p>&nbsp;<\/p>\n<h2>Pourquoi l\u2019utilisation de vos donn\u00e9es est-elle n\u00e9cessaire ?<\/h2>\n<p>Vos donn\u00e9es sont indispensables pour vous fournir nos services. Nous vous offrirons des options claires pour g\u00e9rer vos pr\u00e9f\u00e9rences. <\/p>\n<p>&nbsp;<\/p>\n<h2>Qui aura acc\u00e8s \u00e0 vos donn\u00e9es ?<\/h2>\n<p>En r\u00e8gle g\u00e9n\u00e9rale, seuls les membres du personnel d\u00fbment autoris\u00e9s de notre organisation auront acc\u00e8s aux informations que nous vous demandons.<\/p>\n<p>De m\u00eame, les entit\u00e9s qui ont besoin d&rsquo;acc\u00e9der \u00e0 vos informations personnelles afin que nous puissions vous fournir nos services pourront \u00e9galement y avoir acc\u00e8s.<\/p>\n<p>Par exemple, notre banque aura acc\u00e8s \u00e0 vos donn\u00e9es si le paiement de nos services est effectu\u00e9 par carte ou virement bancaire.<\/p>\n<p>De m\u00eame, les entit\u00e9s publiques ou priv\u00e9es auxquelles nous sommes l\u00e9galement tenus de fournir vos donn\u00e9es personnelles auront \u00e9galement acc\u00e8s \u00e0 vos informations.<\/p>\n<p>Par exemple, la l\u00e9gislation fiscale nous oblige \u00e0 fournir \u00e0 l&rsquo;Agence fiscale certaines informations sur des op\u00e9rations \u00e9conomiques d\u00e9passant un certain montant.<\/p>\n<p>Dans le cas o\u00f9, en dehors des situations mentionn\u00e9es, nous devrions transmettre vos informations personnelles \u00e0 d&rsquo;autres entit\u00e9s, nous vous demanderons au pr\u00e9alable votre consentement \u00e0 l&rsquo;aide d&rsquo;options claires vous permettant de d\u00e9cider.<\/p>\n<p>&nbsp;<\/p>\n<h2>Comment prot\u00e9geons-nous vos donn\u00e9es ?<\/h2>\n<p>Nous prot\u00e9gerons vos donn\u00e9es \u00e0 l\u2019aide de mesures de s\u00e9curit\u00e9 efficaces, adapt\u00e9es aux risques li\u00e9s \u00e0 l\u2019utilisation de vos informations.<\/p>\n<p>\u00c0 cette fin, notre organisme a approuv\u00e9 une Politique de Protection des Donn\u00e9es et r\u00e9alise des contr\u00f4les et des audits annuels afin de garantir que vos donn\u00e9es personnelles sont s\u00e9curis\u00e9es en permanence.<\/p>\n<p>&nbsp;<\/p>\n<h2>Enverrons-nous vos donn\u00e9es vers d&rsquo;autres pays ?<\/h2>\n<p>Il existe des pays dans le monde qui sont s\u00fbrs pour vos donn\u00e9es et d&rsquo;autres qui le sont moins. Par exemple, l&rsquo;Union europ\u00e9enne est un environnement s\u00fbr pour vos donn\u00e9es. <\/p>\n<p>Notre politique consiste \u00e0 ne pas envoyer vos informations personnelles dans un pays qui ne garantit pas une protection ad\u00e9quate des donn\u00e9es.<\/p>\n<p>Si, pour vous fournir le service, il est indispensable d\u2019envoyer vos donn\u00e9es vers un pays moins s\u00fbr que l\u2019Espagne, nous vous demanderons toujours votre consentement pr\u00e9alable et appliquerons des mesures de s\u00e9curit\u00e9 efficaces afin de r\u00e9duire les risques li\u00e9s au transfert de vos informations personnelles.<\/p>\n<p>&nbsp;<\/p>\n<h2>Pendant combien de temps conserverons-nous vos donn\u00e9es ?<\/h2>\n<p>Nous conserverons vos donn\u00e9es pendant la dur\u00e9e de notre relation et tant que la loi nous y oblige. Une fois les d\u00e9lais l\u00e9gaux expir\u00e9s, nous les supprimerons de mani\u00e8re s\u00e9curis\u00e9e et respectueuse de l\u2019environnement. <\/p>\n<p>&nbsp;<\/p>\n<h2>Quels sont vos droits en mati\u00e8re de protection des donn\u00e9es ?<\/h2>\n<p>Vous pouvez nous contacter \u00e0 tout moment pour savoir quelles informations nous d\u00e9tenons sur vous, les corriger si elles sont inexactes, et demander leur suppression une fois notre relation termin\u00e9e, si cela est l\u00e9galement possible.<\/p>\n<p>Vous avez \u00e9galement le droit de demander le transfert de vos donn\u00e9es \u00e0 un autre organisme. Ce droit est appel\u00e9 \u201cportabilit\u00e9\u201d et peut \u00eatre utile dans certaines situations. <\/p>\n<p>Pour exercer l\u2019un de ces droits, vous devez envoyer une demande \u00e9crite \u00e0 notre adresse, accompagn\u00e9e d\u2019une copie de votre pi\u00e8ce d\u2019identit\u00e9 afin que nous puissions vous identifier.<\/p>\n<p>Dans nos bureaux, nous disposons de formulaires sp\u00e9cifiques pour effectuer ces demandes et nous vous aiderons volontiers \u00e0 les remplir.<\/p>\n<p>Pour en savoir plus sur vos droits en mati\u00e8re de protection des donn\u00e9es, vous pouvez consulter le site de l\u2019Agence espagnole de protection des donn\u00e9es (<a href=\"http:\/\/www.agpd.es\">www.agpd.es<\/a>).<\/p>\n<p>&nbsp;<\/p>\n<h2>Pouvez-vous retirer votre consentement si vous changez d\u2019avis ?<\/h2>\n<p>Oui, vous pouvez retirer votre consentement concernant l\u2019utilisation de vos donn\u00e9es \u00e0 tout moment.<\/p>\n<p>Par exemple, si vous avez accept\u00e9 de recevoir des publicit\u00e9s sur nos produits ou services, mais que vous ne souhaitez plus en recevoir, vous pouvez nous en informer via le formulaire d\u2019opposition disponible dans nos bureaux.<\/p>\n<p>&nbsp;<\/p>\n<h2>O\u00f9 d\u00e9poser une r\u00e9clamation si vos droits ne sont pas respect\u00e9s ?<\/h2>\n<p>Si vous estimez que vos droits n&rsquo;ont pas \u00e9t\u00e9 respect\u00e9s par notre organisme, vous pouvez d\u00e9poser une r\u00e9clamation aupr\u00e8s de l\u2019Agence espagnole de protection des donn\u00e9es, par l\u2019un des moyens suivants :<\/p>\n<ul>\n<li>Si\u00e8ge \u00e9lectronique : www.agpd.es<\/li>\n<li>Adresse postale : Agence Espagnole de Protection des Donn\u00e9es, C\/ Jorge Juan, 6, 28001-Madrid<\/li>\n<li>Contact t\u00e9l\u00e9phonique : 901 100 099 &#8211; 91 266 35 17<\/li>\n<\/ul>\n<p>D\u00e9poser une r\u00e9clamation aupr\u00e8s de l\u2019Agence espagnole de protection des donn\u00e9es est gratuit et ne n\u00e9cessite ni avocat ni repr\u00e9sentant l\u00e9gal.<\/p>\n<p>&nbsp;<\/p>\n<h2>Allons-nous \u00e9tablir des profils sur vous ?<\/h2>\n<p>Notre politique est de ne pas \u00e9tablir de profils concernant les utilisateurs de nos services.<\/p>\n<p>Cependant, dans certains cas, \u00e0 des fins de prestation de service, commerciales ou autres, nous pourrions \u00eatre amen\u00e9s \u00e0 \u00e9tablir des profils bas\u00e9s sur vos informations.<\/p>\n<p>Par exemple, nous pourrions utiliser votre historique d\u2019achats ou de services pour vous proposer des produits ou services adapt\u00e9s \u00e0 vos go\u00fbts ou \u00e0 vos besoins.<\/p>\n<p>Dans ce cas, nous mettrons en \u0153uvre des mesures de s\u00e9curit\u00e9 efficaces pour garantir que vos donn\u00e9es soient toujours prot\u00e9g\u00e9es contre tout acc\u00e8s non autoris\u00e9.<\/p>\n<p>&nbsp;<\/p>\n<h2><strong> <\/strong>Allons-nous utiliser vos donn\u00e9es \u00e0 d&rsquo;autres fins ?<\/h2>\n<p>Notre politique est de ne pas utiliser vos donn\u00e9es \u00e0 des fins autres que celles que nous vous avons expliqu\u00e9es. Si, toutefois, cela devait \u00eatre n\u00e9cessaire, nous vous demanderons toujours votre consentement pr\u00e9alable via des options claires qui vous permettront de d\u00e9cider. <\/p>\n<p>[\/et_pb_text][\/et_pb_column][\/et_pb_row][\/et_pb_section]<\/p>\n","protected":false},"excerpt":{"rendered":"<p>[et_pb_section bb_built=\u00a0\u00bb1&Prime; fullwidth=\u00a0\u00bbon\u00a0\u00bb _builder_version=\u00a0\u00bb3.0.105&Prime; background_image=\u00a0\u00bbhttps:\/\/legumbresmartinez.es\/wp-content\/uploads\/2018\/11\/legal.jpg\u00a0\u00bb background_position=\u00a0\u00bbtop_left\u00a0\u00bb next_background_color=\u00a0\u00bb#000000&Prime;][et_pb_fullwidth_header title=\u00a0\u00bbVos Donn\u00e9es en S\u00e9curit\u00e9\u00a0\u00bb background_layout=\u00a0\u00bbdark\u00a0\u00bb text_orientation=\u00a0\u00bbcenter\u00a0\u00bb scroll_down_icon_color=\u00a0\u00bb#ffffff\u00a0\u00bb scroll_down_icon_size=\u00a0\u00bb31px\u00a0\u00bb background_overlay_color=\u00a0\u00bbrgba(33,26,108,0.18)\u00a0\u00bb _builder_version=\u00a0\u00bb3.0.105&Prime; title_font=\u00a0\u00bbSatisfy||||||||\u00a0\u00bb title_font_size=\u00a0\u00bb80px\u00a0\u00bb title_font_size_tablet=\u00a0\u00bb60px\u00a0\u00bb title_font_size_phone=\u00a0\u00bb32px\u00a0\u00bb title_font_size_last_edited=\u00a0\u00bbon|phone\u00a0\u00bb title_line_height=\u00a0\u00bb1.5em\u00a0\u00bb subhead_font=\u00a0\u00bbSatisfy||||||||\u00a0\u00bb subhead_font_size=\u00a0\u00bb48&Prime; subhead_line_height=\u00a0\u00bb1.2em\u00a0\u00bb header_fullscreen=\u00a0\u00bboff\u00a0\u00bb header_scroll_down=\u00a0\u00bboff\u00a0\u00bb image_orientation=\u00a0\u00bbcenter\u00a0\u00bb content_orientation=\u00a0\u00bbcenter\u00a0\u00bb custom_button_two=\u00a0\u00bboff\u00a0\u00bb button_two_icon_placement=\u00a0\u00bbright\u00a0\u00bb custom_button_one=\u00a0\u00bboff\u00a0\u00bb button_one_icon_placement=\u00a0\u00bbright\u00a0\u00bb background_position=\u00a0\u00bbtop_left\u00a0\u00bb background_repeat=\u00a0\u00bbrepeat\u00a0\u00bb background_size=\u00a0\u00bbinitial\u00a0\u00bb subhead=\u00a0\u00bbInformations en conformit\u00e9 avec la r\u00e9glementation sur la protection des donn\u00e9es personnelles\u00a0\u00bb \/][\/et_pb_section][et_pb_section bb_built=\u00a0\u00bb1&Prime; _builder_version=\u00a0\u00bb3.0.105&Prime; custom_padding=\u00a0\u00bb15px|0px|0px|0px\u00a0\u00bb prev_background_color=\u00a0\u00bb#000000&Prime; custom_margin=\u00a0\u00bb||50px|\u00a0\u00bb][et_pb_row [&hellip;]<\/p>\n","protected":false},"author":4,"featured_media":0,"parent":0,"menu_order":0,"comment_status":"closed","ping_status":"closed","template":"","meta":{"footnotes":""},"class_list":["post-2262","page","type-page","status-publish","hentry"],"yoast_head":"<!-- This site is optimized with the Yoast SEO plugin v27.4 - https:\/\/yoast.com\/product\/yoast-seo-wordpress\/ -->\n<title>Mentions L\u00e9gales - Legumbres Martinez - Tradici\u00f3n familiar<\/title>\n<meta name=\"robots\" content=\"index, follow, max-snippet:-1, max-image-preview:large, max-video-preview:-1\" \/>\n<link rel=\"canonical\" href=\"https:\/\/legumbresmartinez.es\/fr\/mentions-legales\/\" \/>\n<meta property=\"og:locale\" content=\"fr_FR\" \/>\n<meta property=\"og:type\" content=\"article\" \/>\n<meta property=\"og:title\" content=\"Mentions L\u00e9gales - Legumbres Martinez - Tradici\u00f3n familiar\" \/>\n<meta property=\"og:description\" content=\"[et_pb_section bb_built=\u00a0\u00bb1&Prime; fullwidth=\u00a0\u00bbon\u00a0\u00bb _builder_version=\u00a0\u00bb3.0.105&Prime; background_image=\u00a0\u00bbhttps:\/\/legumbresmartinez.es\/wp-content\/uploads\/2018\/11\/legal.jpg\u00a0\u00bb background_position=\u00a0\u00bbtop_left\u00a0\u00bb next_background_color=\u00a0\u00bb#000000&Prime;][et_pb_fullwidth_header title=\u00a0\u00bbVos Donn\u00e9es en S\u00e9curit\u00e9\u00a0\u00bb background_layout=\u00a0\u00bbdark\u00a0\u00bb text_orientation=\u00a0\u00bbcenter\u00a0\u00bb scroll_down_icon_color=\u00a0\u00bb#ffffff\u00a0\u00bb scroll_down_icon_size=\u00a0\u00bb31px\u00a0\u00bb background_overlay_color=\u00a0\u00bbrgba(33,26,108,0.18)\u00a0\u00bb _builder_version=\u00a0\u00bb3.0.105&Prime; title_font=\u00a0\u00bbSatisfy||||||||\u00a0\u00bb title_font_size=\u00a0\u00bb80px\u00a0\u00bb title_font_size_tablet=\u00a0\u00bb60px\u00a0\u00bb title_font_size_phone=\u00a0\u00bb32px\u00a0\u00bb title_font_size_last_edited=\u00a0\u00bbon|phone\u00a0\u00bb title_line_height=\u00a0\u00bb1.5em\u00a0\u00bb subhead_font=\u00a0\u00bbSatisfy||||||||\u00a0\u00bb subhead_font_size=\u00a0\u00bb48&Prime; subhead_line_height=\u00a0\u00bb1.2em\u00a0\u00bb header_fullscreen=\u00a0\u00bboff\u00a0\u00bb header_scroll_down=\u00a0\u00bboff\u00a0\u00bb image_orientation=\u00a0\u00bbcenter\u00a0\u00bb content_orientation=\u00a0\u00bbcenter\u00a0\u00bb custom_button_two=\u00a0\u00bboff\u00a0\u00bb button_two_icon_placement=\u00a0\u00bbright\u00a0\u00bb custom_button_one=\u00a0\u00bboff\u00a0\u00bb button_one_icon_placement=\u00a0\u00bbright\u00a0\u00bb background_position=\u00a0\u00bbtop_left\u00a0\u00bb background_repeat=\u00a0\u00bbrepeat\u00a0\u00bb background_size=\u00a0\u00bbinitial\u00a0\u00bb subhead=\u00a0\u00bbInformations en conformit\u00e9 avec la r\u00e9glementation sur la protection des donn\u00e9es personnelles\u00a0\u00bb \/][\/et_pb_section][et_pb_section bb_built=\u00a0\u00bb1&Prime; _builder_version=\u00a0\u00bb3.0.105&Prime; custom_padding=\u00a0\u00bb15px|0px|0px|0px\u00a0\u00bb prev_background_color=\u00a0\u00bb#000000&Prime; custom_margin=\u00a0\u00bb||50px|\u00a0\u00bb][et_pb_row [&hellip;]\" \/>\n<meta property=\"og:url\" content=\"https:\/\/legumbresmartinez.es\/fr\/mentions-legales\/\" \/>\n<meta property=\"og:site_name\" content=\"Legumbres Martinez - Tradici\u00f3n familiar\" \/>\n<meta property=\"article:modified_time\" content=\"2025-04-30T08:31:23+00:00\" \/>\n<meta name=\"twitter:card\" content=\"summary_large_image\" \/>\n<meta name=\"twitter:label1\" content=\"Dur\u00e9e de lecture estim\u00e9e\" \/>\n\t<meta name=\"twitter:data1\" content=\"7 minutes\" \/>\n<!-- \/ Yoast SEO plugin. -->","yoast_head_json":{"title":"Mentions L\u00e9gales - Legumbres Martinez - Tradici\u00f3n familiar","robots":{"index":"index","follow":"follow","max-snippet":"max-snippet:-1","max-image-preview":"max-image-preview:large","max-video-preview":"max-video-preview:-1"},"canonical":"https:\/\/legumbresmartinez.es\/fr\/mentions-legales\/","og_locale":"fr_FR","og_type":"article","og_title":"Mentions L\u00e9gales - Legumbres Martinez - Tradici\u00f3n familiar","og_description":"[et_pb_section bb_built=\u00a0\u00bb1&Prime; fullwidth=\u00a0\u00bbon\u00a0\u00bb _builder_version=\u00a0\u00bb3.0.105&Prime; background_image=\u00a0\u00bbhttps:\/\/legumbresmartinez.es\/wp-content\/uploads\/2018\/11\/legal.jpg\u00a0\u00bb background_position=\u00a0\u00bbtop_left\u00a0\u00bb next_background_color=\u00a0\u00bb#000000&Prime;][et_pb_fullwidth_header title=\u00a0\u00bbVos Donn\u00e9es en S\u00e9curit\u00e9\u00a0\u00bb background_layout=\u00a0\u00bbdark\u00a0\u00bb text_orientation=\u00a0\u00bbcenter\u00a0\u00bb scroll_down_icon_color=\u00a0\u00bb#ffffff\u00a0\u00bb scroll_down_icon_size=\u00a0\u00bb31px\u00a0\u00bb background_overlay_color=\u00a0\u00bbrgba(33,26,108,0.18)\u00a0\u00bb _builder_version=\u00a0\u00bb3.0.105&Prime; title_font=\u00a0\u00bbSatisfy||||||||\u00a0\u00bb title_font_size=\u00a0\u00bb80px\u00a0\u00bb title_font_size_tablet=\u00a0\u00bb60px\u00a0\u00bb title_font_size_phone=\u00a0\u00bb32px\u00a0\u00bb title_font_size_last_edited=\u00a0\u00bbon|phone\u00a0\u00bb title_line_height=\u00a0\u00bb1.5em\u00a0\u00bb subhead_font=\u00a0\u00bbSatisfy||||||||\u00a0\u00bb subhead_font_size=\u00a0\u00bb48&Prime; subhead_line_height=\u00a0\u00bb1.2em\u00a0\u00bb header_fullscreen=\u00a0\u00bboff\u00a0\u00bb header_scroll_down=\u00a0\u00bboff\u00a0\u00bb image_orientation=\u00a0\u00bbcenter\u00a0\u00bb content_orientation=\u00a0\u00bbcenter\u00a0\u00bb custom_button_two=\u00a0\u00bboff\u00a0\u00bb button_two_icon_placement=\u00a0\u00bbright\u00a0\u00bb custom_button_one=\u00a0\u00bboff\u00a0\u00bb button_one_icon_placement=\u00a0\u00bbright\u00a0\u00bb background_position=\u00a0\u00bbtop_left\u00a0\u00bb background_repeat=\u00a0\u00bbrepeat\u00a0\u00bb background_size=\u00a0\u00bbinitial\u00a0\u00bb subhead=\u00a0\u00bbInformations en conformit\u00e9 avec la r\u00e9glementation sur la protection des donn\u00e9es personnelles\u00a0\u00bb \/][\/et_pb_section][et_pb_section bb_built=\u00a0\u00bb1&Prime; _builder_version=\u00a0\u00bb3.0.105&Prime; custom_padding=\u00a0\u00bb15px|0px|0px|0px\u00a0\u00bb prev_background_color=\u00a0\u00bb#000000&Prime; custom_margin=\u00a0\u00bb||50px|\u00a0\u00bb][et_pb_row [&hellip;]","og_url":"https:\/\/legumbresmartinez.es\/fr\/mentions-legales\/","og_site_name":"Legumbres Martinez - Tradici\u00f3n familiar","article_modified_time":"2025-04-30T08:31:23+00:00","twitter_card":"summary_large_image","twitter_misc":{"Dur\u00e9e de lecture estim\u00e9e":"7 minutes"},"schema":{"@context":"https:\/\/schema.org","@graph":[{"@type":"WebPage","@id":"https:\/\/legumbresmartinez.es\/fr\/mentions-legales\/","url":"https:\/\/legumbresmartinez.es\/fr\/mentions-legales\/","name":"Mentions L\u00e9gales - Legumbres Martinez - Tradici\u00f3n familiar","isPartOf":{"@id":"https:\/\/legumbresmartinez.es\/#website"},"datePublished":"2018-11-13T10:22:04+00:00","dateModified":"2025-04-30T08:31:23+00:00","breadcrumb":{"@id":"https:\/\/legumbresmartinez.es\/fr\/mentions-legales\/#breadcrumb"},"inLanguage":"fr-FR","potentialAction":[{"@type":"ReadAction","target":["https:\/\/legumbresmartinez.es\/fr\/mentions-legales\/"]}]},{"@type":"BreadcrumbList","@id":"https:\/\/legumbresmartinez.es\/fr\/mentions-legales\/#breadcrumb","itemListElement":[{"@type":"ListItem","position":1,"name":"Portada","item":"https:\/\/legumbresmartinez.es\/"},{"@type":"ListItem","position":2,"name":"Mentions L\u00e9gales"}]},{"@type":"WebSite","@id":"https:\/\/legumbresmartinez.es\/#website","url":"https:\/\/legumbresmartinez.es\/","name":"Legumbres Martinez - Tradici\u00f3n familiar","description":"Selecci\u00f3n de las mejores legumbres de Castilla - La Mancha, Castilla y Le\u00f3n, Andaluc\u00eda y otras procedencias","publisher":{"@id":"https:\/\/legumbresmartinez.es\/#organization"},"potentialAction":[{"@type":"SearchAction","target":{"@type":"EntryPoint","urlTemplate":"https:\/\/legumbresmartinez.es\/?s={search_term_string}"},"query-input":{"@type":"PropertyValueSpecification","valueRequired":true,"valueName":"search_term_string"}}],"inLanguage":"fr-FR"},{"@type":"Organization","@id":"https:\/\/legumbresmartinez.es\/#organization","name":"Legumbres Mart\u00ednez","url":"https:\/\/legumbresmartinez.es\/","logo":{"@type":"ImageObject","inLanguage":"fr-FR","@id":"https:\/\/legumbresmartinez.es\/#\/schema\/logo\/image\/","url":"https:\/\/legumbresmartinez.es\/wp-content\/uploads\/2018\/02\/logotipo-legumbres-gines-martinez.png","contentUrl":"https:\/\/legumbresmartinez.es\/wp-content\/uploads\/2018\/02\/logotipo-legumbres-gines-martinez.png","width":214,"height":181,"caption":"Legumbres Mart\u00ednez"},"image":{"@id":"https:\/\/legumbresmartinez.es\/#\/schema\/logo\/image\/"}}]}},"_links":{"self":[{"href":"https:\/\/legumbresmartinez.es\/fr\/wp-json\/wp\/v2\/pages\/2262","targetHints":{"allow":["GET"]}}],"collection":[{"href":"https:\/\/legumbresmartinez.es\/fr\/wp-json\/wp\/v2\/pages"}],"about":[{"href":"https:\/\/legumbresmartinez.es\/fr\/wp-json\/wp\/v2\/types\/page"}],"author":[{"embeddable":true,"href":"https:\/\/legumbresmartinez.es\/fr\/wp-json\/wp\/v2\/users\/4"}],"replies":[{"embeddable":true,"href":"https:\/\/legumbresmartinez.es\/fr\/wp-json\/wp\/v2\/comments?post=2262"}],"version-history":[{"count":2,"href":"https:\/\/legumbresmartinez.es\/fr\/wp-json\/wp\/v2\/pages\/2262\/revisions"}],"predecessor-version":[{"id":2264,"href":"https:\/\/legumbresmartinez.es\/fr\/wp-json\/wp\/v2\/pages\/2262\/revisions\/2264"}],"wp:attachment":[{"href":"https:\/\/legumbresmartinez.es\/fr\/wp-json\/wp\/v2\/media?parent=2262"}],"curies":[{"name":"wp","href":"https:\/\/api.w.org\/{rel}","templated":true}]}}