{"id":2271,"date":"2019-01-22T11:35:55","date_gmt":"2019-01-22T11:35:55","guid":{"rendered":"https:\/\/legumbresmartinez.es\/semences\/"},"modified":"2025-05-09T06:52:37","modified_gmt":"2025-05-09T06:52:37","slug":"graines","status":"publish","type":"page","link":"https:\/\/legumbresmartinez.es\/fr\/graines\/","title":{"rendered":"Graines"},"content":{"rendered":"<p>[et_pb_section fb_built=\u00a0\u00bb1&Prime; _builder_version=\u00a0\u00bb3.0.47&Prime;][et_pb_row _builder_version=\u00a0\u00bb3.0.47&Prime; background_size=\u00a0\u00bbinitial\u00a0\u00bb background_position=\u00a0\u00bbtop_left\u00a0\u00bb background_repeat=\u00a0\u00bbrepeat\u00a0\u00bb][et_pb_column type=\u00a0\u00bb4_4&Prime; _builder_version=\u00a0\u00bb3.0.47&Prime; parallax=\u00a0\u00bboff\u00a0\u00bb parallax_method=\u00a0\u00bbon\u00a0\u00bb][et_pb_code _builder_version=\u00a0\u00bb3.0.105&Prime;]\t\t\t<rs-module-wrap id=\"rev_slider_error_1_wrapper\">\n\t\t\t\t<rs-module id=\"rev_slider_error_1\">\n\t\t\t\t\t<div class=\"rs_error_message_box\">\n\t\t\t\t\t\t<div class=\"rs_error_message_oops\">Oops...<\/div>\n\t\t\t\t\t\t<div class=\"rs_error_message_content\">Slider with alias &quot;semillas&quot; not found.<\/div>\n\t\t\t\t\t<\/div>\n\t\t\t\t<\/rs-module>\n\t\t\t<\/rs-module-wrap>\n\t\t\t<script type=\"text\/javascript\">\n\t\t\t\tvar rs_eslider = document.getElementById(\"rev_slider_error_1\");\n\t\t\t\trs_eslider.style.display = \"none\";\n\t\t\t\tconsole.log(\"Slider with alias &quot;semillas&quot; not found.\");\n\t\t\t<\/script>\n[\/et_pb_code][\/et_pb_column][\/et_pb_row][\/et_pb_section][et_pb_section fb_built=\u00a0\u00bb1&Prime; _builder_version=\u00a0\u00bb3.0.105&Prime; custom_margin=\u00a0\u00bb0px||0px|\u00a0\u00bb custom_padding=\u00a0\u00bb0px||0px|\u00a0\u00bb][et_pb_row _builder_version=\u00a0\u00bb3.0.47&Prime; background_size=\u00a0\u00bbinitial\u00a0\u00bb background_position=\u00a0\u00bbtop_left\u00a0\u00bb background_repeat=\u00a0\u00bbrepeat\u00a0\u00bb][et_pb_column type=\u00a0\u00bb1_3&Prime; _builder_version=\u00a0\u00bb3.0.47&Prime; parallax=\u00a0\u00bboff\u00a0\u00bb parallax_method=\u00a0\u00bbon\u00a0\u00bb][et_pb_circle_counter title=\u00a0\u00bbToutes nos graines sont 100% naturelles.\u00a0\u00bb number=\u00a0\u00bb100&Prime; _builder_version=\u00a0\u00bb3.0.105&Prime;][\/et_pb_circle_counter][\/et_pb_column][et_pb_column type=\u00a0\u00bb1_3&Prime; _builder_version=\u00a0\u00bb3.0.47&Prime; parallax=\u00a0\u00bboff\u00a0\u00bb parallax_method=\u00a0\u00bbon\u00a0\u00bb][et_pb_circle_counter title=\u00a0\u00bbNous garantissons la plus haute qualit\u00e9.\u00a0\u00bb number=\u00a0\u00bb100&Prime; _builder_version=\u00a0\u00bb3.0.105&Prime;][\/et_pb_circle_counter][\/et_pb_column][et_pb_column type=\u00a0\u00bb1_3&Prime; _builder_version=\u00a0\u00bb3.0.47&Prime; parallax=\u00a0\u00bboff\u00a0\u00bb parallax_method=\u00a0\u00bbon\u00a0\u00bb][et_pb_circle_counter title=\u00a0\u00bbLe meilleur choix et la plus grande propret\u00e9.\u00a0\u00bb number=\u00a0\u00bb100&Prime; _builder_version=\u00a0\u00bb3.0.105&Prime;][\/et_pb_circle_counter][\/et_pb_column][\/et_pb_row][\/et_pb_section][et_pb_section fb_built=\u00a0\u00bb1&Prime; _builder_version=\u00a0\u00bb3.0.105&Prime; custom_margin=\u00a0\u00bb0px|||\u00a0\u00bb custom_padding=\u00a0\u00bb0px|||\u00a0\u00bb custom_css_main_element=\u00a0\u00bbbackground-image: url(https:\/\/legumbresmartinez.es\/foot_mixturas.png);||background-position: bottom center;||background-size: 760px;||background-repeat: repeat-x;\u00a0\u00bb][et_pb_row _builder_version=\u00a0\u00bb3.0.47&Prime; background_size=\u00a0\u00bbinitial\u00a0\u00bb background_position=\u00a0\u00bbtop_left\u00a0\u00bb background_repeat=\u00a0\u00bbrepeat\u00a0\u00bb][et_pb_column type=\u00a0\u00bb4_4&Prime; _builder_version=\u00a0\u00bb3.0.47&Prime; parallax=\u00a0\u00bboff\u00a0\u00bb parallax_method=\u00a0\u00bbon\u00a0\u00bb][et_pb_text module_class=\u00a0\u00bbtexto_grande\u00a0\u00bb _builder_version=\u00a0\u00bb3.0.105&Prime; custom_css_before=\u00a0\u00bbwidth: 100%;||max-width: 900px;||margin: 0 auto !important;\u00a0\u00bb custom_css_main_element=\u00a0\u00bbwidth: 100%;||max-width: 900px;||margin: 0 auto !important;\u00a0\u00bb custom_css_after=\u00a0\u00bbwidth: 100%;||max-width: 900px;||margin: 0 auto !important;\u00a0\u00bb]<\/p>\n<p>Gr\u00e2ce \u00e0 notre vaste exp\u00e9rience dans le secteur agroalimentaire, nous s\u00e9lectionnons les meilleures semences de toute l&rsquo;Espagne et d&rsquo;une partie du monde.<\/p>\n<p>Nous nous adaptons aux exigences de nos clients en leur proposant diff\u00e9rents formats d&#8217;emballage : sacs de 25 kg, sacs de 40 kg, big bags et produits en vrac. C&rsquo;est pourquoi nous vendons nos semences dans tout le pays et nous avons \u00e9galement une grande exp\u00e9rience de l&rsquo;exportation vers d&rsquo;autres pays.<\/p>\n<p>[\/et_pb_text][et_pb_text _builder_version=\u00a0\u00bb3.0.105&Prime; custom_margin=\u00a0\u00bb40px|||\u00a0\u00bb]<\/p>\n<h1 style=\"text-align: center;\">Catalogue<\/h1>\n<p>[\/et_pb_text][\/et_pb_column][\/et_pb_row][et_pb_row _builder_version=\u00a0\u00bb3.0.105&Prime; custom_css_main_element=\u00a0\u00bbmargin-bottom:5% !important;\u00a0\u00bb][et_pb_column type=\u00a0\u00bb1_3&Prime; _builder_version=\u00a0\u00bb3.0.47&Prime; parallax=\u00a0\u00bboff\u00a0\u00bb parallax_method=\u00a0\u00bbon\u00a0\u00bb][et_pb_code _builder_version=\u00a0\u00bb3.0.105&Prime;]&lt;a href=&quot;https:\/\/legumbresmartinez.es\/fr\/legumineuses-proteagineux-et-oleagineux\/&quot; class=&quot;graines&quot; class=&quot;graines&quot;.&gt;&lt;img src=&quot;https:\/\/legumbresmartinez.es\/wp-content\/uploads\/2019\/08\/1_8_guisante_tasmania..jpg&quot; style=&quot;width:100%&quot;\/&gt;&lt;!&#8211; [et_pb_line_break_holder] &#8211;&gt;&lt;h2 class= &quot;woocommerce-loop-product__title&quot;&gt;L\u00e9gumineuses, prot\u00e9agineux et ol\u00e9agineux&lt;\/h2&gt;&lt;\/a&gt;[\/et_pb_code][\/et_pb_column][et_pb_column type=\u00a0\u00bb1_3&Prime; _builder_version=\u00a0\u00bb3.0.47&Prime; parallax=\u00a0\u00bboff\u00a0\u00bb parallax_method=\u00a0\u00bbon\u00a0\u00bb][et_pb_code _builder_version=\u00a0\u00bb3.0.105&Prime;]&lt;a href=&quot;https:\/\/legumbresmartinez.es\/fr\/cereales\/&quot; class=&quot;graines&quot; class=&quot;graines&quot;.&gt;&lt;img src=&quot;https:\/\/legumbresmartinez.es\/wp-content\/uploads\/2019\/08\/2_1_trigo_duro.jpg&quot; style=&quot;width:100%&quot;\/&gt;&lt;!&#8211; [et_pb_line_break_holder] &#8211;&gt;&lt;h2 class= &quot;woocommerce-loop-product__title&quot;&gt;C\u00e9r\u00e9ales&lt;\/h2&gt;&lt;\/a&gt;[\/et_pb_code][\/et_pb_column][et_pb_column type=\u00a0\u00bb1_3&Prime; _builder_version=\u00a0\u00bb3.0.47&Prime; parallax=\u00a0\u00bboff\u00a0\u00bb parallax_method=\u00a0\u00bbon\u00a0\u00bb][et_pb_code _builder_version=\u00a0\u00bb3.0.105&Prime;]&lt;a href=&quot;https:\/\/legumbresmartinez.es\/fr\/autres-graines\/&quot; class=&quot;graines&quot; class=&quot;graines&quot;.&gt;&lt;img src=&quot;https:\/\/legumbresmartinez.es\/wp-content\/uploads\/2019\/08\/3_1_mixturas_canarios.jpg&quot; style=&quot;width:100%&quot;\/&gt;&lt;!&#8211; [et_pb_line_break_holder] &#8211;&gt;&lt;h2 class=&quot;woocommerce-loop-product__title&quot;&gt;Autres&lt;\/h2&gt;&lt;\/a&gt;[\/et_pb_code][\/et_pb_column][\/et_pb_row][et_pb_row _builder_version=\u00a0\u00bb3.0.105&Prime; custom_css_main_element=\u00a0\u00bbdisplay:none;\u00a0\u00bb][et_pb_column type=\u00a0\u00bb4_4&Prime; _builder_version=\u00a0\u00bb3.0.47&Prime; parallax=\u00a0\u00bboff\u00a0\u00bb parallax_method=\u00a0\u00bbon\u00a0\u00bb][et_pb_shop type=\u00a0\u00bbproduct_category\u00a0\u00bb posts_number=\u00a0\u00bb20&Prime; include_categories=\u00a0\u00bb65&Prime; columns_number=\u00a0\u00bb4&Prime; orderby=\u00a0\u00bbdate\u00a0\u00bb _builder_version=\u00a0\u00bb3.0.105&Prime; custom_css_main_element=\u00a0\u00bbmargin-bottom:5% !important;\u00a0\u00bb][\/et_pb_shop][\/et_pb_column][\/et_pb_row][\/et_pb_section]<\/p>\n","protected":false},"excerpt":{"rendered":"<p>[et_pb_section fb_built=\u00a0\u00bb1&Prime; _builder_version=\u00a0\u00bb3.0.47&Prime;][et_pb_row _builder_version=\u00a0\u00bb3.0.47&Prime; background_size=\u00a0\u00bbinitial\u00a0\u00bb background_position=\u00a0\u00bbtop_left\u00a0\u00bb background_repeat=\u00a0\u00bbrepeat\u00a0\u00bb][et_pb_column type=\u00a0\u00bb4_4&Prime; _builder_version=\u00a0\u00bb3.0.47&Prime; parallax=\u00a0\u00bboff\u00a0\u00bb parallax_method=\u00a0\u00bbon\u00a0\u00bb][et_pb_code _builder_version=\u00a0\u00bb3.0.105&Prime;][\/et_pb_code][\/et_pb_column][\/et_pb_row][\/et_pb_section][et_pb_section fb_built=\u00a0\u00bb1&Prime; _builder_version=\u00a0\u00bb3.0.105&Prime; custom_margin=\u00a0\u00bb0px||0px|\u00a0\u00bb custom_padding=\u00a0\u00bb0px||0px|\u00a0\u00bb][et_pb_row _builder_version=\u00a0\u00bb3.0.47&Prime; background_size=\u00a0\u00bbinitial\u00a0\u00bb background_position=\u00a0\u00bbtop_left\u00a0\u00bb background_repeat=\u00a0\u00bbrepeat\u00a0\u00bb][et_pb_column type=\u00a0\u00bb1_3&Prime; _builder_version=\u00a0\u00bb3.0.47&Prime; parallax=\u00a0\u00bboff\u00a0\u00bb parallax_method=\u00a0\u00bbon\u00a0\u00bb][et_pb_circle_counter title=\u00a0\u00bbToutes nos graines sont 100% naturelles.\u00a0\u00bb number=\u00a0\u00bb100&Prime; _builder_version=\u00a0\u00bb3.0.105&Prime;][\/et_pb_circle_counter][\/et_pb_column][et_pb_column type=\u00a0\u00bb1_3&Prime; _builder_version=\u00a0\u00bb3.0.47&Prime; parallax=\u00a0\u00bboff\u00a0\u00bb parallax_method=\u00a0\u00bbon\u00a0\u00bb][et_pb_circle_counter title=\u00a0\u00bbNous garantissons la plus haute qualit\u00e9.\u00a0\u00bb number=\u00a0\u00bb100&Prime; _builder_version=\u00a0\u00bb3.0.105&Prime;][\/et_pb_circle_counter][\/et_pb_column][et_pb_column type=\u00a0\u00bb1_3&Prime; _builder_version=\u00a0\u00bb3.0.47&Prime; parallax=\u00a0\u00bboff\u00a0\u00bb parallax_method=\u00a0\u00bbon\u00a0\u00bb][et_pb_circle_counter title=\u00a0\u00bbLe meilleur choix et la plus grande [&hellip;]<\/p>\n","protected":false},"author":4,"featured_media":0,"parent":0,"menu_order":0,"comment_status":"closed","ping_status":"closed","template":"","meta":{"footnotes":""},"class_list":["post-2271","page","type-page","status-publish","hentry"],"yoast_head":"<!-- This site is optimized with the Yoast SEO plugin v27.4 - https:\/\/yoast.com\/product\/yoast-seo-wordpress\/ -->\n<title>Graines - Legumbres Martinez - Tradici\u00f3n familiar<\/title>\n<meta name=\"robots\" content=\"index, follow, max-snippet:-1, max-image-preview:large, max-video-preview:-1\" \/>\n<link rel=\"canonical\" href=\"https:\/\/legumbresmartinez.es\/fr\/graines\/\" \/>\n<meta property=\"og:locale\" content=\"fr_FR\" \/>\n<meta property=\"og:type\" content=\"article\" \/>\n<meta property=\"og:title\" content=\"Graines - Legumbres Martinez - Tradici\u00f3n familiar\" \/>\n<meta property=\"og:description\" content=\"[et_pb_section fb_built=\u00a0\u00bb1&Prime; _builder_version=\u00a0\u00bb3.0.47&Prime;][et_pb_row _builder_version=\u00a0\u00bb3.0.47&Prime; background_size=\u00a0\u00bbinitial\u00a0\u00bb background_position=\u00a0\u00bbtop_left\u00a0\u00bb background_repeat=\u00a0\u00bbrepeat\u00a0\u00bb][et_pb_column type=\u00a0\u00bb4_4&Prime; _builder_version=\u00a0\u00bb3.0.47&Prime; parallax=\u00a0\u00bboff\u00a0\u00bb parallax_method=\u00a0\u00bbon\u00a0\u00bb][et_pb_code _builder_version=\u00a0\u00bb3.0.105&Prime;][\/et_pb_code][\/et_pb_column][\/et_pb_row][\/et_pb_section][et_pb_section fb_built=\u00a0\u00bb1&Prime; _builder_version=\u00a0\u00bb3.0.105&Prime; custom_margin=\u00a0\u00bb0px||0px|\u00a0\u00bb custom_padding=\u00a0\u00bb0px||0px|\u00a0\u00bb][et_pb_row _builder_version=\u00a0\u00bb3.0.47&Prime; background_size=\u00a0\u00bbinitial\u00a0\u00bb background_position=\u00a0\u00bbtop_left\u00a0\u00bb background_repeat=\u00a0\u00bbrepeat\u00a0\u00bb][et_pb_column type=\u00a0\u00bb1_3&Prime; _builder_version=\u00a0\u00bb3.0.47&Prime; parallax=\u00a0\u00bboff\u00a0\u00bb parallax_method=\u00a0\u00bbon\u00a0\u00bb][et_pb_circle_counter title=\u00a0\u00bbToutes nos graines sont 100% naturelles.\u00a0\u00bb number=\u00a0\u00bb100&Prime; _builder_version=\u00a0\u00bb3.0.105&Prime;][\/et_pb_circle_counter][\/et_pb_column][et_pb_column type=\u00a0\u00bb1_3&Prime; _builder_version=\u00a0\u00bb3.0.47&Prime; parallax=\u00a0\u00bboff\u00a0\u00bb parallax_method=\u00a0\u00bbon\u00a0\u00bb][et_pb_circle_counter title=\u00a0\u00bbNous garantissons la plus haute qualit\u00e9.\u00a0\u00bb number=\u00a0\u00bb100&Prime; _builder_version=\u00a0\u00bb3.0.105&Prime;][\/et_pb_circle_counter][\/et_pb_column][et_pb_column type=\u00a0\u00bb1_3&Prime; _builder_version=\u00a0\u00bb3.0.47&Prime; parallax=\u00a0\u00bboff\u00a0\u00bb parallax_method=\u00a0\u00bbon\u00a0\u00bb][et_pb_circle_counter title=\u00a0\u00bbLe meilleur choix et la plus grande [&hellip;]\" \/>\n<meta property=\"og:url\" content=\"https:\/\/legumbresmartinez.es\/fr\/graines\/\" \/>\n<meta property=\"og:site_name\" content=\"Legumbres Martinez - Tradici\u00f3n familiar\" \/>\n<meta property=\"article:modified_time\" content=\"2025-05-09T06:52:37+00:00\" \/>\n<meta name=\"twitter:card\" content=\"summary_large_image\" \/>\n<meta name=\"twitter:label1\" content=\"Dur\u00e9e de lecture estim\u00e9e\" \/>\n\t<meta name=\"twitter:data1\" content=\"4 minutes\" \/>\n<!-- \/ Yoast SEO plugin. -->","yoast_head_json":{"title":"Graines - Legumbres Martinez - Tradici\u00f3n familiar","robots":{"index":"index","follow":"follow","max-snippet":"max-snippet:-1","max-image-preview":"max-image-preview:large","max-video-preview":"max-video-preview:-1"},"canonical":"https:\/\/legumbresmartinez.es\/fr\/graines\/","og_locale":"fr_FR","og_type":"article","og_title":"Graines - Legumbres Martinez - Tradici\u00f3n familiar","og_description":"[et_pb_section fb_built=\u00a0\u00bb1&Prime; _builder_version=\u00a0\u00bb3.0.47&Prime;][et_pb_row _builder_version=\u00a0\u00bb3.0.47&Prime; background_size=\u00a0\u00bbinitial\u00a0\u00bb background_position=\u00a0\u00bbtop_left\u00a0\u00bb background_repeat=\u00a0\u00bbrepeat\u00a0\u00bb][et_pb_column type=\u00a0\u00bb4_4&Prime; _builder_version=\u00a0\u00bb3.0.47&Prime; parallax=\u00a0\u00bboff\u00a0\u00bb parallax_method=\u00a0\u00bbon\u00a0\u00bb][et_pb_code _builder_version=\u00a0\u00bb3.0.105&Prime;][\/et_pb_code][\/et_pb_column][\/et_pb_row][\/et_pb_section][et_pb_section fb_built=\u00a0\u00bb1&Prime; _builder_version=\u00a0\u00bb3.0.105&Prime; custom_margin=\u00a0\u00bb0px||0px|\u00a0\u00bb custom_padding=\u00a0\u00bb0px||0px|\u00a0\u00bb][et_pb_row _builder_version=\u00a0\u00bb3.0.47&Prime; background_size=\u00a0\u00bbinitial\u00a0\u00bb background_position=\u00a0\u00bbtop_left\u00a0\u00bb background_repeat=\u00a0\u00bbrepeat\u00a0\u00bb][et_pb_column type=\u00a0\u00bb1_3&Prime; _builder_version=\u00a0\u00bb3.0.47&Prime; parallax=\u00a0\u00bboff\u00a0\u00bb parallax_method=\u00a0\u00bbon\u00a0\u00bb][et_pb_circle_counter title=\u00a0\u00bbToutes nos graines sont 100% naturelles.\u00a0\u00bb number=\u00a0\u00bb100&Prime; _builder_version=\u00a0\u00bb3.0.105&Prime;][\/et_pb_circle_counter][\/et_pb_column][et_pb_column type=\u00a0\u00bb1_3&Prime; _builder_version=\u00a0\u00bb3.0.47&Prime; parallax=\u00a0\u00bboff\u00a0\u00bb parallax_method=\u00a0\u00bbon\u00a0\u00bb][et_pb_circle_counter title=\u00a0\u00bbNous garantissons la plus haute qualit\u00e9.\u00a0\u00bb number=\u00a0\u00bb100&Prime; _builder_version=\u00a0\u00bb3.0.105&Prime;][\/et_pb_circle_counter][\/et_pb_column][et_pb_column type=\u00a0\u00bb1_3&Prime; _builder_version=\u00a0\u00bb3.0.47&Prime; parallax=\u00a0\u00bboff\u00a0\u00bb parallax_method=\u00a0\u00bbon\u00a0\u00bb][et_pb_circle_counter title=\u00a0\u00bbLe meilleur choix et la plus grande [&hellip;]","og_url":"https:\/\/legumbresmartinez.es\/fr\/graines\/","og_site_name":"Legumbres Martinez - Tradici\u00f3n familiar","article_modified_time":"2025-05-09T06:52:37+00:00","twitter_card":"summary_large_image","twitter_misc":{"Dur\u00e9e de lecture estim\u00e9e":"4 minutes"},"schema":{"@context":"https:\/\/schema.org","@graph":[{"@type":"WebPage","@id":"https:\/\/legumbresmartinez.es\/fr\/graines\/","url":"https:\/\/legumbresmartinez.es\/fr\/graines\/","name":"Graines - Legumbres Martinez - Tradici\u00f3n familiar","isPartOf":{"@id":"https:\/\/legumbresmartinez.es\/#website"},"datePublished":"2019-01-22T11:35:55+00:00","dateModified":"2025-05-09T06:52:37+00:00","breadcrumb":{"@id":"https:\/\/legumbresmartinez.es\/fr\/graines\/#breadcrumb"},"inLanguage":"fr-FR","potentialAction":[{"@type":"ReadAction","target":["https:\/\/legumbresmartinez.es\/fr\/graines\/"]}]},{"@type":"BreadcrumbList","@id":"https:\/\/legumbresmartinez.es\/fr\/graines\/#breadcrumb","itemListElement":[{"@type":"ListItem","position":1,"name":"Portada","item":"https:\/\/legumbresmartinez.es\/"},{"@type":"ListItem","position":2,"name":"Graines"}]},{"@type":"WebSite","@id":"https:\/\/legumbresmartinez.es\/#website","url":"https:\/\/legumbresmartinez.es\/","name":"Legumbres Martinez - Tradici\u00f3n familiar","description":"Selecci\u00f3n de las mejores legumbres de Castilla - La Mancha, Castilla y Le\u00f3n, Andaluc\u00eda y otras procedencias","publisher":{"@id":"https:\/\/legumbresmartinez.es\/#organization"},"potentialAction":[{"@type":"SearchAction","target":{"@type":"EntryPoint","urlTemplate":"https:\/\/legumbresmartinez.es\/?s={search_term_string}"},"query-input":{"@type":"PropertyValueSpecification","valueRequired":true,"valueName":"search_term_string"}}],"inLanguage":"fr-FR"},{"@type":"Organization","@id":"https:\/\/legumbresmartinez.es\/#organization","name":"Legumbres Mart\u00ednez","url":"https:\/\/legumbresmartinez.es\/","logo":{"@type":"ImageObject","inLanguage":"fr-FR","@id":"https:\/\/legumbresmartinez.es\/#\/schema\/logo\/image\/","url":"https:\/\/legumbresmartinez.es\/wp-content\/uploads\/2018\/02\/logotipo-legumbres-gines-martinez.png","contentUrl":"https:\/\/legumbresmartinez.es\/wp-content\/uploads\/2018\/02\/logotipo-legumbres-gines-martinez.png","width":214,"height":181,"caption":"Legumbres Mart\u00ednez"},"image":{"@id":"https:\/\/legumbresmartinez.es\/#\/schema\/logo\/image\/"}}]}},"_links":{"self":[{"href":"https:\/\/legumbresmartinez.es\/fr\/wp-json\/wp\/v2\/pages\/2271","targetHints":{"allow":["GET"]}}],"collection":[{"href":"https:\/\/legumbresmartinez.es\/fr\/wp-json\/wp\/v2\/pages"}],"about":[{"href":"https:\/\/legumbresmartinez.es\/fr\/wp-json\/wp\/v2\/types\/page"}],"author":[{"embeddable":true,"href":"https:\/\/legumbresmartinez.es\/fr\/wp-json\/wp\/v2\/users\/4"}],"replies":[{"embeddable":true,"href":"https:\/\/legumbresmartinez.es\/fr\/wp-json\/wp\/v2\/comments?post=2271"}],"version-history":[{"count":10,"href":"https:\/\/legumbresmartinez.es\/fr\/wp-json\/wp\/v2\/pages\/2271\/revisions"}],"predecessor-version":[{"id":3723,"href":"https:\/\/legumbresmartinez.es\/fr\/wp-json\/wp\/v2\/pages\/2271\/revisions\/3723"}],"wp:attachment":[{"href":"https:\/\/legumbresmartinez.es\/fr\/wp-json\/wp\/v2\/media?parent=2271"}],"curies":[{"name":"wp","href":"https:\/\/api.w.org\/{rel}","templated":true}]}}