{"id":2303,"date":"2018-03-15T09:46:01","date_gmt":"2018-03-15T09:46:01","guid":{"rendered":"https:\/\/legumbresmartinez.es\/pois-chiches\/"},"modified":"2025-05-06T10:35:15","modified_gmt":"2025-05-06T10:35:15","slug":"pois-chiches","status":"publish","type":"page","link":"https:\/\/legumbresmartinez.es\/fr\/legumineuses\/pois-chiches\/","title":{"rendered":"Pois chiches"},"content":{"rendered":"<p>[et_pb_section fb_built=\u00a0\u00bb1&Prime; fullwidth=\u00a0\u00bbon\u00a0\u00bb _builder_version=\u00a0\u00bb3.0.105&Prime; background_image=\u00a0\u00bbhttps:\/\/legumbresmartinez.es\/wp-content\/uploads\/2018\/03\/garbanzos.jpg\u00a0\u00bb][et_pb_fullwidth_header title=\u00a0\u00bbPois chiches\u00a0\u00bb text_orientation=\u00a0\u00bbcenter\u00a0\u00bb header_scroll_down=\u00a0\u00bbon\u00a0\u00bb scroll_down_icon=\u00a0\u00bb%%8%%\u00a0\u00bb scroll_down_icon_color=\u00a0\u00bb#211a6c\u00a0\u00bb scroll_down_icon_size=\u00a0\u00bb31px\u00a0\u00bb _builder_version=\u00a0\u00bb3.0.105&Prime; title_font=\u00a0\u00bbSatisfy||||||||\u00a0\u00bb title_font_size=\u00a0\u00bb80px\u00a0\u00bb title_font_size_tablet=\u00a0\u00bb60px\u00a0\u00bb title_font_size_phone=\u00a0\u00bb32px\u00a0\u00bb title_font_size_last_edited=\u00a0\u00bbon|phone\u00a0\u00bb title_text_color=\u00a0\u00bb#211a6c\u00a0\u00bb background_size=\u00a0\u00bbinitial\u00a0\u00bb background_position=\u00a0\u00bbtop_left\u00a0\u00bb background_repeat=\u00a0\u00bbrepeat\u00a0\u00bb][\/et_pb_fullwidth_header][\/et_pb_section][et_pb_section fb_built=\u00a0\u00bb1&Prime; _builder_version=\u00a0\u00bb3.0.105&Prime;][et_pb_row use_custom_width=\u00a0\u00bbon\u00a0\u00bb width_unit=\u00a0\u00bboff\u00a0\u00bb _builder_version=\u00a0\u00bb3.0.105&Prime; module_alignment=\u00a0\u00bbcenter\u00a0\u00bb][et_pb_column type=\u00a0\u00bb4_4&Prime; _builder_version=\u00a0\u00bb3.0.47&Prime; parallax=\u00a0\u00bboff\u00a0\u00bb parallax_method=\u00a0\u00bbon\u00a0\u00bb][et_pb_shop type=\u00a0\u00bbproduct_category\u00a0\u00bb posts_number=\u00a0\u00bb25&Prime; include_categories=\u00a0\u00bb106&Prime; columns_number=\u00a0\u00bb4&Prime; orderby=\u00a0\u00bbdate\u00a0\u00bb _builder_version=\u00a0\u00bb3.0.105&Prime;][\/et_pb_shop][\/et_pb_column][\/et_pb_row][\/et_pb_section]<\/p>\n","protected":false},"excerpt":{"rendered":"<p>[et_pb_section fb_built=\u00a0\u00bb1&Prime; fullwidth=\u00a0\u00bbon\u00a0\u00bb _builder_version=\u00a0\u00bb3.0.105&Prime; background_image=\u00a0\u00bbhttps:\/\/legumbresmartinez.es\/wp-content\/uploads\/2018\/03\/garbanzos.jpg\u00a0\u00bb][et_pb_fullwidth_header title=\u00a0\u00bbPois chiches\u00a0\u00bb text_orientation=\u00a0\u00bbcenter\u00a0\u00bb header_scroll_down=\u00a0\u00bbon\u00a0\u00bb scroll_down_icon=\u00a0\u00bb%%8%%\u00a0\u00bb scroll_down_icon_color=\u00a0\u00bb#211a6c\u00a0\u00bb scroll_down_icon_size=\u00a0\u00bb31px\u00a0\u00bb _builder_version=\u00a0\u00bb3.0.105&Prime; title_font=\u00a0\u00bbSatisfy||||||||\u00a0\u00bb title_font_size=\u00a0\u00bb80px\u00a0\u00bb title_font_size_tablet=\u00a0\u00bb60px\u00a0\u00bb title_font_size_phone=\u00a0\u00bb32px\u00a0\u00bb title_font_size_last_edited=\u00a0\u00bbon|phone\u00a0\u00bb title_text_color=\u00a0\u00bb#211a6c\u00a0\u00bb background_size=\u00a0\u00bbinitial\u00a0\u00bb background_position=\u00a0\u00bbtop_left\u00a0\u00bb background_repeat=\u00a0\u00bbrepeat\u00a0\u00bb][\/et_pb_fullwidth_header][\/et_pb_section][et_pb_section fb_built=\u00a0\u00bb1&Prime; _builder_version=\u00a0\u00bb3.0.105&Prime;][et_pb_row use_custom_width=\u00a0\u00bbon\u00a0\u00bb width_unit=\u00a0\u00bboff\u00a0\u00bb _builder_version=\u00a0\u00bb3.0.105&Prime; module_alignment=\u00a0\u00bbcenter\u00a0\u00bb][et_pb_column type=\u00a0\u00bb4_4&Prime; _builder_version=\u00a0\u00bb3.0.47&Prime; parallax=\u00a0\u00bboff\u00a0\u00bb parallax_method=\u00a0\u00bbon\u00a0\u00bb][et_pb_shop type=\u00a0\u00bbproduct_category\u00a0\u00bb posts_number=\u00a0\u00bb25&Prime; include_categories=\u00a0\u00bb106&Prime; columns_number=\u00a0\u00bb4&Prime; orderby=\u00a0\u00bbdate\u00a0\u00bb _builder_version=\u00a0\u00bb3.0.105&Prime;][\/et_pb_shop][\/et_pb_column][\/et_pb_row][\/et_pb_section]<\/p>\n","protected":false},"author":4,"featured_media":0,"parent":2309,"menu_order":0,"comment_status":"closed","ping_status":"closed","template":"","meta":{"footnotes":""},"class_list":["post-2303","page","type-page","status-publish","hentry"],"yoast_head":"<!-- This site is optimized with the Yoast SEO plugin v27.4 - https:\/\/yoast.com\/product\/yoast-seo-wordpress\/ -->\n<title>Pois chiches - Legumbres Martinez - Tradici\u00f3n familiar<\/title>\n<meta name=\"robots\" content=\"index, follow, max-snippet:-1, max-image-preview:large, max-video-preview:-1\" \/>\n<link rel=\"canonical\" href=\"https:\/\/legumbresmartinez.es\/fr\/legumineuses\/pois-chiches\/\" \/>\n<meta property=\"og:locale\" content=\"fr_FR\" \/>\n<meta property=\"og:type\" content=\"article\" \/>\n<meta property=\"og:title\" content=\"Pois chiches - Legumbres Martinez - Tradici\u00f3n familiar\" \/>\n<meta property=\"og:description\" content=\"[et_pb_section fb_built=\u00a0\u00bb1&Prime; fullwidth=\u00a0\u00bbon\u00a0\u00bb _builder_version=\u00a0\u00bb3.0.105&Prime; background_image=\u00a0\u00bbhttps:\/\/legumbresmartinez.es\/wp-content\/uploads\/2018\/03\/garbanzos.jpg\u00a0\u00bb][et_pb_fullwidth_header title=\u00a0\u00bbPois chiches\u00a0\u00bb text_orientation=\u00a0\u00bbcenter\u00a0\u00bb header_scroll_down=\u00a0\u00bbon\u00a0\u00bb scroll_down_icon=\u00a0\u00bb\u00a0\u00bb scroll_down_icon_color=\u00a0\u00bb#211a6c\u00a0\u00bb scroll_down_icon_size=\u00a0\u00bb31px\u00a0\u00bb _builder_version=\u00a0\u00bb3.0.105&Prime; title_font=\u00a0\u00bbSatisfy||||||||\u00a0\u00bb title_font_size=\u00a0\u00bb80px\u00a0\u00bb title_font_size_tablet=\u00a0\u00bb60px\u00a0\u00bb title_font_size_phone=\u00a0\u00bb32px\u00a0\u00bb title_font_size_last_edited=\u00a0\u00bbon|phone\u00a0\u00bb title_text_color=\u00a0\u00bb#211a6c\u00a0\u00bb background_size=\u00a0\u00bbinitial\u00a0\u00bb background_position=\u00a0\u00bbtop_left\u00a0\u00bb background_repeat=\u00a0\u00bbrepeat\u00a0\u00bb][\/et_pb_fullwidth_header][\/et_pb_section][et_pb_section fb_built=\u00a0\u00bb1&Prime; _builder_version=\u00a0\u00bb3.0.105&Prime;][et_pb_row use_custom_width=\u00a0\u00bbon\u00a0\u00bb width_unit=\u00a0\u00bboff\u00a0\u00bb _builder_version=\u00a0\u00bb3.0.105&Prime; module_alignment=\u00a0\u00bbcenter\u00a0\u00bb][et_pb_column type=\u00a0\u00bb4_4&Prime; _builder_version=\u00a0\u00bb3.0.47&Prime; parallax=\u00a0\u00bboff\u00a0\u00bb parallax_method=\u00a0\u00bbon\u00a0\u00bb][et_pb_shop type=\u00a0\u00bbproduct_category\u00a0\u00bb posts_number=\u00a0\u00bb25&Prime; include_categories=\u00a0\u00bb106&Prime; columns_number=\u00a0\u00bb4&Prime; orderby=\u00a0\u00bbdate\u00a0\u00bb _builder_version=\u00a0\u00bb3.0.105&Prime;][\/et_pb_shop][\/et_pb_column][\/et_pb_row][\/et_pb_section]\" \/>\n<meta property=\"og:url\" content=\"https:\/\/legumbresmartinez.es\/fr\/legumineuses\/pois-chiches\/\" \/>\n<meta property=\"og:site_name\" content=\"Legumbres Martinez - Tradici\u00f3n familiar\" \/>\n<meta property=\"article:modified_time\" content=\"2025-05-06T10:35:15+00:00\" \/>\n<meta name=\"twitter:card\" content=\"summary_large_image\" \/>\n<meta name=\"twitter:label1\" content=\"Dur\u00e9e de lecture estim\u00e9e\" \/>\n\t<meta name=\"twitter:data1\" content=\"1 minute\" \/>\n<!-- \/ Yoast SEO plugin. -->","yoast_head_json":{"title":"Pois chiches - Legumbres Martinez - Tradici\u00f3n familiar","robots":{"index":"index","follow":"follow","max-snippet":"max-snippet:-1","max-image-preview":"max-image-preview:large","max-video-preview":"max-video-preview:-1"},"canonical":"https:\/\/legumbresmartinez.es\/fr\/legumineuses\/pois-chiches\/","og_locale":"fr_FR","og_type":"article","og_title":"Pois chiches - Legumbres Martinez - Tradici\u00f3n familiar","og_description":"[et_pb_section fb_built=\u00a0\u00bb1&Prime; fullwidth=\u00a0\u00bbon\u00a0\u00bb _builder_version=\u00a0\u00bb3.0.105&Prime; background_image=\u00a0\u00bbhttps:\/\/legumbresmartinez.es\/wp-content\/uploads\/2018\/03\/garbanzos.jpg\u00a0\u00bb][et_pb_fullwidth_header title=\u00a0\u00bbPois chiches\u00a0\u00bb text_orientation=\u00a0\u00bbcenter\u00a0\u00bb header_scroll_down=\u00a0\u00bbon\u00a0\u00bb scroll_down_icon=\u00a0\u00bb\u00a0\u00bb scroll_down_icon_color=\u00a0\u00bb#211a6c\u00a0\u00bb scroll_down_icon_size=\u00a0\u00bb31px\u00a0\u00bb _builder_version=\u00a0\u00bb3.0.105&Prime; title_font=\u00a0\u00bbSatisfy||||||||\u00a0\u00bb title_font_size=\u00a0\u00bb80px\u00a0\u00bb title_font_size_tablet=\u00a0\u00bb60px\u00a0\u00bb title_font_size_phone=\u00a0\u00bb32px\u00a0\u00bb title_font_size_last_edited=\u00a0\u00bbon|phone\u00a0\u00bb title_text_color=\u00a0\u00bb#211a6c\u00a0\u00bb background_size=\u00a0\u00bbinitial\u00a0\u00bb background_position=\u00a0\u00bbtop_left\u00a0\u00bb background_repeat=\u00a0\u00bbrepeat\u00a0\u00bb][\/et_pb_fullwidth_header][\/et_pb_section][et_pb_section fb_built=\u00a0\u00bb1&Prime; _builder_version=\u00a0\u00bb3.0.105&Prime;][et_pb_row use_custom_width=\u00a0\u00bbon\u00a0\u00bb width_unit=\u00a0\u00bboff\u00a0\u00bb _builder_version=\u00a0\u00bb3.0.105&Prime; module_alignment=\u00a0\u00bbcenter\u00a0\u00bb][et_pb_column type=\u00a0\u00bb4_4&Prime; _builder_version=\u00a0\u00bb3.0.47&Prime; parallax=\u00a0\u00bboff\u00a0\u00bb parallax_method=\u00a0\u00bbon\u00a0\u00bb][et_pb_shop type=\u00a0\u00bbproduct_category\u00a0\u00bb posts_number=\u00a0\u00bb25&Prime; include_categories=\u00a0\u00bb106&Prime; columns_number=\u00a0\u00bb4&Prime; orderby=\u00a0\u00bbdate\u00a0\u00bb _builder_version=\u00a0\u00bb3.0.105&Prime;][\/et_pb_shop][\/et_pb_column][\/et_pb_row][\/et_pb_section]","og_url":"https:\/\/legumbresmartinez.es\/fr\/legumineuses\/pois-chiches\/","og_site_name":"Legumbres Martinez - Tradici\u00f3n familiar","article_modified_time":"2025-05-06T10:35:15+00:00","twitter_card":"summary_large_image","twitter_misc":{"Dur\u00e9e de lecture estim\u00e9e":"1 minute"},"schema":{"@context":"https:\/\/schema.org","@graph":[{"@type":"WebPage","@id":"https:\/\/legumbresmartinez.es\/fr\/legumineuses\/pois-chiches\/","url":"https:\/\/legumbresmartinez.es\/fr\/legumineuses\/pois-chiches\/","name":"Pois chiches - Legumbres Martinez - Tradici\u00f3n familiar","isPartOf":{"@id":"https:\/\/legumbresmartinez.es\/#website"},"datePublished":"2018-03-15T09:46:01+00:00","dateModified":"2025-05-06T10:35:15+00:00","breadcrumb":{"@id":"https:\/\/legumbresmartinez.es\/fr\/legumineuses\/pois-chiches\/#breadcrumb"},"inLanguage":"fr-FR","potentialAction":[{"@type":"ReadAction","target":["https:\/\/legumbresmartinez.es\/fr\/legumineuses\/pois-chiches\/"]}]},{"@type":"BreadcrumbList","@id":"https:\/\/legumbresmartinez.es\/fr\/legumineuses\/pois-chiches\/#breadcrumb","itemListElement":[{"@type":"ListItem","position":1,"name":"Portada","item":"https:\/\/legumbresmartinez.es\/"},{"@type":"ListItem","position":2,"name":"L\u00e9gumineuses","item":"https:\/\/legumbresmartinez.es\/fr\/legumineuses\/"},{"@type":"ListItem","position":3,"name":"Pois chiches"}]},{"@type":"WebSite","@id":"https:\/\/legumbresmartinez.es\/#website","url":"https:\/\/legumbresmartinez.es\/","name":"Legumbres Martinez - Tradici\u00f3n familiar","description":"Selecci\u00f3n de las mejores legumbres de Castilla - La Mancha, Castilla y Le\u00f3n, Andaluc\u00eda y otras procedencias","publisher":{"@id":"https:\/\/legumbresmartinez.es\/#organization"},"potentialAction":[{"@type":"SearchAction","target":{"@type":"EntryPoint","urlTemplate":"https:\/\/legumbresmartinez.es\/?s={search_term_string}"},"query-input":{"@type":"PropertyValueSpecification","valueRequired":true,"valueName":"search_term_string"}}],"inLanguage":"fr-FR"},{"@type":"Organization","@id":"https:\/\/legumbresmartinez.es\/#organization","name":"Legumbres Mart\u00ednez","url":"https:\/\/legumbresmartinez.es\/","logo":{"@type":"ImageObject","inLanguage":"fr-FR","@id":"https:\/\/legumbresmartinez.es\/#\/schema\/logo\/image\/","url":"https:\/\/legumbresmartinez.es\/wp-content\/uploads\/2018\/02\/logotipo-legumbres-gines-martinez.png","contentUrl":"https:\/\/legumbresmartinez.es\/wp-content\/uploads\/2018\/02\/logotipo-legumbres-gines-martinez.png","width":214,"height":181,"caption":"Legumbres Mart\u00ednez"},"image":{"@id":"https:\/\/legumbresmartinez.es\/#\/schema\/logo\/image\/"}}]}},"_links":{"self":[{"href":"https:\/\/legumbresmartinez.es\/fr\/wp-json\/wp\/v2\/pages\/2303","targetHints":{"allow":["GET"]}}],"collection":[{"href":"https:\/\/legumbresmartinez.es\/fr\/wp-json\/wp\/v2\/pages"}],"about":[{"href":"https:\/\/legumbresmartinez.es\/fr\/wp-json\/wp\/v2\/types\/page"}],"author":[{"embeddable":true,"href":"https:\/\/legumbresmartinez.es\/fr\/wp-json\/wp\/v2\/users\/4"}],"replies":[{"embeddable":true,"href":"https:\/\/legumbresmartinez.es\/fr\/wp-json\/wp\/v2\/comments?post=2303"}],"version-history":[{"count":3,"href":"https:\/\/legumbresmartinez.es\/fr\/wp-json\/wp\/v2\/pages\/2303\/revisions"}],"predecessor-version":[{"id":3334,"href":"https:\/\/legumbresmartinez.es\/fr\/wp-json\/wp\/v2\/pages\/2303\/revisions\/3334"}],"up":[{"embeddable":true,"href":"https:\/\/legumbresmartinez.es\/fr\/wp-json\/wp\/v2\/pages\/2309"}],"wp:attachment":[{"href":"https:\/\/legumbresmartinez.es\/fr\/wp-json\/wp\/v2\/media?parent=2303"}],"curies":[{"name":"wp","href":"https:\/\/api.w.org\/{rel}","templated":true}]}}