{"id":2318,"date":"2018-05-24T08:13:52","date_gmt":"2018-05-24T08:13:52","guid":{"rendered":"https:\/\/legumbresmartinez.es\/legumineuses\/legumineuses-cuites\/"},"modified":"2025-05-06T10:26:40","modified_gmt":"2025-05-06T10:26:40","slug":"legumineuses-cuites","status":"publish","type":"page","link":"https:\/\/legumbresmartinez.es\/fr\/legumineuses\/legumineuses-cuites\/","title":{"rendered":"L\u00e9gumineuses Cuites"},"content":{"rendered":"<p>[et_pb_section fb_built=\u00a0\u00bb1&Prime; fullwidth=\u00a0\u00bbon\u00a0\u00bb _builder_version=\u00a0\u00bb3.0.105&Prime; background_image=\u00a0\u00bbhttps:\/\/legumbresmartinez.es\/wp-content\/uploads\/2018\/05\/legumbres-cocidas-1.jpg\u00a0\u00bb][et_pb_fullwidth_header title=\u00a0\u00bbL\u00e9gumineuses Cuites\u00a0\u00bb subhead=\u00a0\u00bbPr\u00eates \u00e0 Servir\u00a0\u00bb text_orientation=\u00a0\u00bbcenter\u00a0\u00bb header_scroll_down=\u00a0\u00bbon\u00a0\u00bb scroll_down_icon=\u00a0\u00bb%%8%%\u00a0\u00bb scroll_down_icon_color=\u00a0\u00bb#211a6c\u00a0\u00bb scroll_down_icon_size=\u00a0\u00bb31px\u00a0\u00bb _builder_version=\u00a0\u00bb3.0.105&Prime; title_font=\u00a0\u00bbSatisfy||||||||\u00a0\u00bb title_text_align=\u00a0\u00bbcenter\u00a0\u00bb title_font_size=\u00a0\u00bb80px\u00a0\u00bb title_font_size_tablet=\u00a0\u00bb60px\u00a0\u00bb title_font_size_phone=\u00a0\u00bb32px\u00a0\u00bb title_font_size_last_edited=\u00a0\u00bbon|phone\u00a0\u00bb subhead_font=\u00a0\u00bb|700|||||||\u00a0\u00bb subhead_font_size=\u00a0\u00bb48px\u00a0\u00bb subhead_font_size_tablet=\u00a0\u00bb36px\u00a0\u00bb subhead_font_size_phone=\u00a0\u00bb28px\u00a0\u00bb subhead_font_size_last_edited=\u00a0\u00bbon|phone\u00a0\u00bb][\/et_pb_fullwidth_header][\/et_pb_section][et_pb_section fb_built=\u00a0\u00bb1&Prime; _builder_version=\u00a0\u00bb3.0.47&Prime;][et_pb_row _builder_version=\u00a0\u00bb3.0.47&Prime; background_size=\u00a0\u00bbinitial\u00a0\u00bb background_position=\u00a0\u00bbtop_left\u00a0\u00bb background_repeat=\u00a0\u00bbrepeat\u00a0\u00bb][et_pb_column type=\u00a0\u00bb4_4&Prime; _builder_version=\u00a0\u00bb3.0.47&Prime; parallax=\u00a0\u00bboff\u00a0\u00bb parallax_method=\u00a0\u00bbon\u00a0\u00bb][et_pb_shop type=\u00a0\u00bbproduct_category\u00a0\u00bb include_categories=\u00a0\u00bb104&Prime; columns_number=\u00a0\u00bb4&Prime; orderby=\u00a0\u00bbdate\u00a0\u00bb _builder_version=\u00a0\u00bb3.0.105&Prime;][\/et_pb_shop][\/et_pb_column][\/et_pb_row][\/et_pb_section]<\/p>\n","protected":false},"excerpt":{"rendered":"<p>[et_pb_section fb_built=\u00a0\u00bb1&Prime; fullwidth=\u00a0\u00bbon\u00a0\u00bb _builder_version=\u00a0\u00bb3.0.105&Prime; background_image=\u00a0\u00bbhttps:\/\/legumbresmartinez.es\/wp-content\/uploads\/2018\/05\/legumbres-cocidas-1.jpg\u00a0\u00bb][et_pb_fullwidth_header title=\u00a0\u00bbL\u00e9gumineuses Cuites\u00a0\u00bb subhead=\u00a0\u00bbPr\u00eates \u00e0 Servir\u00a0\u00bb text_orientation=\u00a0\u00bbcenter\u00a0\u00bb header_scroll_down=\u00a0\u00bbon\u00a0\u00bb scroll_down_icon=\u00a0\u00bb%%8%%\u00a0\u00bb scroll_down_icon_color=\u00a0\u00bb#211a6c\u00a0\u00bb scroll_down_icon_size=\u00a0\u00bb31px\u00a0\u00bb _builder_version=\u00a0\u00bb3.0.105&Prime; title_font=\u00a0\u00bbSatisfy||||||||\u00a0\u00bb title_text_align=\u00a0\u00bbcenter\u00a0\u00bb title_font_size=\u00a0\u00bb80px\u00a0\u00bb title_font_size_tablet=\u00a0\u00bb60px\u00a0\u00bb title_font_size_phone=\u00a0\u00bb32px\u00a0\u00bb title_font_size_last_edited=\u00a0\u00bbon|phone\u00a0\u00bb subhead_font=\u00a0\u00bb|700|||||||\u00a0\u00bb subhead_font_size=\u00a0\u00bb48px\u00a0\u00bb subhead_font_size_tablet=\u00a0\u00bb36px\u00a0\u00bb subhead_font_size_phone=\u00a0\u00bb28px\u00a0\u00bb subhead_font_size_last_edited=\u00a0\u00bbon|phone\u00a0\u00bb][\/et_pb_fullwidth_header][\/et_pb_section][et_pb_section fb_built=\u00a0\u00bb1&Prime; _builder_version=\u00a0\u00bb3.0.47&Prime;][et_pb_row _builder_version=\u00a0\u00bb3.0.47&Prime; background_size=\u00a0\u00bbinitial\u00a0\u00bb background_position=\u00a0\u00bbtop_left\u00a0\u00bb background_repeat=\u00a0\u00bbrepeat\u00a0\u00bb][et_pb_column type=\u00a0\u00bb4_4&Prime; _builder_version=\u00a0\u00bb3.0.47&Prime; parallax=\u00a0\u00bboff\u00a0\u00bb parallax_method=\u00a0\u00bbon\u00a0\u00bb][et_pb_shop type=\u00a0\u00bbproduct_category\u00a0\u00bb include_categories=\u00a0\u00bb104&Prime; columns_number=\u00a0\u00bb4&Prime; orderby=\u00a0\u00bbdate\u00a0\u00bb _builder_version=\u00a0\u00bb3.0.105&Prime;][\/et_pb_shop][\/et_pb_column][\/et_pb_row][\/et_pb_section]<\/p>\n","protected":false},"author":4,"featured_media":0,"parent":2309,"menu_order":0,"comment_status":"closed","ping_status":"closed","template":"","meta":{"footnotes":""},"class_list":["post-2318","page","type-page","status-publish","hentry"],"yoast_head":"<!-- This site is optimized with the Yoast SEO plugin v27.4 - https:\/\/yoast.com\/product\/yoast-seo-wordpress\/ -->\n<title>L\u00e9gumineuses Cuites - Legumbres Martinez - Tradici\u00f3n familiar<\/title>\n<meta name=\"robots\" content=\"index, follow, max-snippet:-1, max-image-preview:large, max-video-preview:-1\" \/>\n<link rel=\"canonical\" href=\"https:\/\/legumbresmartinez.es\/legumbres\/cocidas\/\" \/>\n<meta property=\"og:locale\" content=\"fr_FR\" \/>\n<meta property=\"og:type\" content=\"article\" \/>\n<meta property=\"og:title\" content=\"L\u00e9gumineuses Cuites - Legumbres Martinez - Tradici\u00f3n familiar\" \/>\n<meta property=\"og:description\" content=\"[et_pb_section fb_built=\u00a0\u00bb1&Prime; fullwidth=\u00a0\u00bbon\u00a0\u00bb _builder_version=\u00a0\u00bb3.0.105&Prime; background_image=\u00a0\u00bbhttps:\/\/legumbresmartinez.es\/wp-content\/uploads\/2018\/05\/legumbres-cocidas-1.jpg\u00a0\u00bb][et_pb_fullwidth_header title=\u00a0\u00bbL\u00e9gumineuses Cuites\u00a0\u00bb subhead=\u00a0\u00bbPr\u00eates \u00e0 Servir\u00a0\u00bb text_orientation=\u00a0\u00bbcenter\u00a0\u00bb header_scroll_down=\u00a0\u00bbon\u00a0\u00bb scroll_down_icon=\u00a0\u00bb\u00a0\u00bb scroll_down_icon_color=\u00a0\u00bb#211a6c\u00a0\u00bb scroll_down_icon_size=\u00a0\u00bb31px\u00a0\u00bb _builder_version=\u00a0\u00bb3.0.105&Prime; title_font=\u00a0\u00bbSatisfy||||||||\u00a0\u00bb title_text_align=\u00a0\u00bbcenter\u00a0\u00bb title_font_size=\u00a0\u00bb80px\u00a0\u00bb title_font_size_tablet=\u00a0\u00bb60px\u00a0\u00bb title_font_size_phone=\u00a0\u00bb32px\u00a0\u00bb title_font_size_last_edited=\u00a0\u00bbon|phone\u00a0\u00bb subhead_font=\u00a0\u00bb|700|||||||\u00a0\u00bb subhead_font_size=\u00a0\u00bb48px\u00a0\u00bb subhead_font_size_tablet=\u00a0\u00bb36px\u00a0\u00bb subhead_font_size_phone=\u00a0\u00bb28px\u00a0\u00bb subhead_font_size_last_edited=\u00a0\u00bbon|phone\u00a0\u00bb][\/et_pb_fullwidth_header][\/et_pb_section][et_pb_section fb_built=\u00a0\u00bb1&Prime; _builder_version=\u00a0\u00bb3.0.47&Prime;][et_pb_row _builder_version=\u00a0\u00bb3.0.47&Prime; background_size=\u00a0\u00bbinitial\u00a0\u00bb background_position=\u00a0\u00bbtop_left\u00a0\u00bb background_repeat=\u00a0\u00bbrepeat\u00a0\u00bb][et_pb_column type=\u00a0\u00bb4_4&Prime; _builder_version=\u00a0\u00bb3.0.47&Prime; parallax=\u00a0\u00bboff\u00a0\u00bb parallax_method=\u00a0\u00bbon\u00a0\u00bb][et_pb_shop type=\u00a0\u00bbproduct_category\u00a0\u00bb include_categories=\u00a0\u00bb104&Prime; columns_number=\u00a0\u00bb4&Prime; orderby=\u00a0\u00bbdate\u00a0\u00bb _builder_version=\u00a0\u00bb3.0.105&Prime;][\/et_pb_shop][\/et_pb_column][\/et_pb_row][\/et_pb_section]\" \/>\n<meta property=\"og:url\" content=\"https:\/\/legumbresmartinez.es\/legumbres\/cocidas\/\" \/>\n<meta property=\"og:site_name\" content=\"Legumbres Martinez - Tradici\u00f3n familiar\" \/>\n<meta property=\"article:modified_time\" content=\"2025-05-06T10:26:40+00:00\" \/>\n<meta name=\"twitter:card\" content=\"summary_large_image\" \/>\n<meta name=\"twitter:label1\" content=\"Dur\u00e9e de lecture estim\u00e9e\" \/>\n\t<meta name=\"twitter:data1\" content=\"1 minute\" \/>\n<!-- \/ Yoast SEO plugin. -->","yoast_head_json":{"title":"L\u00e9gumineuses Cuites - Legumbres Martinez - Tradici\u00f3n familiar","robots":{"index":"index","follow":"follow","max-snippet":"max-snippet:-1","max-image-preview":"max-image-preview:large","max-video-preview":"max-video-preview:-1"},"canonical":"https:\/\/legumbresmartinez.es\/legumbres\/cocidas\/","og_locale":"fr_FR","og_type":"article","og_title":"L\u00e9gumineuses Cuites - Legumbres Martinez - Tradici\u00f3n familiar","og_description":"[et_pb_section fb_built=\u00a0\u00bb1&Prime; fullwidth=\u00a0\u00bbon\u00a0\u00bb _builder_version=\u00a0\u00bb3.0.105&Prime; background_image=\u00a0\u00bbhttps:\/\/legumbresmartinez.es\/wp-content\/uploads\/2018\/05\/legumbres-cocidas-1.jpg\u00a0\u00bb][et_pb_fullwidth_header title=\u00a0\u00bbL\u00e9gumineuses Cuites\u00a0\u00bb subhead=\u00a0\u00bbPr\u00eates \u00e0 Servir\u00a0\u00bb text_orientation=\u00a0\u00bbcenter\u00a0\u00bb header_scroll_down=\u00a0\u00bbon\u00a0\u00bb scroll_down_icon=\u00a0\u00bb\u00a0\u00bb scroll_down_icon_color=\u00a0\u00bb#211a6c\u00a0\u00bb scroll_down_icon_size=\u00a0\u00bb31px\u00a0\u00bb _builder_version=\u00a0\u00bb3.0.105&Prime; title_font=\u00a0\u00bbSatisfy||||||||\u00a0\u00bb title_text_align=\u00a0\u00bbcenter\u00a0\u00bb title_font_size=\u00a0\u00bb80px\u00a0\u00bb title_font_size_tablet=\u00a0\u00bb60px\u00a0\u00bb title_font_size_phone=\u00a0\u00bb32px\u00a0\u00bb title_font_size_last_edited=\u00a0\u00bbon|phone\u00a0\u00bb subhead_font=\u00a0\u00bb|700|||||||\u00a0\u00bb subhead_font_size=\u00a0\u00bb48px\u00a0\u00bb subhead_font_size_tablet=\u00a0\u00bb36px\u00a0\u00bb subhead_font_size_phone=\u00a0\u00bb28px\u00a0\u00bb subhead_font_size_last_edited=\u00a0\u00bbon|phone\u00a0\u00bb][\/et_pb_fullwidth_header][\/et_pb_section][et_pb_section fb_built=\u00a0\u00bb1&Prime; _builder_version=\u00a0\u00bb3.0.47&Prime;][et_pb_row _builder_version=\u00a0\u00bb3.0.47&Prime; background_size=\u00a0\u00bbinitial\u00a0\u00bb background_position=\u00a0\u00bbtop_left\u00a0\u00bb background_repeat=\u00a0\u00bbrepeat\u00a0\u00bb][et_pb_column type=\u00a0\u00bb4_4&Prime; _builder_version=\u00a0\u00bb3.0.47&Prime; parallax=\u00a0\u00bboff\u00a0\u00bb parallax_method=\u00a0\u00bbon\u00a0\u00bb][et_pb_shop type=\u00a0\u00bbproduct_category\u00a0\u00bb include_categories=\u00a0\u00bb104&Prime; columns_number=\u00a0\u00bb4&Prime; orderby=\u00a0\u00bbdate\u00a0\u00bb _builder_version=\u00a0\u00bb3.0.105&Prime;][\/et_pb_shop][\/et_pb_column][\/et_pb_row][\/et_pb_section]","og_url":"https:\/\/legumbresmartinez.es\/legumbres\/cocidas\/","og_site_name":"Legumbres Martinez - Tradici\u00f3n familiar","article_modified_time":"2025-05-06T10:26:40+00:00","twitter_card":"summary_large_image","twitter_misc":{"Dur\u00e9e de lecture estim\u00e9e":"1 minute"},"schema":{"@context":"https:\/\/schema.org","@graph":[{"@type":"WebPage","@id":"https:\/\/legumbresmartinez.es\/legumbres\/cocidas\/","url":"https:\/\/legumbresmartinez.es\/legumbres\/cocidas\/","name":"L\u00e9gumineuses Cuites - Legumbres Martinez - Tradici\u00f3n familiar","isPartOf":{"@id":"https:\/\/legumbresmartinez.es\/#website"},"datePublished":"2018-05-24T08:13:52+00:00","dateModified":"2025-05-06T10:26:40+00:00","breadcrumb":{"@id":"https:\/\/legumbresmartinez.es\/legumbres\/cocidas\/#breadcrumb"},"inLanguage":"fr-FR","potentialAction":[{"@type":"ReadAction","target":["https:\/\/legumbresmartinez.es\/legumbres\/cocidas\/"]}]},{"@type":"BreadcrumbList","@id":"https:\/\/legumbresmartinez.es\/legumbres\/cocidas\/#breadcrumb","itemListElement":[{"@type":"ListItem","position":1,"name":"Portada","item":"https:\/\/legumbresmartinez.es\/"},{"@type":"ListItem","position":2,"name":"L\u00e9gumineuses","item":"https:\/\/legumbresmartinez.es\/fr\/legumineuses\/"},{"@type":"ListItem","position":3,"name":"L\u00e9gumineuses Cuites"}]},{"@type":"WebSite","@id":"https:\/\/legumbresmartinez.es\/#website","url":"https:\/\/legumbresmartinez.es\/","name":"Legumbres Martinez - Tradici\u00f3n familiar","description":"Selecci\u00f3n de las mejores legumbres de Castilla - La Mancha, Castilla y Le\u00f3n, Andaluc\u00eda y otras procedencias","publisher":{"@id":"https:\/\/legumbresmartinez.es\/#organization"},"potentialAction":[{"@type":"SearchAction","target":{"@type":"EntryPoint","urlTemplate":"https:\/\/legumbresmartinez.es\/?s={search_term_string}"},"query-input":{"@type":"PropertyValueSpecification","valueRequired":true,"valueName":"search_term_string"}}],"inLanguage":"fr-FR"},{"@type":"Organization","@id":"https:\/\/legumbresmartinez.es\/#organization","name":"Legumbres Mart\u00ednez","url":"https:\/\/legumbresmartinez.es\/","logo":{"@type":"ImageObject","inLanguage":"fr-FR","@id":"https:\/\/legumbresmartinez.es\/#\/schema\/logo\/image\/","url":"https:\/\/legumbresmartinez.es\/wp-content\/uploads\/2018\/02\/logotipo-legumbres-gines-martinez.png","contentUrl":"https:\/\/legumbresmartinez.es\/wp-content\/uploads\/2018\/02\/logotipo-legumbres-gines-martinez.png","width":214,"height":181,"caption":"Legumbres Mart\u00ednez"},"image":{"@id":"https:\/\/legumbresmartinez.es\/#\/schema\/logo\/image\/"}}]}},"_links":{"self":[{"href":"https:\/\/legumbresmartinez.es\/fr\/wp-json\/wp\/v2\/pages\/2318","targetHints":{"allow":["GET"]}}],"collection":[{"href":"https:\/\/legumbresmartinez.es\/fr\/wp-json\/wp\/v2\/pages"}],"about":[{"href":"https:\/\/legumbresmartinez.es\/fr\/wp-json\/wp\/v2\/types\/page"}],"author":[{"embeddable":true,"href":"https:\/\/legumbresmartinez.es\/fr\/wp-json\/wp\/v2\/users\/4"}],"replies":[{"embeddable":true,"href":"https:\/\/legumbresmartinez.es\/fr\/wp-json\/wp\/v2\/comments?post=2318"}],"version-history":[{"count":3,"href":"https:\/\/legumbresmartinez.es\/fr\/wp-json\/wp\/v2\/pages\/2318\/revisions"}],"predecessor-version":[{"id":3333,"href":"https:\/\/legumbresmartinez.es\/fr\/wp-json\/wp\/v2\/pages\/2318\/revisions\/3333"}],"up":[{"embeddable":true,"href":"https:\/\/legumbresmartinez.es\/fr\/wp-json\/wp\/v2\/pages\/2309"}],"wp:attachment":[{"href":"https:\/\/legumbresmartinez.es\/fr\/wp-json\/wp\/v2\/media?parent=2318"}],"curies":[{"name":"wp","href":"https:\/\/api.w.org\/{rel}","templated":true}]}}