{"id":2351,"date":"2018-11-13T12:57:41","date_gmt":"2018-11-13T12:57:41","guid":{"rendered":"https:\/\/legumbresmartinez.es\/politique-de-cookies\/"},"modified":"2025-04-30T10:20:33","modified_gmt":"2025-04-30T10:20:33","slug":"politique-de-cookies","status":"publish","type":"page","link":"https:\/\/legumbresmartinez.es\/fr\/politique-de-cookies\/","title":{"rendered":"Politique de cookies"},"content":{"rendered":"<p>[et_pb_section bb_built=\u00a0\u00bb1&Prime; fullwidth=\u00a0\u00bbon\u00a0\u00bb _builder_version=\u00a0\u00bb3.0.105&Prime; background_image=\u00a0\u00bbhttps:\/\/legumbresmartinez.es\/wp-content\/uploads\/2018\/11\/legal.jpg\u00a0\u00bb background_position=\u00a0\u00bbtop_left\u00a0\u00bb next_background_color=\u00a0\u00bb#000000&Prime;][et_pb_fullwidth_header title=\u00a0\u00bbPolitique de cookies\u00a0\u00bb background_layout=\u00a0\u00bbdark\u00a0\u00bb text_orientation=\u00a0\u00bbcenter\u00a0\u00bb scroll_down_icon_color=\u00a0\u00bb#ffffff\u00a0\u00bb scroll_down_icon_size=\u00a0\u00bb31px\u00a0\u00bb background_overlay_color=\u00a0\u00bbrgba(33,26,108,0.18)\u00a0\u00bb _builder_version=\u00a0\u00bb3.0.105&Prime; title_font=\u00a0\u00bbSatisfy||||||||\u00a0\u00bb title_font_size=\u00a0\u00bb80px\u00a0\u00bb title_font_size_tablet=\u00a0\u00bb60px\u00a0\u00bb title_font_size_phone=\u00a0\u00bb32px\u00a0\u00bb title_font_size_last_edited=\u00a0\u00bbon|phone\u00a0\u00bb title_line_height=\u00a0\u00bb1.5em\u00a0\u00bb subhead_font=\u00a0\u00bbSatisfy||||||||\u00a0\u00bb subhead_font_size=\u00a0\u00bb48&Prime; subhead_line_height=\u00a0\u00bb1.2em\u00a0\u00bb header_fullscreen=\u00a0\u00bboff\u00a0\u00bb header_scroll_down=\u00a0\u00bboff\u00a0\u00bb image_orientation=\u00a0\u00bbcenter\u00a0\u00bb content_orientation=\u00a0\u00bbcenter\u00a0\u00bb custom_button_two=\u00a0\u00bboff\u00a0\u00bb button_two_icon_placement=\u00a0\u00bbright\u00a0\u00bb custom_button_one=\u00a0\u00bboff\u00a0\u00bb button_one_icon_placement=\u00a0\u00bbright\u00a0\u00bb background_position=\u00a0\u00bbtop_left\u00a0\u00bb background_repeat=\u00a0\u00bbrepeat\u00a0\u00bb background_size=\u00a0\u00bbinitial\u00a0\u00bb subhead=\u00a0\u00bbInformations en conformit\u00e9 avec la r\u00e9glementation sur la protection des donn\u00e9es personnelles\u00a0\u00bb \/][\/et_pb_section][et_pb_section bb_built=\u00a0\u00bb1&Prime; _builder_version=\u00a0\u00bb3.0.105&Prime; custom_padding=\u00a0\u00bb15px|0px|0px|0px\u00a0\u00bb prev_background_color=\u00a0\u00bb#000000&Prime; custom_margin=\u00a0\u00bb||50px|\u00a0\u00bb][et_pb_row _builder_version=\u00a0\u00bb3.0.47&Prime; background_size=\u00a0\u00bbinitial\u00a0\u00bb background_position=\u00a0\u00bbtop_left\u00a0\u00bb background_repeat=\u00a0\u00bbrepeat\u00a0\u00bb][et_pb_column type=\u00a0\u00bb4_4&Prime;][et_pb_text _builder_version=\u00a0\u00bb3.0.105&Prime; background_layout=\u00a0\u00bblight\u00a0\u00bb text_orientation=\u00a0\u00bbjustified\u00a0\u00bb custom_css_main_element=\u00a0\u00bbmax-width:800px;||margin:0 auto;||color:#666;\u00a0\u00bb]<\/p>\n<h2>Que sont les cookies et \u00e0 quoi servent-ils ?<\/h2>\n<p>Un cookie est un petit fichier d&rsquo;information qui est enregistr\u00e9 dans votre navigateur chaque fois que vous visitez notre site web.<\/p>\n<p>Les cookies servent \u00e0 conserver l&rsquo;historique de votre activit\u00e9 sur notre site afin que, lors de votre prochaine visite, celui-ci puisse vous identifier et adapter son contenu en fonction de vos habitudes de navigation, votre identit\u00e9 et vos pr\u00e9f\u00e9rences.<\/p>\n<p>Un cookie est inoffensif : il ne contient pas de code malveillant (par exemple, virus, chevaux de Troie, vers, etc.) pouvant endommager votre appareil (ordinateur, smartphone, tablette, etc.), mais il peut avoir un impact sur votre droit \u00e0 la protection des donn\u00e9es, car il recueille certaines informations vous concernant (habitudes de navigation, identit\u00e9, pr\u00e9f\u00e9rences, etc.).<\/p>\n<p>&nbsp;<\/p>\n<h2>Quelles informations un cookie enregistre-t-il ?<\/h2>\n<p>Les cookies ne recueillent g\u00e9n\u00e9ralement pas de cat\u00e9gories sp\u00e9ciales de donn\u00e9es personnelles (donn\u00e9es sensibles). Les donn\u00e9es enregistr\u00e9es sont de nature technique, pr\u00e9f\u00e9rences personnelles, personnalisation de contenu, etc. <\/p>\n<p><strong> <\/strong><\/p>\n<h2>Quels types de cookies existent ?<\/h2>\n<p>En g\u00e9n\u00e9ral, on distingue cinq types de cookies :<\/p>\n<ul>\n<li><strong>Cookies techniques <\/strong>: Ce sont les cookies les plus essentiels. Ils permettent \u00e0 l\u2019utilisateur de naviguer sur un site web, une plateforme ou une application et d\u2019utiliser les diff\u00e9rentes options ou services qui y existent, comme par exemple contr\u00f4ler le trafic et la communication de donn\u00e9es, identifier la session, acc\u00e9der \u00e0 des zones restreintes, m\u00e9moriser les \u00e9l\u00e9ments d\u2019un panier, finaliser un achat, s\u2019inscrire ou participer \u00e0 un \u00e9v\u00e9nement, utiliser des \u00e9l\u00e9ments de s\u00e9curit\u00e9 pendant la navigation, stocker du contenu pour la diffusion de vid\u00e9os ou de sons, ou partager du contenu via les r\u00e9seaux sociaux. <\/li>\n<li><strong>Cookies de personnalisation : <\/strong>Ces cookies permettent \u00e0 l\u2019utilisateur d\u2019acc\u00e9der au service avec certaines caract\u00e9ristiques g\u00e9n\u00e9rales pr\u00e9d\u00e9finies, selon une s\u00e9rie de crit\u00e8res sur le terminal de l\u2019utilisateur, comme la langue, le type de navigateur utilis\u00e9 pour acc\u00e9der au service, la configuration r\u00e9gionale \u00e0 partir de laquelle on acc\u00e8de au service, etc.<\/li>\n<li><strong>Cookies d\u2019analyse<\/strong> : Ce sont des cookies qui permettent \u00e0 leur responsable de suivre et d\u2019analyser le comportement des utilisateurs des sites web auxquels ils sont li\u00e9s.<br \/>Les informations recueillies par ce type de cookies sont utilis\u00e9es pour mesurer l\u2019activit\u00e9 des sites web, applications ou plateformes, et pour \u00e9tablir des profils de navigation des utilisateurs de ces sites, applications et plateformes, dans le but d\u2019introduire des am\u00e9liorations en fonction de l\u2019analyse des donn\u00e9es d\u2019utilisation du service. <\/li>\n<li><strong>Cookies publicitaires <\/strong>: Ce sont des cookies qui permettent de g\u00e9rer, de la mani\u00e8re la plus efficace possible, les espaces publicitaires que le responsable peut avoir inclus sur un site web, une application ou une plateforme \u00e0 partir de laquelle il fournit le service demand\u00e9, en fonction de crit\u00e8res tels que le contenu \u00e9dit\u00e9 ou la fr\u00e9quence d&rsquo;affichage des annonces.<\/li>\n<li><strong>Cookies de publicit\u00e9 comportementale <\/strong>: Ces cookies permettent de g\u00e9rer au mieux les espaces publicitaires \u00e9ventuellement inclus par le responsable sur un site web, une application ou une plateforme. Ces cookies stockent des informations sur le comportement des utilisateurs, obtenues par l\u2019observation continue de leurs habitudes de navigation, ce qui permet de cr\u00e9er un profil sp\u00e9cifique afin d\u2019afficher des publicit\u00e9s adapt\u00e9es \u00e0 ce profil. <\/li>\n<\/ul>\n<p><strong> <\/strong><\/p>\n<h2>Que sont les cookies internes et les cookies tiers ?<\/h2>\n<ul>\n<li><strong>Cookies internes :<\/strong> Ce sont ceux g\u00e9n\u00e9r\u00e9s et g\u00e9r\u00e9s par le responsable lui-m\u00eame, qui fournit le service demand\u00e9 par l\u2019utilisateur.<\/li>\n<li><strong>Cookies tiers<\/strong> : Ce sont ceux g\u00e9n\u00e9r\u00e9s par d\u2019autres entit\u00e9s que le responsable du site (services ou prestataires externes, comme Google).<\/li>\n<\/ul>\n<p><strong> <\/strong><\/p>\n<h2>Quels types de cookies notre site web utilise-t-il ?<\/h2>\n<p>Vous trouverez ci-dessous les types de cookies que notre site utilise et leur finalit\u00e9 :<\/p>\n<table>\n<tbody>\n<tr>\n<td width=\"180\"><strong>Type de cookie<\/strong><\/td>\n<td width=\"181\"><strong>Objectif<\/strong><\/td>\n<td width=\"180\"><strong>Quand et comment il est stock\u00e9<\/strong><\/td>\n<\/tr>\n<tr>\n<td width=\"180\"><strong> <\/strong><\/td>\n<td width=\"181\"><strong> <\/strong><\/td>\n<td width=\"180\"><strong> <\/strong><\/td>\n<\/tr>\n<tr>\n<td width=\"180\"><strong> <\/strong><\/td>\n<td width=\"181\"><strong> <\/strong><\/td>\n<td width=\"180\"><strong> <\/strong><\/td>\n<\/tr>\n<tr>\n<td width=\"180\"><strong> <\/strong><\/td>\n<td width=\"181\"><strong> <\/strong><\/td>\n<td width=\"180\"><strong> <\/strong><\/td>\n<\/tr>\n<tr>\n<td width=\"180\"><strong> <\/strong><\/td>\n<td width=\"181\"><strong> <\/strong><\/td>\n<td width=\"180\"><strong> <\/strong><\/td>\n<\/tr>\n<\/tbody>\n<\/table>\n<p><strong> <\/strong><\/p>\n<h2>Que puis-je faire avec les cookies ?<\/h2>\n<p>Vous pouvez supprimer, accepter ou bloquer les cookies, comme vous le souhaitez, en configurant correctement votre navigateur web.<\/p>\n<p>\u00c0 tout moment, vous pouvez emp\u00eacher l\u2019installation de cookies (blocage) sur votre appareil \u00e0 l\u2019aide de l\u2019option appropri\u00e9e de votre navigateur, mais dans ce cas, nous ne pouvons pas garantir le bon fonctionnement de certaines fonctionnalit\u00e9s de notre site.<\/p>\n<p>Voici des liens pour g\u00e9rer et bloquer les cookies selon le navigateur que vous utilisez :<\/p>\n<ul>\n<li><strong>Internet Explorer:<\/strong> <a href=\"http:\/\/windows.microsoft.com\/es-xl\/internet-explorer\/delete-manage-cookies#ie=ie-10\">http:\/\/windows.microsoft.com\/es-xl\/internet-explorer\/delete-manage-cookies#ie=ie-10<\/a><\/li>\n<li><strong>FireFox:<\/strong><a href=\"http:\/\/support.mozilla.org\/es\/kb\/habilitar-y-deshabilitar-cookies-que-los-sitios-we\">http:\/\/support.mozilla.org\/es\/kb\/habilitar-y-deshabilitar-cookies-que-los-sitios-we<\/a><\/li>\n<li><strong>Chrome:<\/strong><a href=\"https:\/\/support.google.com\/chrome\/answer\/95647?hl=es\">https:\/\/support.google.com\/chrome\/answer\/95647?hl=es<\/a><\/li>\n<li><strong>Safari:<\/strong>https:\/\/www.apple.com\/legal\/privacy\/es\/cookies\/<\/li>\n<\/ul>\n<p>Vous pouvez \u00e9galement supprimer les cookies enregistr\u00e9s dans votre navigateur via les param\u00e8tres de celui-ci.<\/p>\n<p>[\/et_pb_text][\/et_pb_column][\/et_pb_row][\/et_pb_section]<\/p>\n","protected":false},"excerpt":{"rendered":"<p>[et_pb_section bb_built=\u00a0\u00bb1&Prime; fullwidth=\u00a0\u00bbon\u00a0\u00bb _builder_version=\u00a0\u00bb3.0.105&Prime; background_image=\u00a0\u00bbhttps:\/\/legumbresmartinez.es\/wp-content\/uploads\/2018\/11\/legal.jpg\u00a0\u00bb background_position=\u00a0\u00bbtop_left\u00a0\u00bb next_background_color=\u00a0\u00bb#000000&Prime;][et_pb_fullwidth_header title=\u00a0\u00bbPolitique de cookies\u00a0\u00bb background_layout=\u00a0\u00bbdark\u00a0\u00bb text_orientation=\u00a0\u00bbcenter\u00a0\u00bb scroll_down_icon_color=\u00a0\u00bb#ffffff\u00a0\u00bb scroll_down_icon_size=\u00a0\u00bb31px\u00a0\u00bb background_overlay_color=\u00a0\u00bbrgba(33,26,108,0.18)\u00a0\u00bb _builder_version=\u00a0\u00bb3.0.105&Prime; title_font=\u00a0\u00bbSatisfy||||||||\u00a0\u00bb title_font_size=\u00a0\u00bb80px\u00a0\u00bb title_font_size_tablet=\u00a0\u00bb60px\u00a0\u00bb title_font_size_phone=\u00a0\u00bb32px\u00a0\u00bb title_font_size_last_edited=\u00a0\u00bbon|phone\u00a0\u00bb title_line_height=\u00a0\u00bb1.5em\u00a0\u00bb subhead_font=\u00a0\u00bbSatisfy||||||||\u00a0\u00bb subhead_font_size=\u00a0\u00bb48&Prime; subhead_line_height=\u00a0\u00bb1.2em\u00a0\u00bb header_fullscreen=\u00a0\u00bboff\u00a0\u00bb header_scroll_down=\u00a0\u00bboff\u00a0\u00bb image_orientation=\u00a0\u00bbcenter\u00a0\u00bb content_orientation=\u00a0\u00bbcenter\u00a0\u00bb custom_button_two=\u00a0\u00bboff\u00a0\u00bb button_two_icon_placement=\u00a0\u00bbright\u00a0\u00bb custom_button_one=\u00a0\u00bboff\u00a0\u00bb button_one_icon_placement=\u00a0\u00bbright\u00a0\u00bb background_position=\u00a0\u00bbtop_left\u00a0\u00bb background_repeat=\u00a0\u00bbrepeat\u00a0\u00bb background_size=\u00a0\u00bbinitial\u00a0\u00bb subhead=\u00a0\u00bbInformations en conformit\u00e9 avec la r\u00e9glementation sur la protection des donn\u00e9es personnelles\u00a0\u00bb \/][\/et_pb_section][et_pb_section bb_built=\u00a0\u00bb1&Prime; _builder_version=\u00a0\u00bb3.0.105&Prime; custom_padding=\u00a0\u00bb15px|0px|0px|0px\u00a0\u00bb prev_background_color=\u00a0\u00bb#000000&Prime; custom_margin=\u00a0\u00bb||50px|\u00a0\u00bb][et_pb_row _builder_version=\u00a0\u00bb3.0.47&Prime; [&hellip;]<\/p>\n","protected":false},"author":4,"featured_media":0,"parent":0,"menu_order":0,"comment_status":"closed","ping_status":"closed","template":"","meta":{"footnotes":""},"class_list":["post-2351","page","type-page","status-publish","hentry"],"yoast_head":"<!-- This site is optimized with the Yoast SEO plugin v27.4 - https:\/\/yoast.com\/product\/yoast-seo-wordpress\/ -->\n<title>Politique de cookies - Legumbres Martinez - Tradici\u00f3n familiar<\/title>\n<meta name=\"robots\" content=\"index, follow, max-snippet:-1, max-image-preview:large, max-video-preview:-1\" \/>\n<link rel=\"canonical\" href=\"https:\/\/legumbresmartinez.es\/fr\/politique-de-cookies\/\" \/>\n<meta property=\"og:locale\" content=\"fr_FR\" \/>\n<meta property=\"og:type\" content=\"article\" \/>\n<meta property=\"og:title\" content=\"Politique de cookies - Legumbres Martinez - Tradici\u00f3n familiar\" \/>\n<meta property=\"og:description\" content=\"[et_pb_section bb_built=\u00a0\u00bb1&Prime; fullwidth=\u00a0\u00bbon\u00a0\u00bb _builder_version=\u00a0\u00bb3.0.105&Prime; background_image=\u00a0\u00bbhttps:\/\/legumbresmartinez.es\/wp-content\/uploads\/2018\/11\/legal.jpg\u00a0\u00bb background_position=\u00a0\u00bbtop_left\u00a0\u00bb next_background_color=\u00a0\u00bb#000000&Prime;][et_pb_fullwidth_header title=\u00a0\u00bbPolitique de cookies\u00a0\u00bb background_layout=\u00a0\u00bbdark\u00a0\u00bb text_orientation=\u00a0\u00bbcenter\u00a0\u00bb scroll_down_icon_color=\u00a0\u00bb#ffffff\u00a0\u00bb scroll_down_icon_size=\u00a0\u00bb31px\u00a0\u00bb background_overlay_color=\u00a0\u00bbrgba(33,26,108,0.18)\u00a0\u00bb _builder_version=\u00a0\u00bb3.0.105&Prime; title_font=\u00a0\u00bbSatisfy||||||||\u00a0\u00bb title_font_size=\u00a0\u00bb80px\u00a0\u00bb title_font_size_tablet=\u00a0\u00bb60px\u00a0\u00bb title_font_size_phone=\u00a0\u00bb32px\u00a0\u00bb title_font_size_last_edited=\u00a0\u00bbon|phone\u00a0\u00bb title_line_height=\u00a0\u00bb1.5em\u00a0\u00bb subhead_font=\u00a0\u00bbSatisfy||||||||\u00a0\u00bb subhead_font_size=\u00a0\u00bb48&Prime; subhead_line_height=\u00a0\u00bb1.2em\u00a0\u00bb header_fullscreen=\u00a0\u00bboff\u00a0\u00bb header_scroll_down=\u00a0\u00bboff\u00a0\u00bb image_orientation=\u00a0\u00bbcenter\u00a0\u00bb content_orientation=\u00a0\u00bbcenter\u00a0\u00bb custom_button_two=\u00a0\u00bboff\u00a0\u00bb button_two_icon_placement=\u00a0\u00bbright\u00a0\u00bb custom_button_one=\u00a0\u00bboff\u00a0\u00bb button_one_icon_placement=\u00a0\u00bbright\u00a0\u00bb background_position=\u00a0\u00bbtop_left\u00a0\u00bb background_repeat=\u00a0\u00bbrepeat\u00a0\u00bb background_size=\u00a0\u00bbinitial\u00a0\u00bb subhead=\u00a0\u00bbInformations en conformit\u00e9 avec la r\u00e9glementation sur la protection des donn\u00e9es personnelles\u00a0\u00bb \/][\/et_pb_section][et_pb_section bb_built=\u00a0\u00bb1&Prime; _builder_version=\u00a0\u00bb3.0.105&Prime; custom_padding=\u00a0\u00bb15px|0px|0px|0px\u00a0\u00bb prev_background_color=\u00a0\u00bb#000000&Prime; custom_margin=\u00a0\u00bb||50px|\u00a0\u00bb][et_pb_row _builder_version=\u00a0\u00bb3.0.47&Prime; [&hellip;]\" \/>\n<meta property=\"og:url\" content=\"https:\/\/legumbresmartinez.es\/fr\/politique-de-cookies\/\" \/>\n<meta property=\"og:site_name\" content=\"Legumbres Martinez - Tradici\u00f3n familiar\" \/>\n<meta property=\"article:modified_time\" content=\"2025-04-30T10:20:33+00:00\" \/>\n<meta name=\"twitter:card\" content=\"summary_large_image\" \/>\n<meta name=\"twitter:label1\" content=\"Dur\u00e9e de lecture estim\u00e9e\" \/>\n\t<meta name=\"twitter:data1\" content=\"5 minutes\" \/>\n<!-- \/ Yoast SEO plugin. -->","yoast_head_json":{"title":"Politique de cookies - Legumbres Martinez - Tradici\u00f3n familiar","robots":{"index":"index","follow":"follow","max-snippet":"max-snippet:-1","max-image-preview":"max-image-preview:large","max-video-preview":"max-video-preview:-1"},"canonical":"https:\/\/legumbresmartinez.es\/fr\/politique-de-cookies\/","og_locale":"fr_FR","og_type":"article","og_title":"Politique de cookies - Legumbres Martinez - Tradici\u00f3n familiar","og_description":"[et_pb_section bb_built=\u00a0\u00bb1&Prime; fullwidth=\u00a0\u00bbon\u00a0\u00bb _builder_version=\u00a0\u00bb3.0.105&Prime; background_image=\u00a0\u00bbhttps:\/\/legumbresmartinez.es\/wp-content\/uploads\/2018\/11\/legal.jpg\u00a0\u00bb background_position=\u00a0\u00bbtop_left\u00a0\u00bb next_background_color=\u00a0\u00bb#000000&Prime;][et_pb_fullwidth_header title=\u00a0\u00bbPolitique de cookies\u00a0\u00bb background_layout=\u00a0\u00bbdark\u00a0\u00bb text_orientation=\u00a0\u00bbcenter\u00a0\u00bb scroll_down_icon_color=\u00a0\u00bb#ffffff\u00a0\u00bb scroll_down_icon_size=\u00a0\u00bb31px\u00a0\u00bb background_overlay_color=\u00a0\u00bbrgba(33,26,108,0.18)\u00a0\u00bb _builder_version=\u00a0\u00bb3.0.105&Prime; title_font=\u00a0\u00bbSatisfy||||||||\u00a0\u00bb title_font_size=\u00a0\u00bb80px\u00a0\u00bb title_font_size_tablet=\u00a0\u00bb60px\u00a0\u00bb title_font_size_phone=\u00a0\u00bb32px\u00a0\u00bb title_font_size_last_edited=\u00a0\u00bbon|phone\u00a0\u00bb title_line_height=\u00a0\u00bb1.5em\u00a0\u00bb subhead_font=\u00a0\u00bbSatisfy||||||||\u00a0\u00bb subhead_font_size=\u00a0\u00bb48&Prime; subhead_line_height=\u00a0\u00bb1.2em\u00a0\u00bb header_fullscreen=\u00a0\u00bboff\u00a0\u00bb header_scroll_down=\u00a0\u00bboff\u00a0\u00bb image_orientation=\u00a0\u00bbcenter\u00a0\u00bb content_orientation=\u00a0\u00bbcenter\u00a0\u00bb custom_button_two=\u00a0\u00bboff\u00a0\u00bb button_two_icon_placement=\u00a0\u00bbright\u00a0\u00bb custom_button_one=\u00a0\u00bboff\u00a0\u00bb button_one_icon_placement=\u00a0\u00bbright\u00a0\u00bb background_position=\u00a0\u00bbtop_left\u00a0\u00bb background_repeat=\u00a0\u00bbrepeat\u00a0\u00bb background_size=\u00a0\u00bbinitial\u00a0\u00bb subhead=\u00a0\u00bbInformations en conformit\u00e9 avec la r\u00e9glementation sur la protection des donn\u00e9es personnelles\u00a0\u00bb \/][\/et_pb_section][et_pb_section bb_built=\u00a0\u00bb1&Prime; _builder_version=\u00a0\u00bb3.0.105&Prime; custom_padding=\u00a0\u00bb15px|0px|0px|0px\u00a0\u00bb prev_background_color=\u00a0\u00bb#000000&Prime; custom_margin=\u00a0\u00bb||50px|\u00a0\u00bb][et_pb_row _builder_version=\u00a0\u00bb3.0.47&Prime; [&hellip;]","og_url":"https:\/\/legumbresmartinez.es\/fr\/politique-de-cookies\/","og_site_name":"Legumbres Martinez - Tradici\u00f3n familiar","article_modified_time":"2025-04-30T10:20:33+00:00","twitter_card":"summary_large_image","twitter_misc":{"Dur\u00e9e de lecture estim\u00e9e":"5 minutes"},"schema":{"@context":"https:\/\/schema.org","@graph":[{"@type":"WebPage","@id":"https:\/\/legumbresmartinez.es\/fr\/politique-de-cookies\/","url":"https:\/\/legumbresmartinez.es\/fr\/politique-de-cookies\/","name":"Politique de cookies - Legumbres Martinez - Tradici\u00f3n familiar","isPartOf":{"@id":"https:\/\/legumbresmartinez.es\/#website"},"datePublished":"2018-11-13T12:57:41+00:00","dateModified":"2025-04-30T10:20:33+00:00","breadcrumb":{"@id":"https:\/\/legumbresmartinez.es\/fr\/politique-de-cookies\/#breadcrumb"},"inLanguage":"fr-FR","potentialAction":[{"@type":"ReadAction","target":["https:\/\/legumbresmartinez.es\/fr\/politique-de-cookies\/"]}]},{"@type":"BreadcrumbList","@id":"https:\/\/legumbresmartinez.es\/fr\/politique-de-cookies\/#breadcrumb","itemListElement":[{"@type":"ListItem","position":1,"name":"Portada","item":"https:\/\/legumbresmartinez.es\/"},{"@type":"ListItem","position":2,"name":"Politique de cookies"}]},{"@type":"WebSite","@id":"https:\/\/legumbresmartinez.es\/#website","url":"https:\/\/legumbresmartinez.es\/","name":"Legumbres Martinez - Tradici\u00f3n familiar","description":"Selecci\u00f3n de las mejores legumbres de Castilla - La Mancha, Castilla y Le\u00f3n, Andaluc\u00eda y otras procedencias","publisher":{"@id":"https:\/\/legumbresmartinez.es\/#organization"},"potentialAction":[{"@type":"SearchAction","target":{"@type":"EntryPoint","urlTemplate":"https:\/\/legumbresmartinez.es\/?s={search_term_string}"},"query-input":{"@type":"PropertyValueSpecification","valueRequired":true,"valueName":"search_term_string"}}],"inLanguage":"fr-FR"},{"@type":"Organization","@id":"https:\/\/legumbresmartinez.es\/#organization","name":"Legumbres Mart\u00ednez","url":"https:\/\/legumbresmartinez.es\/","logo":{"@type":"ImageObject","inLanguage":"fr-FR","@id":"https:\/\/legumbresmartinez.es\/#\/schema\/logo\/image\/","url":"https:\/\/legumbresmartinez.es\/wp-content\/uploads\/2018\/02\/logotipo-legumbres-gines-martinez.png","contentUrl":"https:\/\/legumbresmartinez.es\/wp-content\/uploads\/2018\/02\/logotipo-legumbres-gines-martinez.png","width":214,"height":181,"caption":"Legumbres Mart\u00ednez"},"image":{"@id":"https:\/\/legumbresmartinez.es\/#\/schema\/logo\/image\/"}}]}},"_links":{"self":[{"href":"https:\/\/legumbresmartinez.es\/fr\/wp-json\/wp\/v2\/pages\/2351","targetHints":{"allow":["GET"]}}],"collection":[{"href":"https:\/\/legumbresmartinez.es\/fr\/wp-json\/wp\/v2\/pages"}],"about":[{"href":"https:\/\/legumbresmartinez.es\/fr\/wp-json\/wp\/v2\/types\/page"}],"author":[{"embeddable":true,"href":"https:\/\/legumbresmartinez.es\/fr\/wp-json\/wp\/v2\/users\/4"}],"replies":[{"embeddable":true,"href":"https:\/\/legumbresmartinez.es\/fr\/wp-json\/wp\/v2\/comments?post=2351"}],"version-history":[{"count":2,"href":"https:\/\/legumbresmartinez.es\/fr\/wp-json\/wp\/v2\/pages\/2351\/revisions"}],"predecessor-version":[{"id":2353,"href":"https:\/\/legumbresmartinez.es\/fr\/wp-json\/wp\/v2\/pages\/2351\/revisions\/2353"}],"wp:attachment":[{"href":"https:\/\/legumbresmartinez.es\/fr\/wp-json\/wp\/v2\/media?parent=2351"}],"curies":[{"name":"wp","href":"https:\/\/api.w.org\/{rel}","templated":true}]}}