{"id":2377,"date":"2018-04-09T08:39:46","date_gmt":"2018-04-09T08:39:46","guid":{"rendered":"https:\/\/legumbresmartinez.es\/producto\/feves-sechees-epluchees-et-concassees\/"},"modified":"2018-04-09T08:39:46","modified_gmt":"2018-04-09T08:39:46","slug":"feves-sechees-epluchees-et-concassees","status":"publish","type":"product","link":"https:\/\/legumbresmartinez.es\/fr\/producto\/feves-sechees-epluchees-et-concassees\/","title":{"rendered":"F\u00e8ves S\u00e9ch\u00e9es \u00c9pluch\u00e9es et Concass\u00e9es"},"content":{"rendered":"","protected":false},"excerpt":{"rendered":"<h4>Cat\u00e9gorie : Extra<\/h4>\n<p>Les f\u00e8ves s\u00e9ch\u00e9es \u00e9pluch\u00e9es et concass\u00e9es sont des f\u00e8ves s\u00e8ches dont la peau a \u00e9t\u00e9 retir\u00e9e, puis coup\u00e9es en deux. Elles sont principalement utilis\u00e9es pour la pr\u00e9paration de soupes et de pur\u00e9es de l\u00e9gumineuses. L\u2019absence de peau facilite la digestion tout en conservant tous les nutriments et bienfaits des f\u00e8ves. Elles sont surtout consomm\u00e9es dans les pays d\u2019Afrique du Nord.   <\/p>\n","protected":false},"featured_media":2022,"comment_status":"open","ping_status":"closed","template":"","meta":[],"product_brand":[],"product_cat":[83,82],"product_tag":[],"class_list":{"0":"post-2377","1":"product","2":"type-product","3":"status-publish","4":"has-post-thumbnail","6":"product_cat-autres-legumineuses","7":"product_cat-legumineuses","9":"first","10":"instock","11":"shipping-taxable","12":"purchasable","13":"product-type-variable"},"yoast_head":"<!-- This site is optimized with the Yoast SEO plugin v27.4 - https:\/\/yoast.com\/product\/yoast-seo-wordpress\/ -->\n<title>F\u00e8ves S\u00e9ch\u00e9es \u00c9pluch\u00e9es et Concass\u00e9es - Legumbres Martinez - Tradici\u00f3n familiar<\/title>\n<meta name=\"robots\" content=\"index, follow, max-snippet:-1, max-image-preview:large, max-video-preview:-1\" \/>\n<link rel=\"canonical\" href=\"https:\/\/legumbresmartinez.es\/fr\/producto\/feves-sechees-epluchees-et-concassees\/\" \/>\n<meta property=\"og:locale\" content=\"fr_FR\" \/>\n<meta property=\"og:type\" content=\"article\" \/>\n<meta property=\"og:title\" content=\"F\u00e8ves S\u00e9ch\u00e9es \u00c9pluch\u00e9es et Concass\u00e9es - Legumbres Martinez - Tradici\u00f3n familiar\" \/>\n<meta property=\"og:description\" content=\"Cat\u00e9gorie : Extra Les f\u00e8ves s\u00e9ch\u00e9es \u00e9pluch\u00e9es et concass\u00e9es sont des f\u00e8ves s\u00e8ches dont la peau a \u00e9t\u00e9 retir\u00e9e, puis coup\u00e9es en deux. Elles sont principalement utilis\u00e9es pour la pr\u00e9paration de soupes et de pur\u00e9es de l\u00e9gumineuses. L\u2019absence de peau facilite la digestion tout en conservant tous les nutriments et bienfaits des f\u00e8ves. Elles sont surtout consomm\u00e9es dans les pays d\u2019Afrique du Nord.\" \/>\n<meta property=\"og:url\" content=\"https:\/\/legumbresmartinez.es\/fr\/producto\/feves-sechees-epluchees-et-concassees\/\" \/>\n<meta property=\"og:site_name\" content=\"Legumbres Martinez - Tradici\u00f3n familiar\" \/>\n<meta property=\"og:image\" content=\"https:\/\/legumbresmartinez.es\/wp-content\/uploads\/2018\/05\/otras_haba_partida_pelada_1kg.jpg\" \/>\n\t<meta property=\"og:image:width\" content=\"1000\" \/>\n\t<meta property=\"og:image:height\" content=\"1000\" \/>\n\t<meta property=\"og:image:type\" content=\"image\/jpeg\" \/>\n<meta name=\"twitter:card\" content=\"summary_large_image\" \/>\n<!-- \/ Yoast SEO plugin. -->","yoast_head_json":{"title":"F\u00e8ves S\u00e9ch\u00e9es \u00c9pluch\u00e9es et Concass\u00e9es - Legumbres Martinez - Tradici\u00f3n familiar","robots":{"index":"index","follow":"follow","max-snippet":"max-snippet:-1","max-image-preview":"max-image-preview:large","max-video-preview":"max-video-preview:-1"},"canonical":"https:\/\/legumbresmartinez.es\/fr\/producto\/feves-sechees-epluchees-et-concassees\/","og_locale":"fr_FR","og_type":"article","og_title":"F\u00e8ves S\u00e9ch\u00e9es \u00c9pluch\u00e9es et Concass\u00e9es - Legumbres Martinez - Tradici\u00f3n familiar","og_description":"Cat\u00e9gorie : Extra Les f\u00e8ves s\u00e9ch\u00e9es \u00e9pluch\u00e9es et concass\u00e9es sont des f\u00e8ves s\u00e8ches dont la peau a \u00e9t\u00e9 retir\u00e9e, puis coup\u00e9es en deux. Elles sont principalement utilis\u00e9es pour la pr\u00e9paration de soupes et de pur\u00e9es de l\u00e9gumineuses. L\u2019absence de peau facilite la digestion tout en conservant tous les nutriments et bienfaits des f\u00e8ves. Elles sont surtout consomm\u00e9es dans les pays d\u2019Afrique du Nord.","og_url":"https:\/\/legumbresmartinez.es\/fr\/producto\/feves-sechees-epluchees-et-concassees\/","og_site_name":"Legumbres Martinez - Tradici\u00f3n familiar","og_image":[{"width":1000,"height":1000,"url":"https:\/\/legumbresmartinez.es\/wp-content\/uploads\/2018\/05\/otras_haba_partida_pelada_1kg.jpg","type":"image\/jpeg"}],"twitter_card":"summary_large_image","schema":{"@context":"https:\/\/schema.org","@graph":[{"@type":"WebPage","@id":"https:\/\/legumbresmartinez.es\/fr\/producto\/feves-sechees-epluchees-et-concassees\/","url":"https:\/\/legumbresmartinez.es\/fr\/producto\/feves-sechees-epluchees-et-concassees\/","name":"F\u00e8ves S\u00e9ch\u00e9es \u00c9pluch\u00e9es et Concass\u00e9es - Legumbres Martinez - Tradici\u00f3n familiar","isPartOf":{"@id":"https:\/\/legumbresmartinez.es\/#website"},"primaryImageOfPage":{"@id":"https:\/\/legumbresmartinez.es\/fr\/producto\/feves-sechees-epluchees-et-concassees\/#primaryimage"},"image":{"@id":"https:\/\/legumbresmartinez.es\/fr\/producto\/feves-sechees-epluchees-et-concassees\/#primaryimage"},"thumbnailUrl":"https:\/\/legumbresmartinez.es\/wp-content\/uploads\/2018\/05\/otras_haba_partida_pelada_1kg.jpg","datePublished":"2018-04-09T08:39:46+00:00","breadcrumb":{"@id":"https:\/\/legumbresmartinez.es\/fr\/producto\/feves-sechees-epluchees-et-concassees\/#breadcrumb"},"inLanguage":"fr-FR","potentialAction":[{"@type":"ReadAction","target":["https:\/\/legumbresmartinez.es\/fr\/producto\/feves-sechees-epluchees-et-concassees\/"]}]},{"@type":"ImageObject","inLanguage":"fr-FR","@id":"https:\/\/legumbresmartinez.es\/fr\/producto\/feves-sechees-epluchees-et-concassees\/#primaryimage","url":"https:\/\/legumbresmartinez.es\/wp-content\/uploads\/2018\/05\/otras_haba_partida_pelada_1kg.jpg","contentUrl":"https:\/\/legumbresmartinez.es\/wp-content\/uploads\/2018\/05\/otras_haba_partida_pelada_1kg.jpg","width":1000,"height":1000,"caption":"F\u00e8ves cass\u00e9es d\u00e9cortiqu\u00e9es 1kg"},{"@type":"BreadcrumbList","@id":"https:\/\/legumbresmartinez.es\/fr\/producto\/feves-sechees-epluchees-et-concassees\/#breadcrumb","itemListElement":[{"@type":"ListItem","position":1,"name":"Portada","item":"https:\/\/legumbresmartinez.es\/"},{"@type":"ListItem","position":2,"name":"Boutique","item":"https:\/\/legumbresmartinez.es\/fr\/boutique\/"},{"@type":"ListItem","position":3,"name":"F\u00e8ves S\u00e9ch\u00e9es \u00c9pluch\u00e9es et Concass\u00e9es"}]},{"@type":"WebSite","@id":"https:\/\/legumbresmartinez.es\/#website","url":"https:\/\/legumbresmartinez.es\/","name":"Legumbres Martinez - Tradici\u00f3n familiar","description":"Selecci\u00f3n de las mejores legumbres de Castilla - La Mancha, Castilla y Le\u00f3n, Andaluc\u00eda y otras procedencias","publisher":{"@id":"https:\/\/legumbresmartinez.es\/#organization"},"potentialAction":[{"@type":"SearchAction","target":{"@type":"EntryPoint","urlTemplate":"https:\/\/legumbresmartinez.es\/?s={search_term_string}"},"query-input":{"@type":"PropertyValueSpecification","valueRequired":true,"valueName":"search_term_string"}}],"inLanguage":"fr-FR"},{"@type":"Organization","@id":"https:\/\/legumbresmartinez.es\/#organization","name":"Legumbres Mart\u00ednez","url":"https:\/\/legumbresmartinez.es\/","logo":{"@type":"ImageObject","inLanguage":"fr-FR","@id":"https:\/\/legumbresmartinez.es\/#\/schema\/logo\/image\/","url":"https:\/\/legumbresmartinez.es\/wp-content\/uploads\/2018\/02\/logotipo-legumbres-gines-martinez.png","contentUrl":"https:\/\/legumbresmartinez.es\/wp-content\/uploads\/2018\/02\/logotipo-legumbres-gines-martinez.png","width":214,"height":181,"caption":"Legumbres Mart\u00ednez"},"image":{"@id":"https:\/\/legumbresmartinez.es\/#\/schema\/logo\/image\/"}}]}},"_links":{"self":[{"href":"https:\/\/legumbresmartinez.es\/fr\/wp-json\/wp\/v2\/product\/2377","targetHints":{"allow":["GET"]}}],"collection":[{"href":"https:\/\/legumbresmartinez.es\/fr\/wp-json\/wp\/v2\/product"}],"about":[{"href":"https:\/\/legumbresmartinez.es\/fr\/wp-json\/wp\/v2\/types\/product"}],"replies":[{"embeddable":true,"href":"https:\/\/legumbresmartinez.es\/fr\/wp-json\/wp\/v2\/comments?post=2377"}],"wp:featuredmedia":[{"embeddable":true,"href":"https:\/\/legumbresmartinez.es\/fr\/wp-json\/wp\/v2\/media\/2022"}],"wp:attachment":[{"href":"https:\/\/legumbresmartinez.es\/fr\/wp-json\/wp\/v2\/media?parent=2377"}],"wp:term":[{"taxonomy":"product_brand","embeddable":true,"href":"https:\/\/legumbresmartinez.es\/fr\/wp-json\/wp\/v2\/product_brand?post=2377"},{"taxonomy":"product_cat","embeddable":true,"href":"https:\/\/legumbresmartinez.es\/fr\/wp-json\/wp\/v2\/product_cat?post=2377"},{"taxonomy":"product_tag","embeddable":true,"href":"https:\/\/legumbresmartinez.es\/fr\/wp-json\/wp\/v2\/product_tag?post=2377"}],"curies":[{"name":"wp","href":"https:\/\/api.w.org\/{rel}","templated":true}]}}