{"id":2439,"date":"2018-04-01T08:47:17","date_gmt":"2018-04-01T08:47:17","guid":{"rendered":"https:\/\/legumbresmartinez.es\/producto\/feves-seches\/"},"modified":"2018-04-01T08:47:17","modified_gmt":"2018-04-01T08:47:17","slug":"feves-seches","status":"publish","type":"product","link":"https:\/\/legumbresmartinez.es\/fr\/producto\/feves-seches\/","title":{"rendered":"F\u00e8ves S\u00e8ches"},"content":{"rendered":"","protected":false},"excerpt":{"rendered":"<h4>Cat\u00e9gorie : Extra<\/h4>\n<p>Le grain des f\u00e8ves s\u00e8ches est de forme presque ovale, l\u00e9g\u00e8rement aplati, avec une teinte brun-verd\u00e2tre qui s\u2019assombrit avec le temps. Cette l\u00e9gumineuse est reconnue comme un excellent aliment en raison de ses nombreux bienfaits pour la sant\u00e9. Les f\u00e8ves s\u00e8ches sont principalement consomm\u00e9es dans la r\u00e9gion de Murcie, o\u00f9 elles sont utilis\u00e9es pour pr\u00e9parer le plat typique \u00ab michirones \u00bb, et sont \u00e9galement appr\u00e9ci\u00e9es dans la r\u00e9gion du Levant espagnol.  <\/p>\n","protected":false},"featured_media":2040,"comment_status":"open","ping_status":"closed","template":"","meta":[],"product_brand":[],"product_cat":[83,82],"product_tag":[],"class_list":{"0":"post-2439","1":"product","2":"type-product","3":"status-publish","4":"has-post-thumbnail","6":"product_cat-autres-legumineuses","7":"product_cat-legumineuses","9":"first","10":"instock","11":"shipping-taxable","12":"purchasable","13":"product-type-variable"},"yoast_head":"<!-- This site is optimized with the Yoast SEO plugin v27.5 - https:\/\/yoast.com\/product\/yoast-seo-wordpress\/ -->\n<title>F\u00e8ves S\u00e8ches - Legumbres Martinez - Tradici\u00f3n familiar<\/title>\n<meta name=\"robots\" content=\"index, follow, max-snippet:-1, max-image-preview:large, max-video-preview:-1\" \/>\n<link rel=\"canonical\" href=\"https:\/\/legumbresmartinez.es\/fr\/producto\/feves-seches\/\" \/>\n<meta property=\"og:locale\" content=\"fr_FR\" \/>\n<meta property=\"og:type\" content=\"article\" \/>\n<meta property=\"og:title\" content=\"F\u00e8ves S\u00e8ches - Legumbres Martinez - Tradici\u00f3n familiar\" \/>\n<meta property=\"og:description\" content=\"Cat\u00e9gorie : Extra Le grain des f\u00e8ves s\u00e8ches est de forme presque ovale, l\u00e9g\u00e8rement aplati, avec une teinte brun-verd\u00e2tre qui s\u2019assombrit avec le temps. Cette l\u00e9gumineuse est reconnue comme un excellent aliment en raison de ses nombreux bienfaits pour la sant\u00e9. Les f\u00e8ves s\u00e8ches sont principalement consomm\u00e9es dans la r\u00e9gion de Murcie, o\u00f9 elles sont utilis\u00e9es pour pr\u00e9parer le plat typique \u00ab michirones \u00bb, et sont \u00e9galement appr\u00e9ci\u00e9es dans la r\u00e9gion du Levant espagnol.\" \/>\n<meta property=\"og:url\" content=\"https:\/\/legumbresmartinez.es\/fr\/producto\/feves-seches\/\" \/>\n<meta property=\"og:site_name\" content=\"Legumbres Martinez - Tradici\u00f3n familiar\" \/>\n<meta property=\"og:image\" content=\"https:\/\/legumbresmartinez.es\/wp-content\/uploads\/2018\/03\/otras_habas_secas_5kg.jpg\" \/>\n\t<meta property=\"og:image:width\" content=\"1000\" \/>\n\t<meta property=\"og:image:height\" content=\"1000\" \/>\n\t<meta property=\"og:image:type\" content=\"image\/jpeg\" \/>\n<meta name=\"twitter:card\" content=\"summary_large_image\" \/>\n<!-- \/ Yoast SEO plugin. -->","yoast_head_json":{"title":"F\u00e8ves S\u00e8ches - Legumbres Martinez - Tradici\u00f3n familiar","robots":{"index":"index","follow":"follow","max-snippet":"max-snippet:-1","max-image-preview":"max-image-preview:large","max-video-preview":"max-video-preview:-1"},"canonical":"https:\/\/legumbresmartinez.es\/fr\/producto\/feves-seches\/","og_locale":"fr_FR","og_type":"article","og_title":"F\u00e8ves S\u00e8ches - Legumbres Martinez - Tradici\u00f3n familiar","og_description":"Cat\u00e9gorie : Extra Le grain des f\u00e8ves s\u00e8ches est de forme presque ovale, l\u00e9g\u00e8rement aplati, avec une teinte brun-verd\u00e2tre qui s\u2019assombrit avec le temps. Cette l\u00e9gumineuse est reconnue comme un excellent aliment en raison de ses nombreux bienfaits pour la sant\u00e9. Les f\u00e8ves s\u00e8ches sont principalement consomm\u00e9es dans la r\u00e9gion de Murcie, o\u00f9 elles sont utilis\u00e9es pour pr\u00e9parer le plat typique \u00ab michirones \u00bb, et sont \u00e9galement appr\u00e9ci\u00e9es dans la r\u00e9gion du Levant espagnol.","og_url":"https:\/\/legumbresmartinez.es\/fr\/producto\/feves-seches\/","og_site_name":"Legumbres Martinez - Tradici\u00f3n familiar","og_image":[{"width":1000,"height":1000,"url":"https:\/\/legumbresmartinez.es\/wp-content\/uploads\/2018\/03\/otras_habas_secas_5kg.jpg","type":"image\/jpeg"}],"twitter_card":"summary_large_image","schema":{"@context":"https:\/\/schema.org","@graph":[{"@type":"WebPage","@id":"https:\/\/legumbresmartinez.es\/fr\/producto\/feves-seches\/","url":"https:\/\/legumbresmartinez.es\/fr\/producto\/feves-seches\/","name":"F\u00e8ves S\u00e8ches - Legumbres Martinez - Tradici\u00f3n familiar","isPartOf":{"@id":"https:\/\/legumbresmartinez.es\/#website"},"primaryImageOfPage":{"@id":"https:\/\/legumbresmartinez.es\/fr\/producto\/feves-seches\/#primaryimage"},"image":{"@id":"https:\/\/legumbresmartinez.es\/fr\/producto\/feves-seches\/#primaryimage"},"thumbnailUrl":"https:\/\/legumbresmartinez.es\/wp-content\/uploads\/2018\/03\/otras_habas_secas_5kg.jpg","datePublished":"2018-04-01T08:47:17+00:00","breadcrumb":{"@id":"https:\/\/legumbresmartinez.es\/fr\/producto\/feves-seches\/#breadcrumb"},"inLanguage":"fr-FR","potentialAction":[{"@type":"ReadAction","target":["https:\/\/legumbresmartinez.es\/fr\/producto\/feves-seches\/"]}]},{"@type":"ImageObject","inLanguage":"fr-FR","@id":"https:\/\/legumbresmartinez.es\/fr\/producto\/feves-seches\/#primaryimage","url":"https:\/\/legumbresmartinez.es\/wp-content\/uploads\/2018\/03\/otras_habas_secas_5kg.jpg","contentUrl":"https:\/\/legumbresmartinez.es\/wp-content\/uploads\/2018\/03\/otras_habas_secas_5kg.jpg","width":1000,"height":1000,"caption":"F\u00e8ves S\u00e8ches 5kg"},{"@type":"BreadcrumbList","@id":"https:\/\/legumbresmartinez.es\/fr\/producto\/feves-seches\/#breadcrumb","itemListElement":[{"@type":"ListItem","position":1,"name":"Portada","item":"https:\/\/legumbresmartinez.es\/"},{"@type":"ListItem","position":2,"name":"Boutique","item":"https:\/\/legumbresmartinez.es\/fr\/boutique\/"},{"@type":"ListItem","position":3,"name":"F\u00e8ves S\u00e8ches"}]},{"@type":"WebSite","@id":"https:\/\/legumbresmartinez.es\/#website","url":"https:\/\/legumbresmartinez.es\/","name":"Legumbres Martinez - Tradici\u00f3n familiar","description":"Selecci\u00f3n de las mejores legumbres de Castilla - La Mancha, Castilla y Le\u00f3n, Andaluc\u00eda y otras procedencias","publisher":{"@id":"https:\/\/legumbresmartinez.es\/#organization"},"potentialAction":[{"@type":"SearchAction","target":{"@type":"EntryPoint","urlTemplate":"https:\/\/legumbresmartinez.es\/?s={search_term_string}"},"query-input":{"@type":"PropertyValueSpecification","valueRequired":true,"valueName":"search_term_string"}}],"inLanguage":"fr-FR"},{"@type":"Organization","@id":"https:\/\/legumbresmartinez.es\/#organization","name":"Legumbres Mart\u00ednez","url":"https:\/\/legumbresmartinez.es\/","logo":{"@type":"ImageObject","inLanguage":"fr-FR","@id":"https:\/\/legumbresmartinez.es\/#\/schema\/logo\/image\/","url":"https:\/\/legumbresmartinez.es\/wp-content\/uploads\/2018\/02\/logotipo-legumbres-gines-martinez.png","contentUrl":"https:\/\/legumbresmartinez.es\/wp-content\/uploads\/2018\/02\/logotipo-legumbres-gines-martinez.png","width":214,"height":181,"caption":"Legumbres Mart\u00ednez"},"image":{"@id":"https:\/\/legumbresmartinez.es\/#\/schema\/logo\/image\/"}}]}},"_links":{"self":[{"href":"https:\/\/legumbresmartinez.es\/fr\/wp-json\/wp\/v2\/product\/2439","targetHints":{"allow":["GET"]}}],"collection":[{"href":"https:\/\/legumbresmartinez.es\/fr\/wp-json\/wp\/v2\/product"}],"about":[{"href":"https:\/\/legumbresmartinez.es\/fr\/wp-json\/wp\/v2\/types\/product"}],"replies":[{"embeddable":true,"href":"https:\/\/legumbresmartinez.es\/fr\/wp-json\/wp\/v2\/comments?post=2439"}],"wp:featuredmedia":[{"embeddable":true,"href":"https:\/\/legumbresmartinez.es\/fr\/wp-json\/wp\/v2\/media\/2040"}],"wp:attachment":[{"href":"https:\/\/legumbresmartinez.es\/fr\/wp-json\/wp\/v2\/media?parent=2439"}],"wp:term":[{"taxonomy":"product_brand","embeddable":true,"href":"https:\/\/legumbresmartinez.es\/fr\/wp-json\/wp\/v2\/product_brand?post=2439"},{"taxonomy":"product_cat","embeddable":true,"href":"https:\/\/legumbresmartinez.es\/fr\/wp-json\/wp\/v2\/product_cat?post=2439"},{"taxonomy":"product_tag","embeddable":true,"href":"https:\/\/legumbresmartinez.es\/fr\/wp-json\/wp\/v2\/product_tag?post=2439"}],"curies":[{"name":"wp","href":"https:\/\/api.w.org\/{rel}","templated":true}]}}