{"id":3363,"date":"2018-05-13T11:13:31","date_gmt":"2018-05-13T11:13:31","guid":{"rendered":"https:\/\/legumbresmartinez.es\/producto\/melange-pigeons-champions-sportif\/"},"modified":"2018-05-13T11:13:31","modified_gmt":"2018-05-13T11:13:31","slug":"melange-pigeons-champions-sportif","status":"publish","type":"product","link":"https:\/\/legumbresmartinez.es\/fr\/producto\/melange-pigeons-champions-sportif\/","title":{"rendered":"M\u00e9lange Pigeons Champions Sportif"},"content":{"rendered":"","protected":false},"excerpt":{"rendered":"<h2>Composition :<\/h2>\n<p>Ma\u00efs Rouge P, Ma\u00efs E-P, Bl\u00e9 Dur, Sorgho Blanc, Sorgho, Carthame, Vesce, Y\u00e9ros, Pois, Millet, Alpiste, Lentilles, Graines de Tournesol, Avoine D\u00e9cortiqu\u00e9e, Pain de Daimiel, Ch\u00e8nevis, Orge, Coquille Calcaire Marine, Son de Riz, Niger, Mati\u00e8re Extrud\u00e9e, Graine de Lin et Soja.<\/p>\n<p>&nbsp;<\/p>\n<p>&nbsp;<\/p>\n","protected":false},"featured_media":2234,"comment_status":"open","ping_status":"closed","template":"","meta":[],"product_brand":[],"product_cat":[110,112],"product_tag":[],"class_list":{"0":"post-3363","1":"product","2":"type-product","3":"status-publish","4":"has-post-thumbnail","6":"product_cat-melanges","7":"product_cat-sac-rouge","9":"first","10":"instock","11":"shipping-taxable","12":"purchasable","13":"product-type-variable","14":"has-default-attributes"},"yoast_head":"<!-- This site is optimized with the Yoast SEO plugin v27.3 - https:\/\/yoast.com\/product\/yoast-seo-wordpress\/ -->\n<title>M\u00e9lange Pigeons Champions Sportif - Legumbres Martinez - Tradici\u00f3n familiar<\/title>\n<meta name=\"robots\" content=\"index, follow, max-snippet:-1, max-image-preview:large, max-video-preview:-1\" \/>\n<link rel=\"canonical\" href=\"https:\/\/legumbresmartinez.es\/fr\/producto\/melange-pigeons-champions-sportif\/\" \/>\n<meta property=\"og:locale\" content=\"fr_FR\" \/>\n<meta property=\"og:type\" content=\"article\" \/>\n<meta property=\"og:title\" content=\"M\u00e9lange Pigeons Champions Sportif - Legumbres Martinez - Tradici\u00f3n familiar\" \/>\n<meta property=\"og:description\" content=\"Composition : Ma\u00efs Rouge P, Ma\u00efs E-P, Bl\u00e9 Dur, Sorgho Blanc, Sorgho, Carthame, Vesce, Y\u00e9ros, Pois, Millet, Alpiste, Lentilles, Graines de Tournesol, Avoine D\u00e9cortiqu\u00e9e, Pain de Daimiel, Ch\u00e8nevis, Orge, Coquille Calcaire Marine, Son de Riz, Niger, Mati\u00e8re Extrud\u00e9e, Graine de Lin et Soja. &nbsp; &nbsp;\" \/>\n<meta property=\"og:url\" content=\"https:\/\/legumbresmartinez.es\/fr\/producto\/melange-pigeons-champions-sportif\/\" \/>\n<meta property=\"og:site_name\" content=\"Legumbres Martinez - Tradici\u00f3n familiar\" \/>\n<meta property=\"og:image\" content=\"https:\/\/legumbresmartinez.es\/wp-content\/uploads\/2018\/05\/mixturas-palomas-champions-deportivo.jpg\" \/>\n\t<meta property=\"og:image:width\" content=\"1000\" \/>\n\t<meta property=\"og:image:height\" content=\"1000\" \/>\n\t<meta property=\"og:image:type\" content=\"image\/jpeg\" \/>\n<meta name=\"twitter:card\" content=\"summary_large_image\" \/>\n<!-- \/ Yoast SEO plugin. -->","yoast_head_json":{"title":"M\u00e9lange Pigeons Champions Sportif - Legumbres Martinez - Tradici\u00f3n familiar","robots":{"index":"index","follow":"follow","max-snippet":"max-snippet:-1","max-image-preview":"max-image-preview:large","max-video-preview":"max-video-preview:-1"},"canonical":"https:\/\/legumbresmartinez.es\/fr\/producto\/melange-pigeons-champions-sportif\/","og_locale":"fr_FR","og_type":"article","og_title":"M\u00e9lange Pigeons Champions Sportif - Legumbres Martinez - Tradici\u00f3n familiar","og_description":"Composition : Ma\u00efs Rouge P, Ma\u00efs E-P, Bl\u00e9 Dur, Sorgho Blanc, Sorgho, Carthame, Vesce, Y\u00e9ros, Pois, Millet, Alpiste, Lentilles, Graines de Tournesol, Avoine D\u00e9cortiqu\u00e9e, Pain de Daimiel, Ch\u00e8nevis, Orge, Coquille Calcaire Marine, Son de Riz, Niger, Mati\u00e8re Extrud\u00e9e, Graine de Lin et Soja. &nbsp; &nbsp;","og_url":"https:\/\/legumbresmartinez.es\/fr\/producto\/melange-pigeons-champions-sportif\/","og_site_name":"Legumbres Martinez - Tradici\u00f3n familiar","og_image":[{"width":1000,"height":1000,"url":"https:\/\/legumbresmartinez.es\/wp-content\/uploads\/2018\/05\/mixturas-palomas-champions-deportivo.jpg","type":"image\/jpeg"}],"twitter_card":"summary_large_image","schema":{"@context":"https:\/\/schema.org","@graph":[{"@type":"WebPage","@id":"https:\/\/legumbresmartinez.es\/fr\/producto\/melange-pigeons-champions-sportif\/","url":"https:\/\/legumbresmartinez.es\/fr\/producto\/melange-pigeons-champions-sportif\/","name":"M\u00e9lange Pigeons Champions Sportif - Legumbres Martinez - Tradici\u00f3n familiar","isPartOf":{"@id":"https:\/\/legumbresmartinez.es\/#website"},"primaryImageOfPage":{"@id":"https:\/\/legumbresmartinez.es\/fr\/producto\/melange-pigeons-champions-sportif\/#primaryimage"},"image":{"@id":"https:\/\/legumbresmartinez.es\/fr\/producto\/melange-pigeons-champions-sportif\/#primaryimage"},"thumbnailUrl":"https:\/\/legumbresmartinez.es\/wp-content\/uploads\/2018\/05\/mixturas-palomas-champions-deportivo.jpg","datePublished":"2018-05-13T11:13:31+00:00","breadcrumb":{"@id":"https:\/\/legumbresmartinez.es\/fr\/producto\/melange-pigeons-champions-sportif\/#breadcrumb"},"inLanguage":"fr-FR","potentialAction":[{"@type":"ReadAction","target":["https:\/\/legumbresmartinez.es\/fr\/producto\/melange-pigeons-champions-sportif\/"]}]},{"@type":"ImageObject","inLanguage":"fr-FR","@id":"https:\/\/legumbresmartinez.es\/fr\/producto\/melange-pigeons-champions-sportif\/#primaryimage","url":"https:\/\/legumbresmartinez.es\/wp-content\/uploads\/2018\/05\/mixturas-palomas-champions-deportivo.jpg","contentUrl":"https:\/\/legumbresmartinez.es\/wp-content\/uploads\/2018\/05\/mixturas-palomas-champions-deportivo.jpg","width":1000,"height":1000},{"@type":"BreadcrumbList","@id":"https:\/\/legumbresmartinez.es\/fr\/producto\/melange-pigeons-champions-sportif\/#breadcrumb","itemListElement":[{"@type":"ListItem","position":1,"name":"Portada","item":"https:\/\/legumbresmartinez.es\/"},{"@type":"ListItem","position":2,"name":"Boutique","item":"https:\/\/legumbresmartinez.es\/fr\/boutique\/"},{"@type":"ListItem","position":3,"name":"M\u00e9lange Pigeons Champions Sportif"}]},{"@type":"WebSite","@id":"https:\/\/legumbresmartinez.es\/#website","url":"https:\/\/legumbresmartinez.es\/","name":"Legumbres Martinez - Tradici\u00f3n familiar","description":"Selecci\u00f3n de las mejores legumbres de Castilla - La Mancha, Castilla y Le\u00f3n, Andaluc\u00eda y otras procedencias","publisher":{"@id":"https:\/\/legumbresmartinez.es\/#organization"},"potentialAction":[{"@type":"SearchAction","target":{"@type":"EntryPoint","urlTemplate":"https:\/\/legumbresmartinez.es\/?s={search_term_string}"},"query-input":{"@type":"PropertyValueSpecification","valueRequired":true,"valueName":"search_term_string"}}],"inLanguage":"fr-FR"},{"@type":"Organization","@id":"https:\/\/legumbresmartinez.es\/#organization","name":"Legumbres Mart\u00ednez","url":"https:\/\/legumbresmartinez.es\/","logo":{"@type":"ImageObject","inLanguage":"fr-FR","@id":"https:\/\/legumbresmartinez.es\/#\/schema\/logo\/image\/","url":"https:\/\/legumbresmartinez.es\/wp-content\/uploads\/2018\/02\/logotipo-legumbres-gines-martinez.png","contentUrl":"https:\/\/legumbresmartinez.es\/wp-content\/uploads\/2018\/02\/logotipo-legumbres-gines-martinez.png","width":214,"height":181,"caption":"Legumbres Mart\u00ednez"},"image":{"@id":"https:\/\/legumbresmartinez.es\/#\/schema\/logo\/image\/"}}]}},"_links":{"self":[{"href":"https:\/\/legumbresmartinez.es\/fr\/wp-json\/wp\/v2\/product\/3363","targetHints":{"allow":["GET"]}}],"collection":[{"href":"https:\/\/legumbresmartinez.es\/fr\/wp-json\/wp\/v2\/product"}],"about":[{"href":"https:\/\/legumbresmartinez.es\/fr\/wp-json\/wp\/v2\/types\/product"}],"replies":[{"embeddable":true,"href":"https:\/\/legumbresmartinez.es\/fr\/wp-json\/wp\/v2\/comments?post=3363"}],"wp:featuredmedia":[{"embeddable":true,"href":"https:\/\/legumbresmartinez.es\/fr\/wp-json\/wp\/v2\/media\/2234"}],"wp:attachment":[{"href":"https:\/\/legumbresmartinez.es\/fr\/wp-json\/wp\/v2\/media?parent=3363"}],"wp:term":[{"taxonomy":"product_brand","embeddable":true,"href":"https:\/\/legumbresmartinez.es\/fr\/wp-json\/wp\/v2\/product_brand?post=3363"},{"taxonomy":"product_cat","embeddable":true,"href":"https:\/\/legumbresmartinez.es\/fr\/wp-json\/wp\/v2\/product_cat?post=3363"},{"taxonomy":"product_tag","embeddable":true,"href":"https:\/\/legumbresmartinez.es\/fr\/wp-json\/wp\/v2\/product_tag?post=3363"}],"curies":[{"name":"wp","href":"https:\/\/api.w.org\/{rel}","templated":true}]}}