{"id":3391,"date":"2018-05-06T09:08:05","date_gmt":"2018-05-06T09:08:05","guid":{"rendered":"https:\/\/legumbresmartinez.es\/producto\/melange-haut-vol-pour-pigeons\/"},"modified":"2018-05-06T09:08:05","modified_gmt":"2018-05-06T09:08:05","slug":"melange-haut-vol-pour-pigeons","status":"publish","type":"product","link":"https:\/\/legumbresmartinez.es\/fr\/producto\/melange-haut-vol-pour-pigeons\/","title":{"rendered":"M\u00e9lange Haut Vol pour Pigeons"},"content":{"rendered":"","protected":false},"excerpt":{"rendered":"<h2>Composition :<\/h2>\n<p>Sorgho blanc, sorgho, carthame, vesce, vesces, pois, millet, alpiste, lentilles, graines de tournesol, avoine d\u00e9cortiqu\u00e9e, biscuit de Daimiel, chanvre, orge, coquille marine calcaire, riz d\u00e9cortiqu\u00e9, niger, mati\u00e8re extrud\u00e9e, graines de lin et soja.<\/p>\n<p>&nbsp;<\/p>\n<p>&nbsp;<\/p>\n","protected":false},"featured_media":2064,"comment_status":"open","ping_status":"closed","template":"","meta":[],"product_brand":[],"product_cat":[110,112],"product_tag":[],"class_list":{"0":"post-3391","1":"product","2":"type-product","3":"status-publish","4":"has-post-thumbnail","6":"product_cat-melanges","7":"product_cat-sac-rouge","9":"first","10":"instock","11":"shipping-taxable","12":"purchasable","13":"product-type-variable"},"yoast_head":"<!-- This site is optimized with the Yoast SEO plugin v27.4 - https:\/\/yoast.com\/product\/yoast-seo-wordpress\/ -->\n<title>M\u00e9lange Haut Vol pour Pigeons - Legumbres Martinez - Tradici\u00f3n familiar<\/title>\n<meta name=\"robots\" content=\"index, follow, max-snippet:-1, max-image-preview:large, max-video-preview:-1\" \/>\n<link rel=\"canonical\" href=\"https:\/\/legumbresmartinez.es\/fr\/producto\/melange-haut-vol-pour-pigeons\/\" \/>\n<meta property=\"og:locale\" content=\"fr_FR\" \/>\n<meta property=\"og:type\" content=\"article\" \/>\n<meta property=\"og:title\" content=\"M\u00e9lange Haut Vol pour Pigeons - Legumbres Martinez - Tradici\u00f3n familiar\" \/>\n<meta property=\"og:description\" content=\"Composition : Sorgho blanc, sorgho, carthame, vesce, vesces, pois, millet, alpiste, lentilles, graines de tournesol, avoine d\u00e9cortiqu\u00e9e, biscuit de Daimiel, chanvre, orge, coquille marine calcaire, riz d\u00e9cortiqu\u00e9, niger, mati\u00e8re extrud\u00e9e, graines de lin et soja. &nbsp; &nbsp;\" \/>\n<meta property=\"og:url\" content=\"https:\/\/legumbresmartinez.es\/fr\/producto\/melange-haut-vol-pour-pigeons\/\" \/>\n<meta property=\"og:site_name\" content=\"Legumbres Martinez - Tradici\u00f3n familiar\" \/>\n<meta property=\"og:image\" content=\"https:\/\/legumbresmartinez.es\/wp-content\/uploads\/2018\/05\/6_altos_vuelos_saco.jpg\" \/>\n\t<meta property=\"og:image:width\" content=\"1000\" \/>\n\t<meta property=\"og:image:height\" content=\"1000\" \/>\n\t<meta property=\"og:image:type\" content=\"image\/jpeg\" \/>\n<meta name=\"twitter:card\" content=\"summary_large_image\" \/>\n<!-- \/ Yoast SEO plugin. -->","yoast_head_json":{"title":"M\u00e9lange Haut Vol pour Pigeons - Legumbres Martinez - Tradici\u00f3n familiar","robots":{"index":"index","follow":"follow","max-snippet":"max-snippet:-1","max-image-preview":"max-image-preview:large","max-video-preview":"max-video-preview:-1"},"canonical":"https:\/\/legumbresmartinez.es\/fr\/producto\/melange-haut-vol-pour-pigeons\/","og_locale":"fr_FR","og_type":"article","og_title":"M\u00e9lange Haut Vol pour Pigeons - Legumbres Martinez - Tradici\u00f3n familiar","og_description":"Composition : Sorgho blanc, sorgho, carthame, vesce, vesces, pois, millet, alpiste, lentilles, graines de tournesol, avoine d\u00e9cortiqu\u00e9e, biscuit de Daimiel, chanvre, orge, coquille marine calcaire, riz d\u00e9cortiqu\u00e9, niger, mati\u00e8re extrud\u00e9e, graines de lin et soja. &nbsp; &nbsp;","og_url":"https:\/\/legumbresmartinez.es\/fr\/producto\/melange-haut-vol-pour-pigeons\/","og_site_name":"Legumbres Martinez - Tradici\u00f3n familiar","og_image":[{"width":1000,"height":1000,"url":"https:\/\/legumbresmartinez.es\/wp-content\/uploads\/2018\/05\/6_altos_vuelos_saco.jpg","type":"image\/jpeg"}],"twitter_card":"summary_large_image","schema":{"@context":"https:\/\/schema.org","@graph":[{"@type":"WebPage","@id":"https:\/\/legumbresmartinez.es\/fr\/producto\/melange-haut-vol-pour-pigeons\/","url":"https:\/\/legumbresmartinez.es\/fr\/producto\/melange-haut-vol-pour-pigeons\/","name":"M\u00e9lange Haut Vol pour Pigeons - Legumbres Martinez - Tradici\u00f3n familiar","isPartOf":{"@id":"https:\/\/legumbresmartinez.es\/#website"},"primaryImageOfPage":{"@id":"https:\/\/legumbresmartinez.es\/fr\/producto\/melange-haut-vol-pour-pigeons\/#primaryimage"},"image":{"@id":"https:\/\/legumbresmartinez.es\/fr\/producto\/melange-haut-vol-pour-pigeons\/#primaryimage"},"thumbnailUrl":"https:\/\/legumbresmartinez.es\/wp-content\/uploads\/2018\/05\/6_altos_vuelos_saco.jpg","datePublished":"2018-05-06T09:08:05+00:00","breadcrumb":{"@id":"https:\/\/legumbresmartinez.es\/fr\/producto\/melange-haut-vol-pour-pigeons\/#breadcrumb"},"inLanguage":"fr-FR","potentialAction":[{"@type":"ReadAction","target":["https:\/\/legumbresmartinez.es\/fr\/producto\/melange-haut-vol-pour-pigeons\/"]}]},{"@type":"ImageObject","inLanguage":"fr-FR","@id":"https:\/\/legumbresmartinez.es\/fr\/producto\/melange-haut-vol-pour-pigeons\/#primaryimage","url":"https:\/\/legumbresmartinez.es\/wp-content\/uploads\/2018\/05\/6_altos_vuelos_saco.jpg","contentUrl":"https:\/\/legumbresmartinez.es\/wp-content\/uploads\/2018\/05\/6_altos_vuelos_saco.jpg","width":1000,"height":1000,"caption":"sac haut vol"},{"@type":"BreadcrumbList","@id":"https:\/\/legumbresmartinez.es\/fr\/producto\/melange-haut-vol-pour-pigeons\/#breadcrumb","itemListElement":[{"@type":"ListItem","position":1,"name":"Portada","item":"https:\/\/legumbresmartinez.es\/"},{"@type":"ListItem","position":2,"name":"Boutique","item":"https:\/\/legumbresmartinez.es\/fr\/boutique\/"},{"@type":"ListItem","position":3,"name":"M\u00e9lange Haut Vol pour Pigeons"}]},{"@type":"WebSite","@id":"https:\/\/legumbresmartinez.es\/#website","url":"https:\/\/legumbresmartinez.es\/","name":"Legumbres Martinez - Tradici\u00f3n familiar","description":"Selecci\u00f3n de las mejores legumbres de Castilla - La Mancha, Castilla y Le\u00f3n, Andaluc\u00eda y otras procedencias","publisher":{"@id":"https:\/\/legumbresmartinez.es\/#organization"},"potentialAction":[{"@type":"SearchAction","target":{"@type":"EntryPoint","urlTemplate":"https:\/\/legumbresmartinez.es\/?s={search_term_string}"},"query-input":{"@type":"PropertyValueSpecification","valueRequired":true,"valueName":"search_term_string"}}],"inLanguage":"fr-FR"},{"@type":"Organization","@id":"https:\/\/legumbresmartinez.es\/#organization","name":"Legumbres Mart\u00ednez","url":"https:\/\/legumbresmartinez.es\/","logo":{"@type":"ImageObject","inLanguage":"fr-FR","@id":"https:\/\/legumbresmartinez.es\/#\/schema\/logo\/image\/","url":"https:\/\/legumbresmartinez.es\/wp-content\/uploads\/2018\/02\/logotipo-legumbres-gines-martinez.png","contentUrl":"https:\/\/legumbresmartinez.es\/wp-content\/uploads\/2018\/02\/logotipo-legumbres-gines-martinez.png","width":214,"height":181,"caption":"Legumbres Mart\u00ednez"},"image":{"@id":"https:\/\/legumbresmartinez.es\/#\/schema\/logo\/image\/"}}]}},"_links":{"self":[{"href":"https:\/\/legumbresmartinez.es\/fr\/wp-json\/wp\/v2\/product\/3391","targetHints":{"allow":["GET"]}}],"collection":[{"href":"https:\/\/legumbresmartinez.es\/fr\/wp-json\/wp\/v2\/product"}],"about":[{"href":"https:\/\/legumbresmartinez.es\/fr\/wp-json\/wp\/v2\/types\/product"}],"replies":[{"embeddable":true,"href":"https:\/\/legumbresmartinez.es\/fr\/wp-json\/wp\/v2\/comments?post=3391"}],"wp:featuredmedia":[{"embeddable":true,"href":"https:\/\/legumbresmartinez.es\/fr\/wp-json\/wp\/v2\/media\/2064"}],"wp:attachment":[{"href":"https:\/\/legumbresmartinez.es\/fr\/wp-json\/wp\/v2\/media?parent=3391"}],"wp:term":[{"taxonomy":"product_brand","embeddable":true,"href":"https:\/\/legumbresmartinez.es\/fr\/wp-json\/wp\/v2\/product_brand?post=3391"},{"taxonomy":"product_cat","embeddable":true,"href":"https:\/\/legumbresmartinez.es\/fr\/wp-json\/wp\/v2\/product_cat?post=3391"},{"taxonomy":"product_tag","embeddable":true,"href":"https:\/\/legumbresmartinez.es\/fr\/wp-json\/wp\/v2\/product_tag?post=3391"}],"curies":[{"name":"wp","href":"https:\/\/api.w.org\/{rel}","templated":true}]}}