{"id":3431,"date":"2018-04-11T17:41:44","date_gmt":"2018-04-11T17:41:44","guid":{"rendered":"https:\/\/legumbresmartinez.es\/producto\/farine-de-almortas-2\/"},"modified":"2018-04-11T17:41:44","modified_gmt":"2018-04-11T17:41:44","slug":"farine-de-almortas-2","status":"publish","type":"product","link":"https:\/\/legumbresmartinez.es\/fr\/producto\/farine-de-almortas-2\/","title":{"rendered":"Farine de Almortas"},"content":{"rendered":"","protected":false},"excerpt":{"rendered":"<h4>Cat\u00e9gorie : Extra<\/h4>\n<p>Cette farine est obtenue en broyant la c\u00e9r\u00e9ale, bien que le grain doive d&rsquo;abord \u00eatre d\u00e9cortiqu\u00e9 et d\u00e9germ\u00e9. Cette farine est riche en fibres et en vitamines que contient cette c\u00e9r\u00e9ale, et elle est \u00e9galement adapt\u00e9e aux personnes c\u0153liaques, car la c\u00e9r\u00e9ale dont elle est issue (le ma\u00efs) est naturellement sans gluten.  <\/p>\n","protected":false},"featured_media":2016,"comment_status":"open","ping_status":"closed","template":"","meta":[],"product_brand":[],"product_cat":[83,82],"product_tag":[],"class_list":{"0":"post-3431","1":"product","2":"type-product","3":"status-publish","4":"has-post-thumbnail","6":"product_cat-autres-legumineuses","7":"product_cat-legumineuses","9":"first","10":"instock","11":"shipping-taxable","12":"purchasable","13":"product-type-variable","14":"has-default-attributes"},"yoast_head":"<!-- This site is optimized with the Yoast SEO plugin v27.5 - https:\/\/yoast.com\/product\/yoast-seo-wordpress\/ -->\n<title>Farine de Almortas - Legumbres Martinez - Tradici\u00f3n familiar<\/title>\n<meta name=\"robots\" content=\"index, follow, max-snippet:-1, max-image-preview:large, max-video-preview:-1\" \/>\n<link rel=\"canonical\" href=\"https:\/\/legumbresmartinez.es\/fr\/producto\/farine-de-almortas-2\/\" \/>\n<meta property=\"og:locale\" content=\"fr_FR\" \/>\n<meta property=\"og:type\" content=\"article\" \/>\n<meta property=\"og:title\" content=\"Farine de Almortas - Legumbres Martinez - Tradici\u00f3n familiar\" \/>\n<meta property=\"og:description\" content=\"Cat\u00e9gorie : Extra Cette farine est obtenue en broyant la c\u00e9r\u00e9ale, bien que le grain doive d&#039;abord \u00eatre d\u00e9cortiqu\u00e9 et d\u00e9germ\u00e9. Cette farine est riche en fibres et en vitamines que contient cette c\u00e9r\u00e9ale, et elle est \u00e9galement adapt\u00e9e aux personnes c\u0153liaques, car la c\u00e9r\u00e9ale dont elle est issue (le ma\u00efs) est naturellement sans gluten.\" \/>\n<meta property=\"og:url\" content=\"https:\/\/legumbresmartinez.es\/fr\/producto\/farine-de-almortas-2\/\" \/>\n<meta property=\"og:site_name\" content=\"Legumbres Martinez - Tradici\u00f3n familiar\" \/>\n<meta property=\"og:image\" content=\"https:\/\/legumbresmartinez.es\/wp-content\/uploads\/2019\/04\/otras_harina_5kg.jpg\" \/>\n\t<meta property=\"og:image:width\" content=\"1398\" \/>\n\t<meta property=\"og:image:height\" content=\"1398\" \/>\n\t<meta property=\"og:image:type\" content=\"image\/jpeg\" \/>\n<meta name=\"twitter:card\" content=\"summary_large_image\" \/>\n<!-- \/ Yoast SEO plugin. -->","yoast_head_json":{"title":"Farine de Almortas - Legumbres Martinez - Tradici\u00f3n familiar","robots":{"index":"index","follow":"follow","max-snippet":"max-snippet:-1","max-image-preview":"max-image-preview:large","max-video-preview":"max-video-preview:-1"},"canonical":"https:\/\/legumbresmartinez.es\/fr\/producto\/farine-de-almortas-2\/","og_locale":"fr_FR","og_type":"article","og_title":"Farine de Almortas - Legumbres Martinez - Tradici\u00f3n familiar","og_description":"Cat\u00e9gorie : Extra Cette farine est obtenue en broyant la c\u00e9r\u00e9ale, bien que le grain doive d'abord \u00eatre d\u00e9cortiqu\u00e9 et d\u00e9germ\u00e9. Cette farine est riche en fibres et en vitamines que contient cette c\u00e9r\u00e9ale, et elle est \u00e9galement adapt\u00e9e aux personnes c\u0153liaques, car la c\u00e9r\u00e9ale dont elle est issue (le ma\u00efs) est naturellement sans gluten.","og_url":"https:\/\/legumbresmartinez.es\/fr\/producto\/farine-de-almortas-2\/","og_site_name":"Legumbres Martinez - Tradici\u00f3n familiar","og_image":[{"width":1398,"height":1398,"url":"https:\/\/legumbresmartinez.es\/wp-content\/uploads\/2019\/04\/otras_harina_5kg.jpg","type":"image\/jpeg"}],"twitter_card":"summary_large_image","schema":{"@context":"https:\/\/schema.org","@graph":[{"@type":"WebPage","@id":"https:\/\/legumbresmartinez.es\/fr\/producto\/farine-de-almortas-2\/","url":"https:\/\/legumbresmartinez.es\/fr\/producto\/farine-de-almortas-2\/","name":"Farine de Almortas - Legumbres Martinez - Tradici\u00f3n familiar","isPartOf":{"@id":"https:\/\/legumbresmartinez.es\/#website"},"primaryImageOfPage":{"@id":"https:\/\/legumbresmartinez.es\/fr\/producto\/farine-de-almortas-2\/#primaryimage"},"image":{"@id":"https:\/\/legumbresmartinez.es\/fr\/producto\/farine-de-almortas-2\/#primaryimage"},"thumbnailUrl":"https:\/\/legumbresmartinez.es\/wp-content\/uploads\/2019\/04\/otras_harina_5kg.jpg","datePublished":"2018-04-11T17:41:44+00:00","breadcrumb":{"@id":"https:\/\/legumbresmartinez.es\/fr\/producto\/farine-de-almortas-2\/#breadcrumb"},"inLanguage":"fr-FR","potentialAction":[{"@type":"ReadAction","target":["https:\/\/legumbresmartinez.es\/fr\/producto\/farine-de-almortas-2\/"]}]},{"@type":"ImageObject","inLanguage":"fr-FR","@id":"https:\/\/legumbresmartinez.es\/fr\/producto\/farine-de-almortas-2\/#primaryimage","url":"https:\/\/legumbresmartinez.es\/wp-content\/uploads\/2019\/04\/otras_harina_5kg.jpg","contentUrl":"https:\/\/legumbresmartinez.es\/wp-content\/uploads\/2019\/04\/otras_harina_5kg.jpg","width":1398,"height":1398,"caption":"farine 5kg"},{"@type":"BreadcrumbList","@id":"https:\/\/legumbresmartinez.es\/fr\/producto\/farine-de-almortas-2\/#breadcrumb","itemListElement":[{"@type":"ListItem","position":1,"name":"Portada","item":"https:\/\/legumbresmartinez.es\/"},{"@type":"ListItem","position":2,"name":"Boutique","item":"https:\/\/legumbresmartinez.es\/fr\/boutique\/"},{"@type":"ListItem","position":3,"name":"Farine de Almortas"}]},{"@type":"WebSite","@id":"https:\/\/legumbresmartinez.es\/#website","url":"https:\/\/legumbresmartinez.es\/","name":"Legumbres Martinez - Tradici\u00f3n familiar","description":"Selecci\u00f3n de las mejores legumbres de Castilla - La Mancha, Castilla y Le\u00f3n, Andaluc\u00eda y otras procedencias","publisher":{"@id":"https:\/\/legumbresmartinez.es\/#organization"},"potentialAction":[{"@type":"SearchAction","target":{"@type":"EntryPoint","urlTemplate":"https:\/\/legumbresmartinez.es\/?s={search_term_string}"},"query-input":{"@type":"PropertyValueSpecification","valueRequired":true,"valueName":"search_term_string"}}],"inLanguage":"fr-FR"},{"@type":"Organization","@id":"https:\/\/legumbresmartinez.es\/#organization","name":"Legumbres Mart\u00ednez","url":"https:\/\/legumbresmartinez.es\/","logo":{"@type":"ImageObject","inLanguage":"fr-FR","@id":"https:\/\/legumbresmartinez.es\/#\/schema\/logo\/image\/","url":"https:\/\/legumbresmartinez.es\/wp-content\/uploads\/2018\/02\/logotipo-legumbres-gines-martinez.png","contentUrl":"https:\/\/legumbresmartinez.es\/wp-content\/uploads\/2018\/02\/logotipo-legumbres-gines-martinez.png","width":214,"height":181,"caption":"Legumbres Mart\u00ednez"},"image":{"@id":"https:\/\/legumbresmartinez.es\/#\/schema\/logo\/image\/"}}]}},"_links":{"self":[{"href":"https:\/\/legumbresmartinez.es\/fr\/wp-json\/wp\/v2\/product\/3431","targetHints":{"allow":["GET"]}}],"collection":[{"href":"https:\/\/legumbresmartinez.es\/fr\/wp-json\/wp\/v2\/product"}],"about":[{"href":"https:\/\/legumbresmartinez.es\/fr\/wp-json\/wp\/v2\/types\/product"}],"replies":[{"embeddable":true,"href":"https:\/\/legumbresmartinez.es\/fr\/wp-json\/wp\/v2\/comments?post=3431"}],"wp:featuredmedia":[{"embeddable":true,"href":"https:\/\/legumbresmartinez.es\/fr\/wp-json\/wp\/v2\/media\/2016"}],"wp:attachment":[{"href":"https:\/\/legumbresmartinez.es\/fr\/wp-json\/wp\/v2\/media?parent=3431"}],"wp:term":[{"taxonomy":"product_brand","embeddable":true,"href":"https:\/\/legumbresmartinez.es\/fr\/wp-json\/wp\/v2\/product_brand?post=3431"},{"taxonomy":"product_cat","embeddable":true,"href":"https:\/\/legumbresmartinez.es\/fr\/wp-json\/wp\/v2\/product_cat?post=3431"},{"taxonomy":"product_tag","embeddable":true,"href":"https:\/\/legumbresmartinez.es\/fr\/wp-json\/wp\/v2\/product_tag?post=3431"}],"curies":[{"name":"wp","href":"https:\/\/api.w.org\/{rel}","templated":true}]}}