{"id":3435,"date":"2018-03-07T14:43:14","date_gmt":"2018-03-07T14:43:14","guid":{"rendered":"https:\/\/legumbresmartinez.es\/producto\/lentilles-decortiquees\/"},"modified":"2018-03-07T14:43:14","modified_gmt":"2018-03-07T14:43:14","slug":"lentilles-decortiquees","status":"publish","type":"product","link":"https:\/\/legumbresmartinez.es\/fr\/producto\/lentilles-decortiquees\/","title":{"rendered":"Lentilles D\u00e9cortiqu\u00e9es"},"content":{"rendered":"","protected":false},"excerpt":{"rendered":"<h4>Cat\u00e9gorie : Extra<\/h4>\n<p>Les lentilles d\u00e9cortiqu\u00e9es sont des lentilles castillanes dont la peau a \u00e9t\u00e9 retir\u00e9e, laissant un grain de couleur jaune. C\u2019est pourquoi on les appelle aussi lentilles jaunes d\u00e9cortiqu\u00e9es. Comme elles n&rsquo;ont pas de peau, il n&rsquo;est pas n\u00e9cessaire de les faire tremper et leur cuisson est rapide. L&rsquo;absence de peau les rend plus faciles \u00e0 dig\u00e9rer, tout en conservant toutes les propri\u00e9t\u00e9s des lentilles ordinaires.  <\/p>\n","protected":false},"featured_media":1986,"comment_status":"open","ping_status":"closed","template":"","meta":[],"product_brand":[],"product_cat":[82,94],"product_tag":[],"class_list":{"0":"post-3435","1":"product","2":"type-product","3":"status-publish","4":"has-post-thumbnail","6":"product_cat-legumineuses","7":"product_cat-lentilles","9":"first","10":"instock","11":"shipping-taxable","12":"purchasable","13":"product-type-variable"},"yoast_head":"<!-- This site is optimized with the Yoast SEO plugin v27.5 - https:\/\/yoast.com\/product\/yoast-seo-wordpress\/ -->\n<title>Lentilles D\u00e9cortiqu\u00e9es - Legumbres Martinez - Tradici\u00f3n familiar<\/title>\n<meta name=\"robots\" content=\"index, follow, max-snippet:-1, max-image-preview:large, max-video-preview:-1\" \/>\n<link rel=\"canonical\" href=\"https:\/\/legumbresmartinez.es\/fr\/producto\/lentilles-decortiquees\/\" \/>\n<meta property=\"og:locale\" content=\"fr_FR\" \/>\n<meta property=\"og:type\" content=\"article\" \/>\n<meta property=\"og:title\" content=\"Lentilles D\u00e9cortiqu\u00e9es - Legumbres Martinez - Tradici\u00f3n familiar\" \/>\n<meta property=\"og:description\" content=\"Cat\u00e9gorie : Extra Les lentilles d\u00e9cortiqu\u00e9es sont des lentilles castillanes dont la peau a \u00e9t\u00e9 retir\u00e9e, laissant un grain de couleur jaune. C\u2019est pourquoi on les appelle aussi lentilles jaunes d\u00e9cortiqu\u00e9es. Comme elles n&#039;ont pas de peau, il n&#039;est pas n\u00e9cessaire de les faire tremper et leur cuisson est rapide. L&#039;absence de peau les rend plus faciles \u00e0 dig\u00e9rer, tout en conservant toutes les propri\u00e9t\u00e9s des lentilles ordinaires.\" \/>\n<meta property=\"og:url\" content=\"https:\/\/legumbresmartinez.es\/fr\/producto\/lentilles-decortiquees\/\" \/>\n<meta property=\"og:site_name\" content=\"Legumbres Martinez - Tradici\u00f3n familiar\" \/>\n<meta property=\"og:image\" content=\"https:\/\/legumbresmartinez.es\/wp-content\/uploads\/2018\/03\/lenteja_pelada_5kg.jpg\" \/>\n\t<meta property=\"og:image:width\" content=\"1000\" \/>\n\t<meta property=\"og:image:height\" content=\"1000\" \/>\n\t<meta property=\"og:image:type\" content=\"image\/jpeg\" \/>\n<meta name=\"twitter:card\" content=\"summary_large_image\" \/>\n<!-- \/ Yoast SEO plugin. -->","yoast_head_json":{"title":"Lentilles D\u00e9cortiqu\u00e9es - Legumbres Martinez - Tradici\u00f3n familiar","robots":{"index":"index","follow":"follow","max-snippet":"max-snippet:-1","max-image-preview":"max-image-preview:large","max-video-preview":"max-video-preview:-1"},"canonical":"https:\/\/legumbresmartinez.es\/fr\/producto\/lentilles-decortiquees\/","og_locale":"fr_FR","og_type":"article","og_title":"Lentilles D\u00e9cortiqu\u00e9es - Legumbres Martinez - Tradici\u00f3n familiar","og_description":"Cat\u00e9gorie : Extra Les lentilles d\u00e9cortiqu\u00e9es sont des lentilles castillanes dont la peau a \u00e9t\u00e9 retir\u00e9e, laissant un grain de couleur jaune. C\u2019est pourquoi on les appelle aussi lentilles jaunes d\u00e9cortiqu\u00e9es. Comme elles n'ont pas de peau, il n'est pas n\u00e9cessaire de les faire tremper et leur cuisson est rapide. L'absence de peau les rend plus faciles \u00e0 dig\u00e9rer, tout en conservant toutes les propri\u00e9t\u00e9s des lentilles ordinaires.","og_url":"https:\/\/legumbresmartinez.es\/fr\/producto\/lentilles-decortiquees\/","og_site_name":"Legumbres Martinez - Tradici\u00f3n familiar","og_image":[{"width":1000,"height":1000,"url":"https:\/\/legumbresmartinez.es\/wp-content\/uploads\/2018\/03\/lenteja_pelada_5kg.jpg","type":"image\/jpeg"}],"twitter_card":"summary_large_image","schema":{"@context":"https:\/\/schema.org","@graph":[{"@type":"WebPage","@id":"https:\/\/legumbresmartinez.es\/fr\/producto\/lentilles-decortiquees\/","url":"https:\/\/legumbresmartinez.es\/fr\/producto\/lentilles-decortiquees\/","name":"Lentilles D\u00e9cortiqu\u00e9es - Legumbres Martinez - Tradici\u00f3n familiar","isPartOf":{"@id":"https:\/\/legumbresmartinez.es\/#website"},"primaryImageOfPage":{"@id":"https:\/\/legumbresmartinez.es\/fr\/producto\/lentilles-decortiquees\/#primaryimage"},"image":{"@id":"https:\/\/legumbresmartinez.es\/fr\/producto\/lentilles-decortiquees\/#primaryimage"},"thumbnailUrl":"https:\/\/legumbresmartinez.es\/wp-content\/uploads\/2018\/03\/lenteja_pelada_5kg.jpg","datePublished":"2018-03-07T14:43:14+00:00","breadcrumb":{"@id":"https:\/\/legumbresmartinez.es\/fr\/producto\/lentilles-decortiquees\/#breadcrumb"},"inLanguage":"fr-FR","potentialAction":[{"@type":"ReadAction","target":["https:\/\/legumbresmartinez.es\/fr\/producto\/lentilles-decortiquees\/"]}]},{"@type":"ImageObject","inLanguage":"fr-FR","@id":"https:\/\/legumbresmartinez.es\/fr\/producto\/lentilles-decortiquees\/#primaryimage","url":"https:\/\/legumbresmartinez.es\/wp-content\/uploads\/2018\/03\/lenteja_pelada_5kg.jpg","contentUrl":"https:\/\/legumbresmartinez.es\/wp-content\/uploads\/2018\/03\/lenteja_pelada_5kg.jpg","width":1000,"height":1000,"caption":"lentilles d\u00e9cortiqu\u00e9es 5kg"},{"@type":"BreadcrumbList","@id":"https:\/\/legumbresmartinez.es\/fr\/producto\/lentilles-decortiquees\/#breadcrumb","itemListElement":[{"@type":"ListItem","position":1,"name":"Portada","item":"https:\/\/legumbresmartinez.es\/"},{"@type":"ListItem","position":2,"name":"Boutique","item":"https:\/\/legumbresmartinez.es\/fr\/boutique\/"},{"@type":"ListItem","position":3,"name":"Lentilles D\u00e9cortiqu\u00e9es"}]},{"@type":"WebSite","@id":"https:\/\/legumbresmartinez.es\/#website","url":"https:\/\/legumbresmartinez.es\/","name":"Legumbres Martinez - Tradici\u00f3n familiar","description":"Selecci\u00f3n de las mejores legumbres de Castilla - La Mancha, Castilla y Le\u00f3n, Andaluc\u00eda y otras procedencias","publisher":{"@id":"https:\/\/legumbresmartinez.es\/#organization"},"potentialAction":[{"@type":"SearchAction","target":{"@type":"EntryPoint","urlTemplate":"https:\/\/legumbresmartinez.es\/?s={search_term_string}"},"query-input":{"@type":"PropertyValueSpecification","valueRequired":true,"valueName":"search_term_string"}}],"inLanguage":"fr-FR"},{"@type":"Organization","@id":"https:\/\/legumbresmartinez.es\/#organization","name":"Legumbres Mart\u00ednez","url":"https:\/\/legumbresmartinez.es\/","logo":{"@type":"ImageObject","inLanguage":"fr-FR","@id":"https:\/\/legumbresmartinez.es\/#\/schema\/logo\/image\/","url":"https:\/\/legumbresmartinez.es\/wp-content\/uploads\/2018\/02\/logotipo-legumbres-gines-martinez.png","contentUrl":"https:\/\/legumbresmartinez.es\/wp-content\/uploads\/2018\/02\/logotipo-legumbres-gines-martinez.png","width":214,"height":181,"caption":"Legumbres Mart\u00ednez"},"image":{"@id":"https:\/\/legumbresmartinez.es\/#\/schema\/logo\/image\/"}}]}},"_links":{"self":[{"href":"https:\/\/legumbresmartinez.es\/fr\/wp-json\/wp\/v2\/product\/3435","targetHints":{"allow":["GET"]}}],"collection":[{"href":"https:\/\/legumbresmartinez.es\/fr\/wp-json\/wp\/v2\/product"}],"about":[{"href":"https:\/\/legumbresmartinez.es\/fr\/wp-json\/wp\/v2\/types\/product"}],"replies":[{"embeddable":true,"href":"https:\/\/legumbresmartinez.es\/fr\/wp-json\/wp\/v2\/comments?post=3435"}],"wp:featuredmedia":[{"embeddable":true,"href":"https:\/\/legumbresmartinez.es\/fr\/wp-json\/wp\/v2\/media\/1986"}],"wp:attachment":[{"href":"https:\/\/legumbresmartinez.es\/fr\/wp-json\/wp\/v2\/media?parent=3435"}],"wp:term":[{"taxonomy":"product_brand","embeddable":true,"href":"https:\/\/legumbresmartinez.es\/fr\/wp-json\/wp\/v2\/product_brand?post=3435"},{"taxonomy":"product_cat","embeddable":true,"href":"https:\/\/legumbresmartinez.es\/fr\/wp-json\/wp\/v2\/product_cat?post=3435"},{"taxonomy":"product_tag","embeddable":true,"href":"https:\/\/legumbresmartinez.es\/fr\/wp-json\/wp\/v2\/product_tag?post=3435"}],"curies":[{"name":"wp","href":"https:\/\/api.w.org\/{rel}","templated":true}]}}