{"id":3442,"date":"2018-04-10T08:33:46","date_gmt":"2018-04-10T08:33:46","guid":{"rendered":"https:\/\/legumbresmartinez.es\/producto\/pois-casses-epluches\/"},"modified":"2018-04-10T08:33:46","modified_gmt":"2018-04-10T08:33:46","slug":"pois-casses-epluches","status":"publish","type":"product","link":"https:\/\/legumbresmartinez.es\/fr\/producto\/pois-casses-epluches\/","title":{"rendered":"Pois Cass\u00e9s \u00c9pluch\u00e9s"},"content":{"rendered":"","protected":false},"excerpt":{"rendered":"<h4>Cat\u00e9gorie : Extra<\/h4>\n<p>Les pois verts cass\u00e9s \u00e9pluch\u00e9s sont d\u00e9barrass\u00e9s de leur enveloppe et coup\u00e9s en deux. Ils ont une saveur caract\u00e9ristique qui les rend parfaits pour pr\u00e9parer de d\u00e9licieuses soupes et pur\u00e9es de l\u00e9gumineuses. Cette l\u00e9gumineuse contient plusieurs propri\u00e9t\u00e9s nutritionnelles b\u00e9n\u00e9fiques, en particulier les prot\u00e9ines qui aident \u00e0 r\u00e9duire la pression art\u00e9rielle et sont utiles dans le traitement des maladies r\u00e9nales chroniques.  <\/p>\n","protected":false},"featured_media":2018,"comment_status":"open","ping_status":"closed","template":"","meta":[],"product_brand":[],"product_cat":[83,82],"product_tag":[],"class_list":{"0":"post-3442","1":"product","2":"type-product","3":"status-publish","4":"has-post-thumbnail","6":"product_cat-autres-legumineuses","7":"product_cat-legumineuses","9":"first","10":"instock","11":"shipping-taxable","12":"purchasable","13":"product-type-variable"},"yoast_head":"<!-- This site is optimized with the Yoast SEO plugin v27.4 - https:\/\/yoast.com\/product\/yoast-seo-wordpress\/ -->\n<title>Pois Cass\u00e9s \u00c9pluch\u00e9s - Legumbres Martinez - Tradici\u00f3n familiar<\/title>\n<meta name=\"robots\" content=\"index, follow, max-snippet:-1, max-image-preview:large, max-video-preview:-1\" \/>\n<link rel=\"canonical\" href=\"https:\/\/legumbresmartinez.es\/fr\/producto\/pois-casses-epluches\/\" \/>\n<meta property=\"og:locale\" content=\"fr_FR\" \/>\n<meta property=\"og:type\" content=\"article\" \/>\n<meta property=\"og:title\" content=\"Pois Cass\u00e9s \u00c9pluch\u00e9s - Legumbres Martinez - Tradici\u00f3n familiar\" \/>\n<meta property=\"og:description\" content=\"Cat\u00e9gorie : Extra Les pois verts cass\u00e9s \u00e9pluch\u00e9s sont d\u00e9barrass\u00e9s de leur enveloppe et coup\u00e9s en deux. Ils ont une saveur caract\u00e9ristique qui les rend parfaits pour pr\u00e9parer de d\u00e9licieuses soupes et pur\u00e9es de l\u00e9gumineuses. Cette l\u00e9gumineuse contient plusieurs propri\u00e9t\u00e9s nutritionnelles b\u00e9n\u00e9fiques, en particulier les prot\u00e9ines qui aident \u00e0 r\u00e9duire la pression art\u00e9rielle et sont utiles dans le traitement des maladies r\u00e9nales chroniques.\" \/>\n<meta property=\"og:url\" content=\"https:\/\/legumbresmartinez.es\/fr\/producto\/pois-casses-epluches\/\" \/>\n<meta property=\"og:site_name\" content=\"Legumbres Martinez - Tradici\u00f3n familiar\" \/>\n<meta property=\"og:image\" content=\"https:\/\/legumbresmartinez.es\/wp-content\/uploads\/2018\/05\/otras_guisante_partido_pelado_1kg.jpg\" \/>\n\t<meta property=\"og:image:width\" content=\"1000\" \/>\n\t<meta property=\"og:image:height\" content=\"1000\" \/>\n\t<meta property=\"og:image:type\" content=\"image\/jpeg\" \/>\n<meta name=\"twitter:card\" content=\"summary_large_image\" \/>\n<!-- \/ Yoast SEO plugin. -->","yoast_head_json":{"title":"Pois Cass\u00e9s \u00c9pluch\u00e9s - Legumbres Martinez - Tradici\u00f3n familiar","robots":{"index":"index","follow":"follow","max-snippet":"max-snippet:-1","max-image-preview":"max-image-preview:large","max-video-preview":"max-video-preview:-1"},"canonical":"https:\/\/legumbresmartinez.es\/fr\/producto\/pois-casses-epluches\/","og_locale":"fr_FR","og_type":"article","og_title":"Pois Cass\u00e9s \u00c9pluch\u00e9s - Legumbres Martinez - Tradici\u00f3n familiar","og_description":"Cat\u00e9gorie : Extra Les pois verts cass\u00e9s \u00e9pluch\u00e9s sont d\u00e9barrass\u00e9s de leur enveloppe et coup\u00e9s en deux. Ils ont une saveur caract\u00e9ristique qui les rend parfaits pour pr\u00e9parer de d\u00e9licieuses soupes et pur\u00e9es de l\u00e9gumineuses. Cette l\u00e9gumineuse contient plusieurs propri\u00e9t\u00e9s nutritionnelles b\u00e9n\u00e9fiques, en particulier les prot\u00e9ines qui aident \u00e0 r\u00e9duire la pression art\u00e9rielle et sont utiles dans le traitement des maladies r\u00e9nales chroniques.","og_url":"https:\/\/legumbresmartinez.es\/fr\/producto\/pois-casses-epluches\/","og_site_name":"Legumbres Martinez - Tradici\u00f3n familiar","og_image":[{"width":1000,"height":1000,"url":"https:\/\/legumbresmartinez.es\/wp-content\/uploads\/2018\/05\/otras_guisante_partido_pelado_1kg.jpg","type":"image\/jpeg"}],"twitter_card":"summary_large_image","schema":{"@context":"https:\/\/schema.org","@graph":[{"@type":"WebPage","@id":"https:\/\/legumbresmartinez.es\/fr\/producto\/pois-casses-epluches\/","url":"https:\/\/legumbresmartinez.es\/fr\/producto\/pois-casses-epluches\/","name":"Pois Cass\u00e9s \u00c9pluch\u00e9s - Legumbres Martinez - Tradici\u00f3n familiar","isPartOf":{"@id":"https:\/\/legumbresmartinez.es\/#website"},"primaryImageOfPage":{"@id":"https:\/\/legumbresmartinez.es\/fr\/producto\/pois-casses-epluches\/#primaryimage"},"image":{"@id":"https:\/\/legumbresmartinez.es\/fr\/producto\/pois-casses-epluches\/#primaryimage"},"thumbnailUrl":"https:\/\/legumbresmartinez.es\/wp-content\/uploads\/2018\/05\/otras_guisante_partido_pelado_1kg.jpg","datePublished":"2018-04-10T08:33:46+00:00","breadcrumb":{"@id":"https:\/\/legumbresmartinez.es\/fr\/producto\/pois-casses-epluches\/#breadcrumb"},"inLanguage":"fr-FR","potentialAction":[{"@type":"ReadAction","target":["https:\/\/legumbresmartinez.es\/fr\/producto\/pois-casses-epluches\/"]}]},{"@type":"ImageObject","inLanguage":"fr-FR","@id":"https:\/\/legumbresmartinez.es\/fr\/producto\/pois-casses-epluches\/#primaryimage","url":"https:\/\/legumbresmartinez.es\/wp-content\/uploads\/2018\/05\/otras_guisante_partido_pelado_1kg.jpg","contentUrl":"https:\/\/legumbresmartinez.es\/wp-content\/uploads\/2018\/05\/otras_guisante_partido_pelado_1kg.jpg","width":1000,"height":1000,"caption":"pois cass\u00e9s \u00e9pluch\u00e9s 1kg"},{"@type":"BreadcrumbList","@id":"https:\/\/legumbresmartinez.es\/fr\/producto\/pois-casses-epluches\/#breadcrumb","itemListElement":[{"@type":"ListItem","position":1,"name":"Portada","item":"https:\/\/legumbresmartinez.es\/"},{"@type":"ListItem","position":2,"name":"Boutique","item":"https:\/\/legumbresmartinez.es\/fr\/boutique\/"},{"@type":"ListItem","position":3,"name":"Pois Cass\u00e9s \u00c9pluch\u00e9s"}]},{"@type":"WebSite","@id":"https:\/\/legumbresmartinez.es\/#website","url":"https:\/\/legumbresmartinez.es\/","name":"Legumbres Martinez - Tradici\u00f3n familiar","description":"Selecci\u00f3n de las mejores legumbres de Castilla - La Mancha, Castilla y Le\u00f3n, Andaluc\u00eda y otras procedencias","publisher":{"@id":"https:\/\/legumbresmartinez.es\/#organization"},"potentialAction":[{"@type":"SearchAction","target":{"@type":"EntryPoint","urlTemplate":"https:\/\/legumbresmartinez.es\/?s={search_term_string}"},"query-input":{"@type":"PropertyValueSpecification","valueRequired":true,"valueName":"search_term_string"}}],"inLanguage":"fr-FR"},{"@type":"Organization","@id":"https:\/\/legumbresmartinez.es\/#organization","name":"Legumbres Mart\u00ednez","url":"https:\/\/legumbresmartinez.es\/","logo":{"@type":"ImageObject","inLanguage":"fr-FR","@id":"https:\/\/legumbresmartinez.es\/#\/schema\/logo\/image\/","url":"https:\/\/legumbresmartinez.es\/wp-content\/uploads\/2018\/02\/logotipo-legumbres-gines-martinez.png","contentUrl":"https:\/\/legumbresmartinez.es\/wp-content\/uploads\/2018\/02\/logotipo-legumbres-gines-martinez.png","width":214,"height":181,"caption":"Legumbres Mart\u00ednez"},"image":{"@id":"https:\/\/legumbresmartinez.es\/#\/schema\/logo\/image\/"}}]}},"_links":{"self":[{"href":"https:\/\/legumbresmartinez.es\/fr\/wp-json\/wp\/v2\/product\/3442","targetHints":{"allow":["GET"]}}],"collection":[{"href":"https:\/\/legumbresmartinez.es\/fr\/wp-json\/wp\/v2\/product"}],"about":[{"href":"https:\/\/legumbresmartinez.es\/fr\/wp-json\/wp\/v2\/types\/product"}],"replies":[{"embeddable":true,"href":"https:\/\/legumbresmartinez.es\/fr\/wp-json\/wp\/v2\/comments?post=3442"}],"wp:featuredmedia":[{"embeddable":true,"href":"https:\/\/legumbresmartinez.es\/fr\/wp-json\/wp\/v2\/media\/2018"}],"wp:attachment":[{"href":"https:\/\/legumbresmartinez.es\/fr\/wp-json\/wp\/v2\/media?parent=3442"}],"wp:term":[{"taxonomy":"product_brand","embeddable":true,"href":"https:\/\/legumbresmartinez.es\/fr\/wp-json\/wp\/v2\/product_brand?post=3442"},{"taxonomy":"product_cat","embeddable":true,"href":"https:\/\/legumbresmartinez.es\/fr\/wp-json\/wp\/v2\/product_cat?post=3442"},{"taxonomy":"product_tag","embeddable":true,"href":"https:\/\/legumbresmartinez.es\/fr\/wp-json\/wp\/v2\/product_tag?post=3442"}],"curies":[{"name":"wp","href":"https:\/\/api.w.org\/{rel}","templated":true}]}}