{"id":3451,"date":"2018-02-04T08:45:49","date_gmt":"2018-02-04T08:45:49","guid":{"rendered":"https:\/\/legumbresmartinez.es\/producto\/pois-chiche-pedrosillano\/"},"modified":"2018-02-04T08:45:49","modified_gmt":"2018-02-04T08:45:49","slug":"pois-chiche-pedrosillano","status":"publish","type":"product","link":"https:\/\/legumbresmartinez.es\/fr\/producto\/pois-chiche-pedrosillano\/","title":{"rendered":"Pois chiche Pedrosillano"},"content":{"rendered":"","protected":false},"excerpt":{"rendered":"<h4>Cat\u00e9gorie : Extra<\/h4>\n<p>Les pois chiches Pedrosillano se distinguent par \u00eatre la vari\u00e9t\u00e9 avec le grain le plus petit. En plus de leur petite taille, on peut \u00e9galement souligner qu\u2019il s\u2019agit d\u2019un pois chiche \u00e0 la peau presque lisse, avec peu de rides, une forme sph\u00e9rique et une couleur toast\u00e9e. Cette vari\u00e9t\u00e9 pr\u00e9sente d\u2019excellentes qualit\u00e9s de cuisson gr\u00e2ce \u00e0 une peau fine et imperceptible, donnant un pois chiche \u00e0 la texture tr\u00e8s agr\u00e9able et au go\u00fbt tr\u00e8s intense.  <\/p>\n","protected":false},"featured_media":1968,"comment_status":"open","ping_status":"closed","template":"","meta":[],"product_brand":[],"product_cat":[82,106],"product_tag":[],"class_list":{"0":"post-3451","1":"product","2":"type-product","3":"status-publish","4":"has-post-thumbnail","6":"product_cat-legumineuses","7":"product_cat-pois-chiches","9":"first","10":"instock","11":"shipping-taxable","12":"purchasable","13":"product-type-variable","14":"has-default-attributes"},"yoast_head":"<!-- This site is optimized with the Yoast SEO plugin v27.4 - https:\/\/yoast.com\/product\/yoast-seo-wordpress\/ -->\n<title>Pois chiche Pedrosillano - Legumbres Martinez - Tradici\u00f3n familiar<\/title>\n<meta name=\"robots\" content=\"index, follow, max-snippet:-1, max-image-preview:large, max-video-preview:-1\" \/>\n<link rel=\"canonical\" href=\"https:\/\/legumbresmartinez.es\/fr\/producto\/pois-chiche-pedrosillano\/\" \/>\n<meta property=\"og:locale\" content=\"fr_FR\" \/>\n<meta property=\"og:type\" content=\"article\" \/>\n<meta property=\"og:title\" content=\"Pois chiche Pedrosillano - Legumbres Martinez - Tradici\u00f3n familiar\" \/>\n<meta property=\"og:description\" content=\"Cat\u00e9gorie : Extra Les pois chiches Pedrosillano se distinguent par \u00eatre la vari\u00e9t\u00e9 avec le grain le plus petit. En plus de leur petite taille, on peut \u00e9galement souligner qu\u2019il s\u2019agit d\u2019un pois chiche \u00e0 la peau presque lisse, avec peu de rides, une forme sph\u00e9rique et une couleur toast\u00e9e. Cette vari\u00e9t\u00e9 pr\u00e9sente d\u2019excellentes qualit\u00e9s de cuisson gr\u00e2ce \u00e0 une peau fine et imperceptible, donnant un pois chiche \u00e0 la texture tr\u00e8s agr\u00e9able et au go\u00fbt tr\u00e8s intense.\" \/>\n<meta property=\"og:url\" content=\"https:\/\/legumbresmartinez.es\/fr\/producto\/pois-chiche-pedrosillano\/\" \/>\n<meta property=\"og:site_name\" content=\"Legumbres Martinez - Tradici\u00f3n familiar\" \/>\n<meta property=\"og:image\" content=\"https:\/\/legumbresmartinez.es\/wp-content\/uploads\/2018\/03\/garbanzo_pedrosillano_500g.jpg\" \/>\n\t<meta property=\"og:image:width\" content=\"1000\" \/>\n\t<meta property=\"og:image:height\" content=\"1000\" \/>\n\t<meta property=\"og:image:type\" content=\"image\/jpeg\" \/>\n<meta name=\"twitter:card\" content=\"summary_large_image\" \/>\n<!-- \/ Yoast SEO plugin. -->","yoast_head_json":{"title":"Pois chiche Pedrosillano - Legumbres Martinez - Tradici\u00f3n familiar","robots":{"index":"index","follow":"follow","max-snippet":"max-snippet:-1","max-image-preview":"max-image-preview:large","max-video-preview":"max-video-preview:-1"},"canonical":"https:\/\/legumbresmartinez.es\/fr\/producto\/pois-chiche-pedrosillano\/","og_locale":"fr_FR","og_type":"article","og_title":"Pois chiche Pedrosillano - Legumbres Martinez - Tradici\u00f3n familiar","og_description":"Cat\u00e9gorie : Extra Les pois chiches Pedrosillano se distinguent par \u00eatre la vari\u00e9t\u00e9 avec le grain le plus petit. En plus de leur petite taille, on peut \u00e9galement souligner qu\u2019il s\u2019agit d\u2019un pois chiche \u00e0 la peau presque lisse, avec peu de rides, une forme sph\u00e9rique et une couleur toast\u00e9e. Cette vari\u00e9t\u00e9 pr\u00e9sente d\u2019excellentes qualit\u00e9s de cuisson gr\u00e2ce \u00e0 une peau fine et imperceptible, donnant un pois chiche \u00e0 la texture tr\u00e8s agr\u00e9able et au go\u00fbt tr\u00e8s intense.","og_url":"https:\/\/legumbresmartinez.es\/fr\/producto\/pois-chiche-pedrosillano\/","og_site_name":"Legumbres Martinez - Tradici\u00f3n familiar","og_image":[{"width":1000,"height":1000,"url":"https:\/\/legumbresmartinez.es\/wp-content\/uploads\/2018\/03\/garbanzo_pedrosillano_500g.jpg","type":"image\/jpeg"}],"twitter_card":"summary_large_image","schema":{"@context":"https:\/\/schema.org","@graph":[{"@type":"WebPage","@id":"https:\/\/legumbresmartinez.es\/fr\/producto\/pois-chiche-pedrosillano\/","url":"https:\/\/legumbresmartinez.es\/fr\/producto\/pois-chiche-pedrosillano\/","name":"Pois chiche Pedrosillano - Legumbres Martinez - Tradici\u00f3n familiar","isPartOf":{"@id":"https:\/\/legumbresmartinez.es\/#website"},"primaryImageOfPage":{"@id":"https:\/\/legumbresmartinez.es\/fr\/producto\/pois-chiche-pedrosillano\/#primaryimage"},"image":{"@id":"https:\/\/legumbresmartinez.es\/fr\/producto\/pois-chiche-pedrosillano\/#primaryimage"},"thumbnailUrl":"https:\/\/legumbresmartinez.es\/wp-content\/uploads\/2018\/03\/garbanzo_pedrosillano_500g.jpg","datePublished":"2018-02-04T08:45:49+00:00","breadcrumb":{"@id":"https:\/\/legumbresmartinez.es\/fr\/producto\/pois-chiche-pedrosillano\/#breadcrumb"},"inLanguage":"fr-FR","potentialAction":[{"@type":"ReadAction","target":["https:\/\/legumbresmartinez.es\/fr\/producto\/pois-chiche-pedrosillano\/"]}]},{"@type":"ImageObject","inLanguage":"fr-FR","@id":"https:\/\/legumbresmartinez.es\/fr\/producto\/pois-chiche-pedrosillano\/#primaryimage","url":"https:\/\/legumbresmartinez.es\/wp-content\/uploads\/2018\/03\/garbanzo_pedrosillano_500g.jpg","contentUrl":"https:\/\/legumbresmartinez.es\/wp-content\/uploads\/2018\/03\/garbanzo_pedrosillano_500g.jpg","width":1000,"height":1000,"caption":"pois chiche pedrosillano 500g"},{"@type":"BreadcrumbList","@id":"https:\/\/legumbresmartinez.es\/fr\/producto\/pois-chiche-pedrosillano\/#breadcrumb","itemListElement":[{"@type":"ListItem","position":1,"name":"Portada","item":"https:\/\/legumbresmartinez.es\/"},{"@type":"ListItem","position":2,"name":"Boutique","item":"https:\/\/legumbresmartinez.es\/fr\/boutique\/"},{"@type":"ListItem","position":3,"name":"Pois chiche Pedrosillano"}]},{"@type":"WebSite","@id":"https:\/\/legumbresmartinez.es\/#website","url":"https:\/\/legumbresmartinez.es\/","name":"Legumbres Martinez - Tradici\u00f3n familiar","description":"Selecci\u00f3n de las mejores legumbres de Castilla - La Mancha, Castilla y Le\u00f3n, Andaluc\u00eda y otras procedencias","publisher":{"@id":"https:\/\/legumbresmartinez.es\/#organization"},"potentialAction":[{"@type":"SearchAction","target":{"@type":"EntryPoint","urlTemplate":"https:\/\/legumbresmartinez.es\/?s={search_term_string}"},"query-input":{"@type":"PropertyValueSpecification","valueRequired":true,"valueName":"search_term_string"}}],"inLanguage":"fr-FR"},{"@type":"Organization","@id":"https:\/\/legumbresmartinez.es\/#organization","name":"Legumbres Mart\u00ednez","url":"https:\/\/legumbresmartinez.es\/","logo":{"@type":"ImageObject","inLanguage":"fr-FR","@id":"https:\/\/legumbresmartinez.es\/#\/schema\/logo\/image\/","url":"https:\/\/legumbresmartinez.es\/wp-content\/uploads\/2018\/02\/logotipo-legumbres-gines-martinez.png","contentUrl":"https:\/\/legumbresmartinez.es\/wp-content\/uploads\/2018\/02\/logotipo-legumbres-gines-martinez.png","width":214,"height":181,"caption":"Legumbres Mart\u00ednez"},"image":{"@id":"https:\/\/legumbresmartinez.es\/#\/schema\/logo\/image\/"}}]}},"_links":{"self":[{"href":"https:\/\/legumbresmartinez.es\/fr\/wp-json\/wp\/v2\/product\/3451","targetHints":{"allow":["GET"]}}],"collection":[{"href":"https:\/\/legumbresmartinez.es\/fr\/wp-json\/wp\/v2\/product"}],"about":[{"href":"https:\/\/legumbresmartinez.es\/fr\/wp-json\/wp\/v2\/types\/product"}],"replies":[{"embeddable":true,"href":"https:\/\/legumbresmartinez.es\/fr\/wp-json\/wp\/v2\/comments?post=3451"}],"wp:featuredmedia":[{"embeddable":true,"href":"https:\/\/legumbresmartinez.es\/fr\/wp-json\/wp\/v2\/media\/1968"}],"wp:attachment":[{"href":"https:\/\/legumbresmartinez.es\/fr\/wp-json\/wp\/v2\/media?parent=3451"}],"wp:term":[{"taxonomy":"product_brand","embeddable":true,"href":"https:\/\/legumbresmartinez.es\/fr\/wp-json\/wp\/v2\/product_brand?post=3451"},{"taxonomy":"product_cat","embeddable":true,"href":"https:\/\/legumbresmartinez.es\/fr\/wp-json\/wp\/v2\/product_cat?post=3451"},{"taxonomy":"product_tag","embeddable":true,"href":"https:\/\/legumbresmartinez.es\/fr\/wp-json\/wp\/v2\/product_tag?post=3451"}],"curies":[{"name":"wp","href":"https:\/\/api.w.org\/{rel}","templated":true}]}}