{"id":3480,"date":"2018-02-01T16:56:37","date_gmt":"2018-02-01T16:56:37","guid":{"rendered":"https:\/\/legumbresmartinez.es\/producto\/pois-chiches-blancs-lactes\/"},"modified":"2018-02-01T16:56:37","modified_gmt":"2018-02-01T16:56:37","slug":"pois-chiches-blancs-lactes","status":"publish","type":"product","link":"https:\/\/legumbresmartinez.es\/fr\/producto\/pois-chiches-blancs-lactes\/","title":{"rendered":"Pois chiches blancs lact\u00e9s"},"content":{"rendered":"","protected":false},"excerpt":{"rendered":"<h4>Cat\u00e9gorie : Extra<\/h4>\n<p>Cette vari\u00e9t\u00e9 doit son nom \u00e0 la couleur blanche de ses grains. Le pois chiche blanc lact\u00e9 est de grande taille, de forme irr\u00e9guli\u00e8re avec de profonds sillons qui lui donnent une surface rugueuse. Il se caract\u00e9rise par sa peau fine et sa texture beurr\u00e9e. Il est \u00e9galement connu sous le nom de pois chiche lact\u00e9 andalou.  <\/p>\n","protected":false},"featured_media":2220,"comment_status":"open","ping_status":"closed","template":"","meta":[],"product_brand":[],"product_cat":[106,108],"product_tag":[],"class_list":{"0":"post-3480","1":"product","2":"type-product","3":"status-publish","4":"has-post-thumbnail","6":"product_cat-pois-chiches","7":"product_cat-pois-chiches-en-vedette","9":"first","10":"instock","11":"shipping-taxable","12":"purchasable","13":"product-type-variable","14":"has-default-attributes"},"yoast_head":"<!-- This site is optimized with the Yoast SEO plugin v27.4 - https:\/\/yoast.com\/product\/yoast-seo-wordpress\/ -->\n<title>Pois chiches blancs lact\u00e9s - Legumbres Martinez - Tradici\u00f3n familiar<\/title>\n<meta name=\"robots\" content=\"index, follow, max-snippet:-1, max-image-preview:large, max-video-preview:-1\" \/>\n<link rel=\"canonical\" href=\"https:\/\/legumbresmartinez.es\/fr\/producto\/pois-chiches-blancs-lactes\/\" \/>\n<meta property=\"og:locale\" content=\"fr_FR\" \/>\n<meta property=\"og:type\" content=\"article\" \/>\n<meta property=\"og:title\" content=\"Pois chiches blancs lact\u00e9s - Legumbres Martinez - Tradici\u00f3n familiar\" \/>\n<meta property=\"og:description\" content=\"Cat\u00e9gorie : Extra Cette vari\u00e9t\u00e9 doit son nom \u00e0 la couleur blanche de ses grains. Le pois chiche blanc lact\u00e9 est de grande taille, de forme irr\u00e9guli\u00e8re avec de profonds sillons qui lui donnent une surface rugueuse. Il se caract\u00e9rise par sa peau fine et sa texture beurr\u00e9e. Il est \u00e9galement connu sous le nom de pois chiche lact\u00e9 andalou.\" \/>\n<meta property=\"og:url\" content=\"https:\/\/legumbresmartinez.es\/fr\/producto\/pois-chiches-blancs-lactes\/\" \/>\n<meta property=\"og:site_name\" content=\"Legumbres Martinez - Tradici\u00f3n familiar\" \/>\n<meta property=\"og:image\" content=\"https:\/\/legumbresmartinez.es\/wp-content\/uploads\/2018\/01\/garbanzo_blanco_lechoso_500g.png\" \/>\n\t<meta property=\"og:image:width\" content=\"1000\" \/>\n\t<meta property=\"og:image:height\" content=\"1000\" \/>\n\t<meta property=\"og:image:type\" content=\"image\/png\" \/>\n<meta name=\"twitter:card\" content=\"summary_large_image\" \/>\n<!-- \/ Yoast SEO plugin. -->","yoast_head_json":{"title":"Pois chiches blancs lact\u00e9s - Legumbres Martinez - Tradici\u00f3n familiar","robots":{"index":"index","follow":"follow","max-snippet":"max-snippet:-1","max-image-preview":"max-image-preview:large","max-video-preview":"max-video-preview:-1"},"canonical":"https:\/\/legumbresmartinez.es\/fr\/producto\/pois-chiches-blancs-lactes\/","og_locale":"fr_FR","og_type":"article","og_title":"Pois chiches blancs lact\u00e9s - Legumbres Martinez - Tradici\u00f3n familiar","og_description":"Cat\u00e9gorie : Extra Cette vari\u00e9t\u00e9 doit son nom \u00e0 la couleur blanche de ses grains. Le pois chiche blanc lact\u00e9 est de grande taille, de forme irr\u00e9guli\u00e8re avec de profonds sillons qui lui donnent une surface rugueuse. Il se caract\u00e9rise par sa peau fine et sa texture beurr\u00e9e. Il est \u00e9galement connu sous le nom de pois chiche lact\u00e9 andalou.","og_url":"https:\/\/legumbresmartinez.es\/fr\/producto\/pois-chiches-blancs-lactes\/","og_site_name":"Legumbres Martinez - Tradici\u00f3n familiar","og_image":[{"width":1000,"height":1000,"url":"https:\/\/legumbresmartinez.es\/wp-content\/uploads\/2018\/01\/garbanzo_blanco_lechoso_500g.png","type":"image\/png"}],"twitter_card":"summary_large_image","schema":{"@context":"https:\/\/schema.org","@graph":[{"@type":"WebPage","@id":"https:\/\/legumbresmartinez.es\/fr\/producto\/pois-chiches-blancs-lactes\/","url":"https:\/\/legumbresmartinez.es\/fr\/producto\/pois-chiches-blancs-lactes\/","name":"Pois chiches blancs lact\u00e9s - Legumbres Martinez - Tradici\u00f3n familiar","isPartOf":{"@id":"https:\/\/legumbresmartinez.es\/#website"},"primaryImageOfPage":{"@id":"https:\/\/legumbresmartinez.es\/fr\/producto\/pois-chiches-blancs-lactes\/#primaryimage"},"image":{"@id":"https:\/\/legumbresmartinez.es\/fr\/producto\/pois-chiches-blancs-lactes\/#primaryimage"},"thumbnailUrl":"https:\/\/legumbresmartinez.es\/wp-content\/uploads\/2018\/01\/garbanzo_blanco_lechoso_500g.png","datePublished":"2018-02-01T16:56:37+00:00","breadcrumb":{"@id":"https:\/\/legumbresmartinez.es\/fr\/producto\/pois-chiches-blancs-lactes\/#breadcrumb"},"inLanguage":"fr-FR","potentialAction":[{"@type":"ReadAction","target":["https:\/\/legumbresmartinez.es\/fr\/producto\/pois-chiches-blancs-lactes\/"]}]},{"@type":"ImageObject","inLanguage":"fr-FR","@id":"https:\/\/legumbresmartinez.es\/fr\/producto\/pois-chiches-blancs-lactes\/#primaryimage","url":"https:\/\/legumbresmartinez.es\/wp-content\/uploads\/2018\/01\/garbanzo_blanco_lechoso_500g.png","contentUrl":"https:\/\/legumbresmartinez.es\/wp-content\/uploads\/2018\/01\/garbanzo_blanco_lechoso_500g.png","width":1000,"height":1000,"caption":"pois chiche blanc lact\u00e9"},{"@type":"BreadcrumbList","@id":"https:\/\/legumbresmartinez.es\/fr\/producto\/pois-chiches-blancs-lactes\/#breadcrumb","itemListElement":[{"@type":"ListItem","position":1,"name":"Portada","item":"https:\/\/legumbresmartinez.es\/"},{"@type":"ListItem","position":2,"name":"Boutique","item":"https:\/\/legumbresmartinez.es\/fr\/boutique\/"},{"@type":"ListItem","position":3,"name":"Pois chiches blancs lact\u00e9s"}]},{"@type":"WebSite","@id":"https:\/\/legumbresmartinez.es\/#website","url":"https:\/\/legumbresmartinez.es\/","name":"Legumbres Martinez - Tradici\u00f3n familiar","description":"Selecci\u00f3n de las mejores legumbres de Castilla - La Mancha, Castilla y Le\u00f3n, Andaluc\u00eda y otras procedencias","publisher":{"@id":"https:\/\/legumbresmartinez.es\/#organization"},"potentialAction":[{"@type":"SearchAction","target":{"@type":"EntryPoint","urlTemplate":"https:\/\/legumbresmartinez.es\/?s={search_term_string}"},"query-input":{"@type":"PropertyValueSpecification","valueRequired":true,"valueName":"search_term_string"}}],"inLanguage":"fr-FR"},{"@type":"Organization","@id":"https:\/\/legumbresmartinez.es\/#organization","name":"Legumbres Mart\u00ednez","url":"https:\/\/legumbresmartinez.es\/","logo":{"@type":"ImageObject","inLanguage":"fr-FR","@id":"https:\/\/legumbresmartinez.es\/#\/schema\/logo\/image\/","url":"https:\/\/legumbresmartinez.es\/wp-content\/uploads\/2018\/02\/logotipo-legumbres-gines-martinez.png","contentUrl":"https:\/\/legumbresmartinez.es\/wp-content\/uploads\/2018\/02\/logotipo-legumbres-gines-martinez.png","width":214,"height":181,"caption":"Legumbres Mart\u00ednez"},"image":{"@id":"https:\/\/legumbresmartinez.es\/#\/schema\/logo\/image\/"}}]}},"_links":{"self":[{"href":"https:\/\/legumbresmartinez.es\/fr\/wp-json\/wp\/v2\/product\/3480","targetHints":{"allow":["GET"]}}],"collection":[{"href":"https:\/\/legumbresmartinez.es\/fr\/wp-json\/wp\/v2\/product"}],"about":[{"href":"https:\/\/legumbresmartinez.es\/fr\/wp-json\/wp\/v2\/types\/product"}],"replies":[{"embeddable":true,"href":"https:\/\/legumbresmartinez.es\/fr\/wp-json\/wp\/v2\/comments?post=3480"}],"wp:featuredmedia":[{"embeddable":true,"href":"https:\/\/legumbresmartinez.es\/fr\/wp-json\/wp\/v2\/media\/2220"}],"wp:attachment":[{"href":"https:\/\/legumbresmartinez.es\/fr\/wp-json\/wp\/v2\/media?parent=3480"}],"wp:term":[{"taxonomy":"product_brand","embeddable":true,"href":"https:\/\/legumbresmartinez.es\/fr\/wp-json\/wp\/v2\/product_brand?post=3480"},{"taxonomy":"product_cat","embeddable":true,"href":"https:\/\/legumbresmartinez.es\/fr\/wp-json\/wp\/v2\/product_cat?post=3480"},{"taxonomy":"product_tag","embeddable":true,"href":"https:\/\/legumbresmartinez.es\/fr\/wp-json\/wp\/v2\/product_tag?post=3480"}],"curies":[{"name":"wp","href":"https:\/\/api.w.org\/{rel}","templated":true}]}}