{"id":3561,"date":"2018-01-08T13:55:59","date_gmt":"2018-01-08T13:55:59","guid":{"rendered":"https:\/\/legumbresmartinez.es\/producto\/haricot-rouge\/"},"modified":"2018-01-08T13:55:59","modified_gmt":"2018-01-08T13:55:59","slug":"haricot-rouge","status":"publish","type":"product","link":"https:\/\/legumbresmartinez.es\/fr\/producto\/haricot-rouge\/","title":{"rendered":"Haricot Rouge"},"content":{"rendered":"","protected":false},"excerpt":{"rendered":"<h4>Cat\u00e9gorie : Extra<\/h4>\n<p>Le haricot rouge tire son nom de sa teinte pourpre ou rouge violac\u00e9e. Son grain est de taille moyenne, l\u00e9g\u00e8rement r\u00e9niforme, plat et allong\u00e9. Il est tr\u00e8s appr\u00e9ci\u00e9 pour la finesse de sa peau et sa tendret\u00e9 apr\u00e8s cuisson. Cette vari\u00e9t\u00e9 perd de sa couleur lors du trempage et donne un bouillon assez fonc\u00e9 \u00e0 la cuisson. Sur le plan nutritionnel, elle est riche en prot\u00e9ines et en fer.    <\/p>\n","protected":false},"featured_media":1910,"comment_status":"open","ping_status":"closed","template":"","meta":[],"product_brand":[],"product_cat":[82,100],"product_tag":[],"class_list":{"0":"post-3561","1":"product","2":"type-product","3":"status-publish","4":"has-post-thumbnail","6":"product_cat-legumineuses","7":"product_cat-haricots","9":"first","10":"instock","11":"shipping-taxable","12":"purchasable","13":"product-type-variable","14":"has-default-attributes"},"yoast_head":"<!-- This site is optimized with the Yoast SEO plugin v27.4 - https:\/\/yoast.com\/product\/yoast-seo-wordpress\/ -->\n<title>Haricot Rouge - Legumbres Martinez - Tradici\u00f3n familiar<\/title>\n<meta name=\"robots\" content=\"index, follow, max-snippet:-1, max-image-preview:large, max-video-preview:-1\" \/>\n<link rel=\"canonical\" href=\"https:\/\/legumbresmartinez.es\/fr\/producto\/haricot-rouge\/\" \/>\n<meta property=\"og:locale\" content=\"fr_FR\" \/>\n<meta property=\"og:type\" content=\"article\" \/>\n<meta property=\"og:title\" content=\"Haricot Rouge - Legumbres Martinez - Tradici\u00f3n familiar\" \/>\n<meta property=\"og:description\" content=\"Cat\u00e9gorie : Extra Le haricot rouge tire son nom de sa teinte pourpre ou rouge violac\u00e9e. Son grain est de taille moyenne, l\u00e9g\u00e8rement r\u00e9niforme, plat et allong\u00e9. Il est tr\u00e8s appr\u00e9ci\u00e9 pour la finesse de sa peau et sa tendret\u00e9 apr\u00e8s cuisson. Cette vari\u00e9t\u00e9 perd de sa couleur lors du trempage et donne un bouillon assez fonc\u00e9 \u00e0 la cuisson. Sur le plan nutritionnel, elle est riche en prot\u00e9ines et en fer.\" \/>\n<meta property=\"og:url\" content=\"https:\/\/legumbresmartinez.es\/fr\/producto\/haricot-rouge\/\" \/>\n<meta property=\"og:site_name\" content=\"Legumbres Martinez - Tradici\u00f3n familiar\" \/>\n<meta property=\"og:image\" content=\"https:\/\/legumbresmartinez.es\/wp-content\/uploads\/2018\/01\/alubia_morada_5kg.jpg\" \/>\n\t<meta property=\"og:image:width\" content=\"1000\" \/>\n\t<meta property=\"og:image:height\" content=\"1000\" \/>\n\t<meta property=\"og:image:type\" content=\"image\/jpeg\" \/>\n<meta name=\"twitter:card\" content=\"summary_large_image\" \/>\n<!-- \/ Yoast SEO plugin. -->","yoast_head_json":{"title":"Haricot Rouge - Legumbres Martinez - Tradici\u00f3n familiar","robots":{"index":"index","follow":"follow","max-snippet":"max-snippet:-1","max-image-preview":"max-image-preview:large","max-video-preview":"max-video-preview:-1"},"canonical":"https:\/\/legumbresmartinez.es\/fr\/producto\/haricot-rouge\/","og_locale":"fr_FR","og_type":"article","og_title":"Haricot Rouge - Legumbres Martinez - Tradici\u00f3n familiar","og_description":"Cat\u00e9gorie : Extra Le haricot rouge tire son nom de sa teinte pourpre ou rouge violac\u00e9e. Son grain est de taille moyenne, l\u00e9g\u00e8rement r\u00e9niforme, plat et allong\u00e9. Il est tr\u00e8s appr\u00e9ci\u00e9 pour la finesse de sa peau et sa tendret\u00e9 apr\u00e8s cuisson. Cette vari\u00e9t\u00e9 perd de sa couleur lors du trempage et donne un bouillon assez fonc\u00e9 \u00e0 la cuisson. Sur le plan nutritionnel, elle est riche en prot\u00e9ines et en fer.","og_url":"https:\/\/legumbresmartinez.es\/fr\/producto\/haricot-rouge\/","og_site_name":"Legumbres Martinez - Tradici\u00f3n familiar","og_image":[{"width":1000,"height":1000,"url":"https:\/\/legumbresmartinez.es\/wp-content\/uploads\/2018\/01\/alubia_morada_5kg.jpg","type":"image\/jpeg"}],"twitter_card":"summary_large_image","schema":{"@context":"https:\/\/schema.org","@graph":[{"@type":"WebPage","@id":"https:\/\/legumbresmartinez.es\/fr\/producto\/haricot-rouge\/","url":"https:\/\/legumbresmartinez.es\/fr\/producto\/haricot-rouge\/","name":"Haricot Rouge - Legumbres Martinez - Tradici\u00f3n familiar","isPartOf":{"@id":"https:\/\/legumbresmartinez.es\/#website"},"primaryImageOfPage":{"@id":"https:\/\/legumbresmartinez.es\/fr\/producto\/haricot-rouge\/#primaryimage"},"image":{"@id":"https:\/\/legumbresmartinez.es\/fr\/producto\/haricot-rouge\/#primaryimage"},"thumbnailUrl":"https:\/\/legumbresmartinez.es\/wp-content\/uploads\/2018\/01\/alubia_morada_5kg.jpg","datePublished":"2018-01-08T13:55:59+00:00","breadcrumb":{"@id":"https:\/\/legumbresmartinez.es\/fr\/producto\/haricot-rouge\/#breadcrumb"},"inLanguage":"fr-FR","potentialAction":[{"@type":"ReadAction","target":["https:\/\/legumbresmartinez.es\/fr\/producto\/haricot-rouge\/"]}]},{"@type":"ImageObject","inLanguage":"fr-FR","@id":"https:\/\/legumbresmartinez.es\/fr\/producto\/haricot-rouge\/#primaryimage","url":"https:\/\/legumbresmartinez.es\/wp-content\/uploads\/2018\/01\/alubia_morada_5kg.jpg","contentUrl":"https:\/\/legumbresmartinez.es\/wp-content\/uploads\/2018\/01\/alubia_morada_5kg.jpg","width":1000,"height":1000,"caption":"haricot rouge 5kg"},{"@type":"BreadcrumbList","@id":"https:\/\/legumbresmartinez.es\/fr\/producto\/haricot-rouge\/#breadcrumb","itemListElement":[{"@type":"ListItem","position":1,"name":"Portada","item":"https:\/\/legumbresmartinez.es\/"},{"@type":"ListItem","position":2,"name":"Boutique","item":"https:\/\/legumbresmartinez.es\/fr\/boutique\/"},{"@type":"ListItem","position":3,"name":"Haricot Rouge"}]},{"@type":"WebSite","@id":"https:\/\/legumbresmartinez.es\/#website","url":"https:\/\/legumbresmartinez.es\/","name":"Legumbres Martinez - Tradici\u00f3n familiar","description":"Selecci\u00f3n de las mejores legumbres de Castilla - La Mancha, Castilla y Le\u00f3n, Andaluc\u00eda y otras procedencias","publisher":{"@id":"https:\/\/legumbresmartinez.es\/#organization"},"potentialAction":[{"@type":"SearchAction","target":{"@type":"EntryPoint","urlTemplate":"https:\/\/legumbresmartinez.es\/?s={search_term_string}"},"query-input":{"@type":"PropertyValueSpecification","valueRequired":true,"valueName":"search_term_string"}}],"inLanguage":"fr-FR"},{"@type":"Organization","@id":"https:\/\/legumbresmartinez.es\/#organization","name":"Legumbres Mart\u00ednez","url":"https:\/\/legumbresmartinez.es\/","logo":{"@type":"ImageObject","inLanguage":"fr-FR","@id":"https:\/\/legumbresmartinez.es\/#\/schema\/logo\/image\/","url":"https:\/\/legumbresmartinez.es\/wp-content\/uploads\/2018\/02\/logotipo-legumbres-gines-martinez.png","contentUrl":"https:\/\/legumbresmartinez.es\/wp-content\/uploads\/2018\/02\/logotipo-legumbres-gines-martinez.png","width":214,"height":181,"caption":"Legumbres Mart\u00ednez"},"image":{"@id":"https:\/\/legumbresmartinez.es\/#\/schema\/logo\/image\/"}}]}},"_links":{"self":[{"href":"https:\/\/legumbresmartinez.es\/fr\/wp-json\/wp\/v2\/product\/3561","targetHints":{"allow":["GET"]}}],"collection":[{"href":"https:\/\/legumbresmartinez.es\/fr\/wp-json\/wp\/v2\/product"}],"about":[{"href":"https:\/\/legumbresmartinez.es\/fr\/wp-json\/wp\/v2\/types\/product"}],"replies":[{"embeddable":true,"href":"https:\/\/legumbresmartinez.es\/fr\/wp-json\/wp\/v2\/comments?post=3561"}],"wp:featuredmedia":[{"embeddable":true,"href":"https:\/\/legumbresmartinez.es\/fr\/wp-json\/wp\/v2\/media\/1910"}],"wp:attachment":[{"href":"https:\/\/legumbresmartinez.es\/fr\/wp-json\/wp\/v2\/media?parent=3561"}],"wp:term":[{"taxonomy":"product_brand","embeddable":true,"href":"https:\/\/legumbresmartinez.es\/fr\/wp-json\/wp\/v2\/product_brand?post=3561"},{"taxonomy":"product_cat","embeddable":true,"href":"https:\/\/legumbresmartinez.es\/fr\/wp-json\/wp\/v2\/product_cat?post=3561"},{"taxonomy":"product_tag","embeddable":true,"href":"https:\/\/legumbresmartinez.es\/fr\/wp-json\/wp\/v2\/product_tag?post=3561"}],"curies":[{"name":"wp","href":"https:\/\/api.w.org\/{rel}","templated":true}]}}